{"id":1652,"date":"2021-10-18T05:42:23","date_gmt":"2021-10-18T05:42:23","guid":{"rendered":"https:\/\/eyrsecurity.com\/?post_type=product&#038;p=1652"},"modified":"2021-10-25T04:54:24","modified_gmt":"2021-10-25T04:54:24","slug":"casaca-corporativa","status":"publish","type":"product","link":"https:\/\/eyrsecurity.com\/?product=casaca-corporativa","title":{"rendered":"CASACA CORPORATIVA"},"content":{"rendered":"<h5>Caracter\u00edsticas<\/h5>\n<p>Con manga rangla y capucha retirable con cinta reflectiva y relleno thinsulate y forro polar.<\/p>\n<p><em><strong>Logo de la empresa bordado a solicitud del cliente.<\/strong><\/em><\/p>\n<p><strong>(OPCIONAL) Cintas de 2 pulgadas:<\/strong><\/p>\n<ul>\n<li>Cinta coreana<\/li>\n<li>Cinta china<\/li>\n<li>Cinta reflectiva 3M<\/li>\n<\/ul>\n<p><strong>NOTA:<\/strong> Las tallas XXL y XXXL se deben solicitar con anticipaci\u00f3n. Si desea\u00a0adquirir el producto en otro color, se debe comunicar a la central que aparece abajo o enviar un correo.<\/p>\n","protected":false},"excerpt":{"rendered":"<p>Casaca confeccionada en tela hipora (impermeable y repelente al agua) con forro de polar.\u00a0 Aplicaci\u00f3n de cinta reflectiva con capucha desmontable y pu\u00f1os el\u00e1sticos.<\/p>\n<h5>Logo de la empresa bordado a solicitud del cliente.<\/h5>\n","protected":false},"featured_media":2562,"comment_status":"open","ping_status":"closed","template":"","meta":{"site-sidebar-layout":"default","site-content-layout":"default","ast-main-header-display":"","ast-hfb-above-header-display":"","ast-hfb-below-header-display":"","ast-hfb-mobile-header-display":"","site-post-title":"","ast-breadcrumbs-content":"","ast-featured-img":"","footer-sml-layout":"","theme-transparent-header-meta":"default","adv-header-id-meta":"","stick-header-meta":"","header-above-stick-meta":"","header-main-stick-meta":"","header-below-stick-meta":""},"product_brand":[],"product_cat":[33],"product_tag":[],"class_list":{"0":"post-1652","1":"product","2":"type-product","3":"status-publish","4":"has-post-thumbnail","6":"product_cat-ropa-de-seguridad","8":"first","9":"instock","10":"shipping-taxable","11":"product-type-simple"},"_links":{"self":[{"href":"https:\/\/eyrsecurity.com\/index.php?rest_route=\/wp\/v2\/product\/1652","targetHints":{"allow":["GET"]}}],"collection":[{"href":"https:\/\/eyrsecurity.com\/index.php?rest_route=\/wp\/v2\/product"}],"about":[{"href":"https:\/\/eyrsecurity.com\/index.php?rest_route=\/wp\/v2\/types\/product"}],"replies":[{"embeddable":true,"href":"https:\/\/eyrsecurity.com\/index.php?rest_route=%2Fwp%2Fv2%2Fcomments&post=1652"}],"wp:featuredmedia":[{"embeddable":true,"href":"https:\/\/eyrsecurity.com\/index.php?rest_route=\/wp\/v2\/media\/2562"}],"wp:attachment":[{"href":"https:\/\/eyrsecurity.com\/index.php?rest_route=%2Fwp%2Fv2%2Fmedia&parent=1652"}],"wp:term":[{"taxonomy":"product_brand","embeddable":true,"href":"https:\/\/eyrsecurity.com\/index.php?rest_route=%2Fwp%2Fv2%2Fproduct_brand&post=1652"},{"taxonomy":"product_cat","embeddable":true,"href":"https:\/\/eyrsecurity.com\/index.php?rest_route=%2Fwp%2Fv2%2Fproduct_cat&post=1652"},{"taxonomy":"product_tag","embeddable":true,"href":"https:\/\/eyrsecurity.com\/index.php?rest_route=%2Fwp%2Fv2%2Fproduct_tag&post=1652"}],"curies":[{"name":"wp","href":"https:\/\/api.w.org\/{rel}","templated":true}]}}