{"id":1640,"date":"2021-10-18T05:42:20","date_gmt":"2021-10-18T05:42:20","guid":{"rendered":"https:\/\/eyrsecurity.com\/?post_type=product&#038;p=1640"},"modified":"2022-01-20T04:23:21","modified_gmt":"2022-01-20T04:23:21","slug":"visor-claro-clute","status":"publish","type":"product","link":"https:\/\/eyrsecurity.com\/?product=visor-claro-clute","title":{"rendered":"VISOR CLARO CLUTE"},"content":{"rendered":"<h4>Caracter\u00edsticas<\/h4>\n<ul>\n<li>Visor fabricado en l\u00e1mina de policarbonato de alta transparencia.<\/li>\n<li>Resistente a altas temperaturas, impactos, l\u00edquidos corrosivos e irritantes.<\/li>\n<li>Posee filtro UV.<\/li>\n<li>Medidas de 8\u201d x 15\u201d<\/li>\n<li>Espesor de 1 mm.<\/li>\n<li>Presentaci\u00f3n: C\/S filo de aluminio<\/li>\n<li>Certificaci\u00f3n ANSI z87.1<\/li>\n<\/ul>\n","protected":false},"excerpt":{"rendered":"<p>Visor fabricado con policarbonato, alta resistencia a los impactos y cambios de temperatura. Brinda un amplio rango de visi\u00f3n y protecci\u00f3n. Ligero y f\u00e1cil de limpiar.<\/p>\n","protected":false},"featured_media":2768,"comment_status":"open","ping_status":"closed","template":"","meta":{"site-sidebar-layout":"default","site-content-layout":"default","ast-main-header-display":"","ast-hfb-above-header-display":"","ast-hfb-below-header-display":"","ast-hfb-mobile-header-display":"","site-post-title":"","ast-breadcrumbs-content":"","ast-featured-img":"","footer-sml-layout":"","theme-transparent-header-meta":"default","adv-header-id-meta":"","stick-header-meta":"","header-above-stick-meta":"","header-main-stick-meta":"","header-below-stick-meta":""},"product_brand":[],"product_cat":[23],"product_tag":[],"class_list":{"0":"post-1640","1":"product","2":"type-product","3":"status-publish","4":"has-post-thumbnail","6":"product_cat-proteccion-visual-y-facial","8":"first","9":"instock","10":"shipping-taxable","11":"product-type-simple"},"_links":{"self":[{"href":"https:\/\/eyrsecurity.com\/index.php?rest_route=\/wp\/v2\/product\/1640","targetHints":{"allow":["GET"]}}],"collection":[{"href":"https:\/\/eyrsecurity.com\/index.php?rest_route=\/wp\/v2\/product"}],"about":[{"href":"https:\/\/eyrsecurity.com\/index.php?rest_route=\/wp\/v2\/types\/product"}],"replies":[{"embeddable":true,"href":"https:\/\/eyrsecurity.com\/index.php?rest_route=%2Fwp%2Fv2%2Fcomments&post=1640"}],"wp:featuredmedia":[{"embeddable":true,"href":"https:\/\/eyrsecurity.com\/index.php?rest_route=\/wp\/v2\/media\/2768"}],"wp:attachment":[{"href":"https:\/\/eyrsecurity.com\/index.php?rest_route=%2Fwp%2Fv2%2Fmedia&parent=1640"}],"wp:term":[{"taxonomy":"product_brand","embeddable":true,"href":"https:\/\/eyrsecurity.com\/index.php?rest_route=%2Fwp%2Fv2%2Fproduct_brand&post=1640"},{"taxonomy":"product_cat","embeddable":true,"href":"https:\/\/eyrsecurity.com\/index.php?rest_route=%2Fwp%2Fv2%2Fproduct_cat&post=1640"},{"taxonomy":"product_tag","embeddable":true,"href":"https:\/\/eyrsecurity.com\/index.php?rest_route=%2Fwp%2Fv2%2Fproduct_tag&post=1640"}],"curies":[{"name":"wp","href":"https:\/\/api.w.org\/{rel}","templated":true}]}}