{"id":1638,"date":"2021-10-18T05:42:20","date_gmt":"2021-10-18T05:42:20","guid":{"rendered":"https:\/\/eyrsecurity.com\/?post_type=product&#038;p=1638"},"modified":"2022-01-21T06:18:09","modified_gmt":"2022-01-21T06:18:09","slug":"visor-i-1-claro-polycarbonato-steelpro","status":"publish","type":"product","link":"https:\/\/eyrsecurity.com\/?product=visor-i-1-claro-polycarbonato-steelpro","title":{"rendered":"VISOR I-1 CLARO POLYCARBONATO STEELPRO"},"content":{"rendered":"<h4>Caracter\u00edsticas<\/h4>\n<p>\u2022 Fabricado en l\u00e1mina de policarbonato 1mm.<br \/>\n\u2022 Resistente a impactos, a l\u00edquidos corrosivos e irritantes<br \/>\n\u2022 Posee filtro UV.<\/p>\n","protected":false},"excerpt":{"rendered":"<p>Fabricado en Policarbonato Oftalmico, material liviano y resistente a impactos. Este visor permite proteger el rostro de salpicaduras qu\u00edmicas y proyecci\u00f3n de part\u00edculas.Conformidad completa con Normativa ANSI<\/p>\n","protected":false},"featured_media":2769,"comment_status":"open","ping_status":"closed","template":"","meta":{"site-sidebar-layout":"default","site-content-layout":"default","ast-main-header-display":"","ast-hfb-above-header-display":"","ast-hfb-below-header-display":"","ast-hfb-mobile-header-display":"","site-post-title":"","ast-breadcrumbs-content":"","ast-featured-img":"","footer-sml-layout":"","theme-transparent-header-meta":"default","adv-header-id-meta":"","stick-header-meta":"","header-above-stick-meta":"","header-main-stick-meta":"","header-below-stick-meta":""},"product_brand":[],"product_cat":[23],"product_tag":[],"class_list":{"0":"post-1638","1":"product","2":"type-product","3":"status-publish","4":"has-post-thumbnail","6":"product_cat-proteccion-visual-y-facial","8":"first","9":"instock","10":"shipping-taxable","11":"product-type-simple"},"_links":{"self":[{"href":"https:\/\/eyrsecurity.com\/index.php?rest_route=\/wp\/v2\/product\/1638","targetHints":{"allow":["GET"]}}],"collection":[{"href":"https:\/\/eyrsecurity.com\/index.php?rest_route=\/wp\/v2\/product"}],"about":[{"href":"https:\/\/eyrsecurity.com\/index.php?rest_route=\/wp\/v2\/types\/product"}],"replies":[{"embeddable":true,"href":"https:\/\/eyrsecurity.com\/index.php?rest_route=%2Fwp%2Fv2%2Fcomments&post=1638"}],"wp:featuredmedia":[{"embeddable":true,"href":"https:\/\/eyrsecurity.com\/index.php?rest_route=\/wp\/v2\/media\/2769"}],"wp:attachment":[{"href":"https:\/\/eyrsecurity.com\/index.php?rest_route=%2Fwp%2Fv2%2Fmedia&parent=1638"}],"wp:term":[{"taxonomy":"product_brand","embeddable":true,"href":"https:\/\/eyrsecurity.com\/index.php?rest_route=%2Fwp%2Fv2%2Fproduct_brand&post=1638"},{"taxonomy":"product_cat","embeddable":true,"href":"https:\/\/eyrsecurity.com\/index.php?rest_route=%2Fwp%2Fv2%2Fproduct_cat&post=1638"},{"taxonomy":"product_tag","embeddable":true,"href":"https:\/\/eyrsecurity.com\/index.php?rest_route=%2Fwp%2Fv2%2Fproduct_tag&post=1638"}],"curies":[{"name":"wp","href":"https:\/\/api.w.org\/{rel}","templated":true}]}}