{"id":1637,"date":"2021-10-18T05:42:20","date_gmt":"2021-10-18T05:42:20","guid":{"rendered":"https:\/\/eyrsecurity.com\/?post_type=product&#038;p=1637"},"modified":"2022-01-21T06:40:52","modified_gmt":"2022-01-21T06:40:52","slug":"adaptador-plastico-porta-visor-steelpro","status":"publish","type":"product","link":"https:\/\/eyrsecurity.com\/?product=adaptador-plastico-porta-visor-steelpro","title":{"rendered":"ADAPTADOR PL\u00c1STICO PORTA VISOR STEELPRO"},"content":{"rendered":"<h4>Aplicaciones<\/h4>\n<p>Sirve para trabajos metalmec\u00e1nicos, de corte y pulido, fundiciones en horno, forja, tratamientos t\u00e9rmicos, secado de pintura, miner\u00eda, construcci\u00f3n, talleres mec\u00e1nicos y aserraderos.<\/p>\n","protected":false},"excerpt":{"rendered":"<p>Adaptador de pl\u00e1stico Steelpro, liviano que permite adosar al casco el visor de manera c\u00f3moda y ajustada para trabajos con proyecci\u00f3n de part\u00edculas, chispas, etc.<\/p>\n<p>Material: Pl\u00e1stico.<\/p>\n","protected":false},"featured_media":2944,"comment_status":"open","ping_status":"closed","template":"","meta":{"site-sidebar-layout":"default","site-content-layout":"default","ast-main-header-display":"","ast-hfb-above-header-display":"","ast-hfb-below-header-display":"","ast-hfb-mobile-header-display":"","site-post-title":"","ast-breadcrumbs-content":"","ast-featured-img":"","footer-sml-layout":"","theme-transparent-header-meta":"default","adv-header-id-meta":"","stick-header-meta":"","header-above-stick-meta":"","header-main-stick-meta":"","header-below-stick-meta":""},"product_brand":[],"product_cat":[23],"product_tag":[],"class_list":{"0":"post-1637","1":"product","2":"type-product","3":"status-publish","4":"has-post-thumbnail","6":"product_cat-proteccion-visual-y-facial","8":"first","9":"instock","10":"shipping-taxable","11":"product-type-simple"},"_links":{"self":[{"href":"https:\/\/eyrsecurity.com\/index.php?rest_route=\/wp\/v2\/product\/1637","targetHints":{"allow":["GET"]}}],"collection":[{"href":"https:\/\/eyrsecurity.com\/index.php?rest_route=\/wp\/v2\/product"}],"about":[{"href":"https:\/\/eyrsecurity.com\/index.php?rest_route=\/wp\/v2\/types\/product"}],"replies":[{"embeddable":true,"href":"https:\/\/eyrsecurity.com\/index.php?rest_route=%2Fwp%2Fv2%2Fcomments&post=1637"}],"wp:featuredmedia":[{"embeddable":true,"href":"https:\/\/eyrsecurity.com\/index.php?rest_route=\/wp\/v2\/media\/2944"}],"wp:attachment":[{"href":"https:\/\/eyrsecurity.com\/index.php?rest_route=%2Fwp%2Fv2%2Fmedia&parent=1637"}],"wp:term":[{"taxonomy":"product_brand","embeddable":true,"href":"https:\/\/eyrsecurity.com\/index.php?rest_route=%2Fwp%2Fv2%2Fproduct_brand&post=1637"},{"taxonomy":"product_cat","embeddable":true,"href":"https:\/\/eyrsecurity.com\/index.php?rest_route=%2Fwp%2Fv2%2Fproduct_cat&post=1637"},{"taxonomy":"product_tag","embeddable":true,"href":"https:\/\/eyrsecurity.com\/index.php?rest_route=%2Fwp%2Fv2%2Fproduct_tag&post=1637"}],"curies":[{"name":"wp","href":"https:\/\/api.w.org\/{rel}","templated":true}]}}