{"id":1630,"date":"2021-10-18T05:42:20","date_gmt":"2021-10-18T05:42:20","guid":{"rendered":"https:\/\/eyrsecurity.com\/?post_type=product&#038;p=1630"},"modified":"2021-10-18T06:30:11","modified_gmt":"2021-10-18T06:30:11","slug":"barbiquejo-clute","status":"publish","type":"product","link":"https:\/\/eyrsecurity.com\/?product=barbiquejo-clute","title":{"rendered":"BARBIQUEJO CLUTE"},"content":{"rendered":"<h4 class=\"title-tab\">Descripci\u00f3n<\/h4>\n<ul>\n<li>Se usa para trabajos en altura o con fuerte viento, mejorando su estabilidad.<\/li>\n<li>Est\u00e1n dise\u00f1ados para soltarse ante una situaci\u00f3n que lo requiera, evitando el estrangulamiento.<\/li>\n<li>Cinta el\u00e1stica negra con regulador y gancho pl\u00e1stico, que permite adaptarse a cualquier marca de casco, mentorera suave y agujeros de ventilaci\u00f3n.<\/li>\n<li>El barbiquejo permite fijar el casco a la cabeza.<\/li>\n<\/ul>\n","protected":false},"excerpt":{"rendered":"<p>Barbiquejos clute para cascos de seguridad con mentonera y gancho plastico (diel\u00e9ctrico), para casco tipo Minero y jockey.<\/p>\n","protected":false},"featured_media":1719,"comment_status":"open","ping_status":"closed","template":"","meta":{"site-sidebar-layout":"default","site-content-layout":"default","ast-main-header-display":"","ast-hfb-above-header-display":"","ast-hfb-below-header-display":"","ast-hfb-mobile-header-display":"","site-post-title":"","ast-breadcrumbs-content":"","ast-featured-img":"","footer-sml-layout":"","theme-transparent-header-meta":"default","adv-header-id-meta":"","stick-header-meta":"","header-above-stick-meta":"","header-main-stick-meta":"","header-below-stick-meta":""},"product_brand":[],"product_cat":[20],"product_tag":[],"class_list":{"0":"post-1630","1":"product","2":"type-product","3":"status-publish","4":"has-post-thumbnail","6":"product_cat-proteccion-a-la-cabeza","8":"first","9":"instock","10":"shipping-taxable","11":"product-type-simple"},"_links":{"self":[{"href":"https:\/\/eyrsecurity.com\/index.php?rest_route=\/wp\/v2\/product\/1630","targetHints":{"allow":["GET"]}}],"collection":[{"href":"https:\/\/eyrsecurity.com\/index.php?rest_route=\/wp\/v2\/product"}],"about":[{"href":"https:\/\/eyrsecurity.com\/index.php?rest_route=\/wp\/v2\/types\/product"}],"replies":[{"embeddable":true,"href":"https:\/\/eyrsecurity.com\/index.php?rest_route=%2Fwp%2Fv2%2Fcomments&post=1630"}],"wp:featuredmedia":[{"embeddable":true,"href":"https:\/\/eyrsecurity.com\/index.php?rest_route=\/wp\/v2\/media\/1719"}],"wp:attachment":[{"href":"https:\/\/eyrsecurity.com\/index.php?rest_route=%2Fwp%2Fv2%2Fmedia&parent=1630"}],"wp:term":[{"taxonomy":"product_brand","embeddable":true,"href":"https:\/\/eyrsecurity.com\/index.php?rest_route=%2Fwp%2Fv2%2Fproduct_brand&post=1630"},{"taxonomy":"product_cat","embeddable":true,"href":"https:\/\/eyrsecurity.com\/index.php?rest_route=%2Fwp%2Fv2%2Fproduct_cat&post=1630"},{"taxonomy":"product_tag","embeddable":true,"href":"https:\/\/eyrsecurity.com\/index.php?rest_route=%2Fwp%2Fv2%2Fproduct_tag&post=1630"}],"curies":[{"name":"wp","href":"https:\/\/api.w.org\/{rel}","templated":true}]}}