{"id":1622,"date":"2021-10-18T05:42:20","date_gmt":"2021-10-18T05:42:20","guid":{"rendered":"https:\/\/eyrsecurity.com\/?post_type=product&#038;p=1622"},"modified":"2021-10-25T04:55:58","modified_gmt":"2021-10-25T04:55:58","slug":"chaleco-multibolsillos-sierra-2-delta-plus","status":"publish","type":"product","link":"https:\/\/eyrsecurity.com\/?product=chaleco-multibolsillos-sierra-2-delta-plus","title":{"rendered":"CHALECO MULTIBOLSILLOS SIERRA 2 DELTA PLUS"},"content":{"rendered":"<p>TELA<\/p>\n<p>Tela 65% poli\u00e9ster 35% algod\u00f3n acolchado.<br \/>\nForro Tafet\u00e1n poli\u00e9ster acolchado de algod\u00f3n.<br \/>\nCOLOR<br \/>\nAzul marino, Azul marino-Naranja, Azul marino-Rojo, Gris-Verde<br \/>\nTALLA<br \/>\nS, M, L, XL, XXL, 3XL<\/p>\n","protected":false},"excerpt":{"rendered":"<section class=\"blocContenu blocContenu-first\">\n<div>Chaleco multibolsillos (Combinado con gama PANOSTYLE). Cierre por cremallera antifr\u00edo. Cintura el\u00e1stica en lados. 9 bolsillos.<\/div>\n<\/section>\n","protected":false},"featured_media":2623,"comment_status":"open","ping_status":"closed","template":"","meta":{"site-sidebar-layout":"default","site-content-layout":"default","ast-main-header-display":"","ast-hfb-above-header-display":"","ast-hfb-below-header-display":"","ast-hfb-mobile-header-display":"","site-post-title":"","ast-breadcrumbs-content":"","ast-featured-img":"","footer-sml-layout":"","theme-transparent-header-meta":"default","adv-header-id-meta":"","stick-header-meta":"","header-above-stick-meta":"","header-main-stick-meta":"","header-below-stick-meta":""},"product_brand":[],"product_cat":[33],"product_tag":[],"class_list":{"0":"post-1622","1":"product","2":"type-product","3":"status-publish","4":"has-post-thumbnail","6":"product_cat-ropa-de-seguridad","8":"first","9":"instock","10":"shipping-taxable","11":"product-type-simple"},"_links":{"self":[{"href":"https:\/\/eyrsecurity.com\/index.php?rest_route=\/wp\/v2\/product\/1622","targetHints":{"allow":["GET"]}}],"collection":[{"href":"https:\/\/eyrsecurity.com\/index.php?rest_route=\/wp\/v2\/product"}],"about":[{"href":"https:\/\/eyrsecurity.com\/index.php?rest_route=\/wp\/v2\/types\/product"}],"replies":[{"embeddable":true,"href":"https:\/\/eyrsecurity.com\/index.php?rest_route=%2Fwp%2Fv2%2Fcomments&post=1622"}],"wp:featuredmedia":[{"embeddable":true,"href":"https:\/\/eyrsecurity.com\/index.php?rest_route=\/wp\/v2\/media\/2623"}],"wp:attachment":[{"href":"https:\/\/eyrsecurity.com\/index.php?rest_route=%2Fwp%2Fv2%2Fmedia&parent=1622"}],"wp:term":[{"taxonomy":"product_brand","embeddable":true,"href":"https:\/\/eyrsecurity.com\/index.php?rest_route=%2Fwp%2Fv2%2Fproduct_brand&post=1622"},{"taxonomy":"product_cat","embeddable":true,"href":"https:\/\/eyrsecurity.com\/index.php?rest_route=%2Fwp%2Fv2%2Fproduct_cat&post=1622"},{"taxonomy":"product_tag","embeddable":true,"href":"https:\/\/eyrsecurity.com\/index.php?rest_route=%2Fwp%2Fv2%2Fproduct_tag&post=1622"}],"curies":[{"name":"wp","href":"https:\/\/api.w.org\/{rel}","templated":true}]}}