{"id":1620,"date":"2021-10-18T05:42:19","date_gmt":"2021-10-18T05:42:19","guid":{"rendered":"https:\/\/eyrsecurity.com\/?post_type=product&#038;p=1620"},"modified":"2021-10-25T05:16:48","modified_gmt":"2021-10-25T05:16:48","slug":"chaleco-reflectivo-pesado-de-malla-clute","status":"publish","type":"product","link":"https:\/\/eyrsecurity.com\/?product=chaleco-reflectivo-pesado-de-malla-clute","title":{"rendered":"CHALECO REFLECTIVO PESADO DE MALLA CLUTE"},"content":{"rendered":"<h4>Caracter\u00edsticas<\/h4>\n<p>\u2022 Elaborado en 100% Nylon<\/p>\n<p>\u2022 Costuras reforzadas y cierre con velcro<\/p>\n<p>\u2022 Peso: 120 gr.<\/p>\n<p>\u2022 Certificaciones: CE EN 471<\/p>\n<p>COLORES: Amarillo y Naranja<\/p>\n","protected":false},"excerpt":{"rendered":"<p>El chaleco reflectivo de CLUTE est\u00e1 especialmente pensado para poder ser visto a gran distancia.<\/p>\n<p>Esta prenda de protecci\u00f3n de usuario se\u00f1alizar\u00e1 la presencia del mismo en la mayor\u00eda de los entornos urbanos y rurales a la luz diurna y baja iluminaci\u00f3n de cualquier fuente de luz artificial en la oscuridad y condiciones nocturnas.<\/p>\n","protected":false},"featured_media":2573,"comment_status":"open","ping_status":"closed","template":"","meta":{"site-sidebar-layout":"default","site-content-layout":"default","ast-main-header-display":"","ast-hfb-above-header-display":"","ast-hfb-below-header-display":"","ast-hfb-mobile-header-display":"","site-post-title":"","ast-breadcrumbs-content":"","ast-featured-img":"","footer-sml-layout":"","theme-transparent-header-meta":"default","adv-header-id-meta":"","stick-header-meta":"","header-above-stick-meta":"","header-main-stick-meta":"","header-below-stick-meta":""},"product_brand":[],"product_cat":[33],"product_tag":[],"class_list":{"0":"post-1620","1":"product","2":"type-product","3":"status-publish","4":"has-post-thumbnail","6":"product_cat-ropa-de-seguridad","8":"first","9":"instock","10":"shipping-taxable","11":"product-type-simple"},"_links":{"self":[{"href":"https:\/\/eyrsecurity.com\/index.php?rest_route=\/wp\/v2\/product\/1620","targetHints":{"allow":["GET"]}}],"collection":[{"href":"https:\/\/eyrsecurity.com\/index.php?rest_route=\/wp\/v2\/product"}],"about":[{"href":"https:\/\/eyrsecurity.com\/index.php?rest_route=\/wp\/v2\/types\/product"}],"replies":[{"embeddable":true,"href":"https:\/\/eyrsecurity.com\/index.php?rest_route=%2Fwp%2Fv2%2Fcomments&post=1620"}],"wp:featuredmedia":[{"embeddable":true,"href":"https:\/\/eyrsecurity.com\/index.php?rest_route=\/wp\/v2\/media\/2573"}],"wp:attachment":[{"href":"https:\/\/eyrsecurity.com\/index.php?rest_route=%2Fwp%2Fv2%2Fmedia&parent=1620"}],"wp:term":[{"taxonomy":"product_brand","embeddable":true,"href":"https:\/\/eyrsecurity.com\/index.php?rest_route=%2Fwp%2Fv2%2Fproduct_brand&post=1620"},{"taxonomy":"product_cat","embeddable":true,"href":"https:\/\/eyrsecurity.com\/index.php?rest_route=%2Fwp%2Fv2%2Fproduct_cat&post=1620"},{"taxonomy":"product_tag","embeddable":true,"href":"https:\/\/eyrsecurity.com\/index.php?rest_route=%2Fwp%2Fv2%2Fproduct_tag&post=1620"}],"curies":[{"name":"wp","href":"https:\/\/api.w.org\/{rel}","templated":true}]}}