{"id":1618,"date":"2021-10-18T05:42:19","date_gmt":"2021-10-18T05:42:19","guid":{"rendered":"https:\/\/eyrsecurity.com\/?post_type=product&#038;p=1618"},"modified":"2021-10-25T04:45:51","modified_gmt":"2021-10-25T04:45:51","slug":"impermeables-de-tela-enjebada-punto-azul","status":"publish","type":"product","link":"https:\/\/eyrsecurity.com\/?product=impermeables-de-tela-enjebada-punto-azul","title":{"rendered":"IMPERMEABLES DE TELA ENJEBADA PUNTO AZUL"},"content":{"rendered":"<h4>Especificaciones:<\/h4>\n<p>Resistencia: \u00e1cidos diluidos, abrasi\u00f3n, ruptura por tracci\u00f3n, desgarros, a altas temperaturas (60\u00ba &#8211; 100\u00ba calor) y bajas temperaturas (-10\u00ba)<br \/>\nAcabados: Costura Vulcanizadas, seguras y carentes de fisuras, broches remaches y hebillas de metal quemado inoxidable.<br \/>\nProceso: Impermeabilizaci\u00f3n de la Lona con el caucho (laminado). Vulcanizado.<br \/>\nDureza: 65 + Shore A.<br \/>\nColores: Negro, Amarillo.<\/p>\n","protected":false},"excerpt":{"rendered":"<p>Ropa de caucho natural, natural Neopreno, nitrilo, Lona Sanitizada 100 % algod\u00f3n, Broches, remaches y hebillas de metal quemado inoxdable.<\/p>\n","protected":false},"featured_media":2617,"comment_status":"open","ping_status":"closed","template":"","meta":{"site-sidebar-layout":"default","site-content-layout":"default","ast-main-header-display":"","ast-hfb-above-header-display":"","ast-hfb-below-header-display":"","ast-hfb-mobile-header-display":"","site-post-title":"","ast-breadcrumbs-content":"","ast-featured-img":"","footer-sml-layout":"","theme-transparent-header-meta":"default","adv-header-id-meta":"","stick-header-meta":"","header-above-stick-meta":"","header-main-stick-meta":"","header-below-stick-meta":""},"product_brand":[],"product_cat":[21,33],"product_tag":[],"class_list":{"0":"post-1618","1":"product","2":"type-product","3":"status-publish","4":"has-post-thumbnail","6":"product_cat-proteccion-minera","7":"product_cat-ropa-de-seguridad","9":"first","10":"instock","11":"shipping-taxable","12":"product-type-simple"},"_links":{"self":[{"href":"https:\/\/eyrsecurity.com\/index.php?rest_route=\/wp\/v2\/product\/1618","targetHints":{"allow":["GET"]}}],"collection":[{"href":"https:\/\/eyrsecurity.com\/index.php?rest_route=\/wp\/v2\/product"}],"about":[{"href":"https:\/\/eyrsecurity.com\/index.php?rest_route=\/wp\/v2\/types\/product"}],"replies":[{"embeddable":true,"href":"https:\/\/eyrsecurity.com\/index.php?rest_route=%2Fwp%2Fv2%2Fcomments&post=1618"}],"wp:featuredmedia":[{"embeddable":true,"href":"https:\/\/eyrsecurity.com\/index.php?rest_route=\/wp\/v2\/media\/2617"}],"wp:attachment":[{"href":"https:\/\/eyrsecurity.com\/index.php?rest_route=%2Fwp%2Fv2%2Fmedia&parent=1618"}],"wp:term":[{"taxonomy":"product_brand","embeddable":true,"href":"https:\/\/eyrsecurity.com\/index.php?rest_route=%2Fwp%2Fv2%2Fproduct_brand&post=1618"},{"taxonomy":"product_cat","embeddable":true,"href":"https:\/\/eyrsecurity.com\/index.php?rest_route=%2Fwp%2Fv2%2Fproduct_cat&post=1618"},{"taxonomy":"product_tag","embeddable":true,"href":"https:\/\/eyrsecurity.com\/index.php?rest_route=%2Fwp%2Fv2%2Fproduct_tag&post=1618"}],"curies":[{"name":"wp","href":"https:\/\/api.w.org\/{rel}","templated":true}]}}