{"id":1616,"date":"2021-10-18T05:42:19","date_gmt":"2021-10-18T05:42:19","guid":{"rendered":"https:\/\/eyrsecurity.com\/?post_type=product&#038;p=1616"},"modified":"2021-10-25T04:47:38","modified_gmt":"2021-10-25T04:47:38","slug":"abrigo-capotin-pvc-colores-varios-anluc-clute","status":"publish","type":"product","link":"https:\/\/eyrsecurity.com\/?product=abrigo-capotin-pvc-colores-varios-anluc-clute","title":{"rendered":"ABRIGO CAPOTIN PVC COLORES VARIOS ANLUC CLUTE"},"content":{"rendered":"<h4>Caracter\u00edsticas<\/h4>\n<ul>\n<li>Fabricado en PVC\/Poli\u00e9ster\/PVC.<\/li>\n<li>Espesor del material disponible en 0.32mm en todos los colores y 0.42mm en naranja y amarillo.<\/li>\n<li>Capucha para protecci\u00f3n del \u00e1rea de la cabeza con cord\u00f3n de ajuste.<\/li>\n<li>2 bolsillos delanteros.<\/li>\n<li>4 broches para mayor protecci\u00f3n y ajuste.<\/li>\n<\/ul>\n<p>COLORES: amarillo, naranja, verde y azul.<\/p>\n","protected":false},"excerpt":{"rendered":"<p>Protecci\u00f3n para la lluvia y dem\u00e1s actividades con el agua.<\/p>\n","protected":false},"featured_media":2556,"comment_status":"open","ping_status":"closed","template":"","meta":{"site-sidebar-layout":"default","site-content-layout":"default","ast-main-header-display":"","ast-hfb-above-header-display":"","ast-hfb-below-header-display":"","ast-hfb-mobile-header-display":"","site-post-title":"","ast-breadcrumbs-content":"","ast-featured-img":"","footer-sml-layout":"","theme-transparent-header-meta":"default","adv-header-id-meta":"","stick-header-meta":"","header-above-stick-meta":"","header-main-stick-meta":"","header-below-stick-meta":""},"product_brand":[],"product_cat":[33],"product_tag":[],"class_list":{"0":"post-1616","1":"product","2":"type-product","3":"status-publish","4":"has-post-thumbnail","6":"product_cat-ropa-de-seguridad","8":"first","9":"instock","10":"shipping-taxable","11":"product-type-simple"},"_links":{"self":[{"href":"https:\/\/eyrsecurity.com\/index.php?rest_route=\/wp\/v2\/product\/1616","targetHints":{"allow":["GET"]}}],"collection":[{"href":"https:\/\/eyrsecurity.com\/index.php?rest_route=\/wp\/v2\/product"}],"about":[{"href":"https:\/\/eyrsecurity.com\/index.php?rest_route=\/wp\/v2\/types\/product"}],"replies":[{"embeddable":true,"href":"https:\/\/eyrsecurity.com\/index.php?rest_route=%2Fwp%2Fv2%2Fcomments&post=1616"}],"wp:featuredmedia":[{"embeddable":true,"href":"https:\/\/eyrsecurity.com\/index.php?rest_route=\/wp\/v2\/media\/2556"}],"wp:attachment":[{"href":"https:\/\/eyrsecurity.com\/index.php?rest_route=%2Fwp%2Fv2%2Fmedia&parent=1616"}],"wp:term":[{"taxonomy":"product_brand","embeddable":true,"href":"https:\/\/eyrsecurity.com\/index.php?rest_route=%2Fwp%2Fv2%2Fproduct_brand&post=1616"},{"taxonomy":"product_cat","embeddable":true,"href":"https:\/\/eyrsecurity.com\/index.php?rest_route=%2Fwp%2Fv2%2Fproduct_cat&post=1616"},{"taxonomy":"product_tag","embeddable":true,"href":"https:\/\/eyrsecurity.com\/index.php?rest_route=%2Fwp%2Fv2%2Fproduct_tag&post=1616"}],"curies":[{"name":"wp","href":"https:\/\/api.w.org\/{rel}","templated":true}]}}