{"id":1613,"date":"2021-10-18T05:42:17","date_gmt":"2021-10-18T05:42:17","guid":{"rendered":"https:\/\/eyrsecurity.com\/?post_type=product&#038;p=1613"},"modified":"2021-10-24T18:38:25","modified_gmt":"2021-10-24T18:38:25","slug":"guante-soldador-rojo-steelpro","status":"publish","type":"product","link":"https:\/\/eyrsecurity.com\/?product=guante-soldador-rojo-steelpro","title":{"rendered":"GUANTE SOLDADOR ROJO STEELPRO"},"content":{"rendered":"<p>\u2022 Fabricado completamente en descarne rojo, curtido al cromo<br \/>\n\u2022 Costuras protegidas<br \/>\n\u2022 Interior forrado<br \/>\n\u2022 Este guante ha sido dise\u00f1ado para ser usado exclusivamente, como protecci\u00f3n de manos, en labores de soldadura al arco.<\/p>\n","protected":false},"excerpt":{"rendered":"<p>Guantes para soldar de 14 pulgadas, cocido con hilo 100% algod\u00f3n, otorgan seguridad y confort al momento de soldar. Cuenta con refuerzos en dedos intermedios para evitar el desgaste prematuro, el dorso del guante es de una sola pieza. Evita que el guante comience a descoserse, evitar su uso en maniobras con materiales l\u00edquidos (como agua, aceite o grasa excesiva). NO usar el guante para trabajar bajo condiciones de riesgo con Qu\u00edmicos o alta tensi\u00f3n el\u00e9ctrica. Se recomienda NO usar si el guante est\u00e1 mojado, h\u00famedo, roto o descosido. No es recomendable para uso en maniobras mec\u00e1nicas<\/p>\n","protected":false},"featured_media":2334,"comment_status":"open","ping_status":"closed","template":"","meta":{"site-sidebar-layout":"default","site-content-layout":"default","ast-main-header-display":"","ast-hfb-above-header-display":"","ast-hfb-below-header-display":"","ast-hfb-mobile-header-display":"","site-post-title":"","ast-breadcrumbs-content":"","ast-featured-img":"","footer-sml-layout":"","theme-transparent-header-meta":"default","adv-header-id-meta":"","stick-header-meta":"","header-above-stick-meta":"","header-main-stick-meta":"","header-below-stick-meta":""},"product_brand":[],"product_cat":[26,32],"product_tag":[],"class_list":{"0":"post-1613","1":"product","2":"type-product","3":"status-publish","4":"has-post-thumbnail","6":"product_cat-proteccion-a-las-manos","7":"product_cat-proteccion-del-soldador","9":"first","10":"instock","11":"shipping-taxable","12":"product-type-simple"},"_links":{"self":[{"href":"https:\/\/eyrsecurity.com\/index.php?rest_route=\/wp\/v2\/product\/1613","targetHints":{"allow":["GET"]}}],"collection":[{"href":"https:\/\/eyrsecurity.com\/index.php?rest_route=\/wp\/v2\/product"}],"about":[{"href":"https:\/\/eyrsecurity.com\/index.php?rest_route=\/wp\/v2\/types\/product"}],"replies":[{"embeddable":true,"href":"https:\/\/eyrsecurity.com\/index.php?rest_route=%2Fwp%2Fv2%2Fcomments&post=1613"}],"wp:featuredmedia":[{"embeddable":true,"href":"https:\/\/eyrsecurity.com\/index.php?rest_route=\/wp\/v2\/media\/2334"}],"wp:attachment":[{"href":"https:\/\/eyrsecurity.com\/index.php?rest_route=%2Fwp%2Fv2%2Fmedia&parent=1613"}],"wp:term":[{"taxonomy":"product_brand","embeddable":true,"href":"https:\/\/eyrsecurity.com\/index.php?rest_route=%2Fwp%2Fv2%2Fproduct_brand&post=1613"},{"taxonomy":"product_cat","embeddable":true,"href":"https:\/\/eyrsecurity.com\/index.php?rest_route=%2Fwp%2Fv2%2Fproduct_cat&post=1613"},{"taxonomy":"product_tag","embeddable":true,"href":"https:\/\/eyrsecurity.com\/index.php?rest_route=%2Fwp%2Fv2%2Fproduct_tag&post=1613"}],"curies":[{"name":"wp","href":"https:\/\/api.w.org\/{rel}","templated":true}]}}