{"id":1612,"date":"2021-10-18T05:42:17","date_gmt":"2021-10-18T05:42:17","guid":{"rendered":"https:\/\/eyrsecurity.com\/?post_type=product&#038;p=1612"},"modified":"2021-10-24T18:38:08","modified_gmt":"2021-10-24T18:38:08","slug":"guante-indura-soldador-at-19","status":"publish","type":"product","link":"https:\/\/eyrsecurity.com\/?product=guante-indura-soldador-at-19","title":{"rendered":"GUANTE INDURA SOLDADOR AT-19"},"content":{"rendered":"<h4 class=\"title-tab\">Descripci\u00f3n<\/h4>\n<ul>\n<li>Guante soldador largo.<\/li>\n<li>Fabricado en cuero de descarne naranjo con forro.<\/li>\n<li>Gran protecci\u00f3n y resistencia de desgarro.<\/li>\n<li>Protecci\u00f3n de costuras en dedos y costados.<\/li>\n<li>Forro denim en pu\u00f1o.<\/li>\n<li>Costuras Kevlar.<\/li>\n<li>Ideal para trabajos de soldadura.<\/li>\n<\/ul>\n","protected":false},"excerpt":{"rendered":"<p>Este guante para soldador est\u00e1 fabricado en cuero, con un forro interno. Te otorgar\u00e1 gran protecci\u00f3n y tiene una gran resistencia al desgarro. Adem\u00e1s, tiene costuras en dedos y costados. La talla es \u00fanica. Ideal para el trabajo pesado como la soldadura, de alta exigencia y alto niveles de protecci\u00f3n.<\/p>\n","protected":false},"featured_media":2379,"comment_status":"open","ping_status":"closed","template":"","meta":{"site-sidebar-layout":"default","site-content-layout":"default","ast-main-header-display":"","ast-hfb-above-header-display":"","ast-hfb-below-header-display":"","ast-hfb-mobile-header-display":"","site-post-title":"","ast-breadcrumbs-content":"","ast-featured-img":"","footer-sml-layout":"","theme-transparent-header-meta":"default","adv-header-id-meta":"","stick-header-meta":"","header-above-stick-meta":"","header-main-stick-meta":"","header-below-stick-meta":""},"product_brand":[],"product_cat":[26,32],"product_tag":[],"class_list":{"0":"post-1612","1":"product","2":"type-product","3":"status-publish","4":"has-post-thumbnail","6":"product_cat-proteccion-a-las-manos","7":"product_cat-proteccion-del-soldador","9":"first","10":"instock","11":"shipping-taxable","12":"product-type-simple"},"_links":{"self":[{"href":"https:\/\/eyrsecurity.com\/index.php?rest_route=\/wp\/v2\/product\/1612","targetHints":{"allow":["GET"]}}],"collection":[{"href":"https:\/\/eyrsecurity.com\/index.php?rest_route=\/wp\/v2\/product"}],"about":[{"href":"https:\/\/eyrsecurity.com\/index.php?rest_route=\/wp\/v2\/types\/product"}],"replies":[{"embeddable":true,"href":"https:\/\/eyrsecurity.com\/index.php?rest_route=%2Fwp%2Fv2%2Fcomments&post=1612"}],"wp:featuredmedia":[{"embeddable":true,"href":"https:\/\/eyrsecurity.com\/index.php?rest_route=\/wp\/v2\/media\/2379"}],"wp:attachment":[{"href":"https:\/\/eyrsecurity.com\/index.php?rest_route=%2Fwp%2Fv2%2Fmedia&parent=1612"}],"wp:term":[{"taxonomy":"product_brand","embeddable":true,"href":"https:\/\/eyrsecurity.com\/index.php?rest_route=%2Fwp%2Fv2%2Fproduct_brand&post=1612"},{"taxonomy":"product_cat","embeddable":true,"href":"https:\/\/eyrsecurity.com\/index.php?rest_route=%2Fwp%2Fv2%2Fproduct_cat&post=1612"},{"taxonomy":"product_tag","embeddable":true,"href":"https:\/\/eyrsecurity.com\/index.php?rest_route=%2Fwp%2Fv2%2Fproduct_tag&post=1612"}],"curies":[{"name":"wp","href":"https:\/\/api.w.org\/{rel}","templated":true}]}}