{"id":1610,"date":"2021-10-18T05:42:17","date_gmt":"2021-10-18T05:42:17","guid":{"rendered":"https:\/\/eyrsecurity.com\/?post_type=product&#038;p=1610"},"modified":"2021-10-24T18:36:26","modified_gmt":"2021-10-24T18:36:26","slug":"guante-anti-impacto-grip-a721-portwest","status":"publish","type":"product","link":"https:\/\/eyrsecurity.com\/?product=guante-anti-impacto-grip-a721-portwest","title":{"rendered":"GUANTE ANTI IMPACTO GRIP A721 PORTWEST"},"content":{"rendered":"<h4>Caracter\u00edsticas<\/h4>\n<ul>\n<li>Guante Anti Impacto Gript con Certificado CE<\/li>\n<li>Cubierta de Nitrilo esponjoso para un excelente agarre en seco y en mojado<\/li>\n<li>Guante con Gript Duradero y resistente a impactos<\/li>\n<li>Tira con cierre autoadherente para un ajuste seguro<\/li>\n<li>Soporte interior de punto de galga 13 para un perfecto ajuste<\/li>\n<li>Etiqueta expositora que ayuda a la presentaci\u00f3n para la venta en tienda<\/li>\n<li>Guante Anti Impacto Gript de Nivel A3 ANSI al corte<\/li>\n<\/ul>\n","protected":false},"excerpt":{"rendered":"<p>La nueva generaci\u00f3n de guantes de trabajo que ofrecen el m\u00e1ximo agarre con la m\u00e1xima protecci\u00f3n contra golpes. El recubrimiento de espuma de nitrilo, resistente a la abrasi\u00f3n, proporciona un excepcional agarre en contacto con agua, aceite o grasa. Soporte sin costuras, ligero y transpirable, con una tira de cierre autoadherente para un ajuste seguro durante todo el d\u00eda.<\/p>\n","protected":false},"featured_media":2326,"comment_status":"open","ping_status":"closed","template":"","meta":{"site-sidebar-layout":"default","site-content-layout":"default","ast-main-header-display":"","ast-hfb-above-header-display":"","ast-hfb-below-header-display":"","ast-hfb-mobile-header-display":"","site-post-title":"","ast-breadcrumbs-content":"","ast-featured-img":"","footer-sml-layout":"","theme-transparent-header-meta":"default","adv-header-id-meta":"","stick-header-meta":"","header-above-stick-meta":"","header-main-stick-meta":"","header-below-stick-meta":""},"product_brand":[],"product_cat":[26],"product_tag":[],"class_list":{"0":"post-1610","1":"product","2":"type-product","3":"status-publish","4":"has-post-thumbnail","6":"product_cat-proteccion-a-las-manos","8":"first","9":"instock","10":"shipping-taxable","11":"product-type-simple"},"_links":{"self":[{"href":"https:\/\/eyrsecurity.com\/index.php?rest_route=\/wp\/v2\/product\/1610","targetHints":{"allow":["GET"]}}],"collection":[{"href":"https:\/\/eyrsecurity.com\/index.php?rest_route=\/wp\/v2\/product"}],"about":[{"href":"https:\/\/eyrsecurity.com\/index.php?rest_route=\/wp\/v2\/types\/product"}],"replies":[{"embeddable":true,"href":"https:\/\/eyrsecurity.com\/index.php?rest_route=%2Fwp%2Fv2%2Fcomments&post=1610"}],"wp:featuredmedia":[{"embeddable":true,"href":"https:\/\/eyrsecurity.com\/index.php?rest_route=\/wp\/v2\/media\/2326"}],"wp:attachment":[{"href":"https:\/\/eyrsecurity.com\/index.php?rest_route=%2Fwp%2Fv2%2Fmedia&parent=1610"}],"wp:term":[{"taxonomy":"product_brand","embeddable":true,"href":"https:\/\/eyrsecurity.com\/index.php?rest_route=%2Fwp%2Fv2%2Fproduct_brand&post=1610"},{"taxonomy":"product_cat","embeddable":true,"href":"https:\/\/eyrsecurity.com\/index.php?rest_route=%2Fwp%2Fv2%2Fproduct_cat&post=1610"},{"taxonomy":"product_tag","embeddable":true,"href":"https:\/\/eyrsecurity.com\/index.php?rest_route=%2Fwp%2Fv2%2Fproduct_tag&post=1610"}],"curies":[{"name":"wp","href":"https:\/\/api.w.org\/{rel}","templated":true}]}}