{"id":1608,"date":"2021-10-18T05:42:17","date_gmt":"2021-10-18T05:42:17","guid":{"rendered":"https:\/\/eyrsecurity.com\/?post_type=product&#038;p=1608"},"modified":"2021-10-24T19:34:02","modified_gmt":"2021-10-24T19:34:02","slug":"guante-hyflex-11-727-ansell","status":"publish","type":"product","link":"https:\/\/eyrsecurity.com\/?product=guante-hyflex-11-727-ansell","title":{"rendered":"GUANTE HYFLEX 11-727 ANSELL"},"content":{"rendered":"<h4><span class=\"overline\">Caracter\u00edsticas<\/span><\/h4>\n<div class=\"details-content expand\">\n<ul>\n<li>Nivel EN 4 de protecci\u00f3n contra la abrasi\u00f3n para una mayor durabilidad del guante<\/li>\n<li>Un tejido ultraligero ideal para el ajuste de la mano que crea una sensaci\u00f3n de confort, como trabajar sin guantes<\/li>\n<li>El forro suave, ultraligero y sin costuras respira para mantener sus manos frescas, secas, y ofrece una mejor flexibilidad<\/li>\n<li>Excelente sensibilidad en los dedos con un confort superior<\/li>\n<li>Disponible tambi\u00e9n en paquetes de distribuci\u00f3n autom\u00e1tica<\/li>\n<\/ul>\n<\/div>\n","protected":false},"excerpt":{"rendered":"<p>Estos guantes resistentes a la abrasi\u00f3n ofrecen excelente flexibilidad y ajuste con altos niveles de protecci\u00f3n a cortes.<\/p>\n<p>El guante 11-727 se caracteriza por un forro ligero de galga 15 con hilos INTERCEPT\u2122 Technology que ofrecen un nivel EN 3 de protecci\u00f3n contra cortes (ANSI Nivel 2). Su forro ergon\u00f3mico y fino integra tambi\u00e9n un mayor contenido de lycra, un producto suave y fresco para la piel que aporta un confort durante toda la jornada. El revestimiento de poliuretano en la palma proporciona un agarre mejorado en entornos ligeramente engrasados para una manipulaci\u00f3n segura, y ofrece un nivel EN 4 de resistencia a la abrasi\u00f3n (ANSI Nivel 6) que confiere m\u00e1s durabilidad al guante.<\/p>\n","protected":false},"featured_media":2337,"comment_status":"open","ping_status":"closed","template":"","meta":{"site-sidebar-layout":"default","site-content-layout":"default","ast-main-header-display":"","ast-hfb-above-header-display":"","ast-hfb-below-header-display":"","ast-hfb-mobile-header-display":"","site-post-title":"","ast-breadcrumbs-content":"","ast-featured-img":"","footer-sml-layout":"","theme-transparent-header-meta":"default","adv-header-id-meta":"","stick-header-meta":"","header-above-stick-meta":"","header-main-stick-meta":"","header-below-stick-meta":""},"product_brand":[],"product_cat":[26],"product_tag":[],"class_list":{"0":"post-1608","1":"product","2":"type-product","3":"status-publish","4":"has-post-thumbnail","6":"product_cat-proteccion-a-las-manos","8":"first","9":"instock","10":"shipping-taxable","11":"product-type-simple"},"_links":{"self":[{"href":"https:\/\/eyrsecurity.com\/index.php?rest_route=\/wp\/v2\/product\/1608","targetHints":{"allow":["GET"]}}],"collection":[{"href":"https:\/\/eyrsecurity.com\/index.php?rest_route=\/wp\/v2\/product"}],"about":[{"href":"https:\/\/eyrsecurity.com\/index.php?rest_route=\/wp\/v2\/types\/product"}],"replies":[{"embeddable":true,"href":"https:\/\/eyrsecurity.com\/index.php?rest_route=%2Fwp%2Fv2%2Fcomments&post=1608"}],"wp:featuredmedia":[{"embeddable":true,"href":"https:\/\/eyrsecurity.com\/index.php?rest_route=\/wp\/v2\/media\/2337"}],"wp:attachment":[{"href":"https:\/\/eyrsecurity.com\/index.php?rest_route=%2Fwp%2Fv2%2Fmedia&parent=1608"}],"wp:term":[{"taxonomy":"product_brand","embeddable":true,"href":"https:\/\/eyrsecurity.com\/index.php?rest_route=%2Fwp%2Fv2%2Fproduct_brand&post=1608"},{"taxonomy":"product_cat","embeddable":true,"href":"https:\/\/eyrsecurity.com\/index.php?rest_route=%2Fwp%2Fv2%2Fproduct_cat&post=1608"},{"taxonomy":"product_tag","embeddable":true,"href":"https:\/\/eyrsecurity.com\/index.php?rest_route=%2Fwp%2Fv2%2Fproduct_tag&post=1608"}],"curies":[{"name":"wp","href":"https:\/\/api.w.org\/{rel}","templated":true}]}}