{"id":1607,"date":"2021-10-18T05:42:17","date_gmt":"2021-10-18T05:42:17","guid":{"rendered":"https:\/\/eyrsecurity.com\/?post_type=product&#038;p=1607"},"modified":"2021-10-24T19:58:03","modified_gmt":"2021-10-24T19:58:03","slug":"guante-g-flex-cut-5-segpro","status":"publish","type":"product","link":"https:\/\/eyrsecurity.com\/?product=guante-g-flex-cut-5-segpro","title":{"rendered":"GUANTE G-FLEX CUT-5 SEGPRO"},"content":{"rendered":"<p>\u2022 Marca SEGPRO\u00a9<\/p>\n<p>\u2022 Disponible en talla: S=07 \/ M=08 \/ L=09 \/ XL=10<\/p>\n<p>\u2022 Guante de hilo tejido color gris con palma de PU color gris y ribete en pu\u00f1o, nivel de corte 5.<\/p>\n<p>\u2022 Ideal para ensamblaje de precisi\u00f3n, salas de trabajo, bodegas, manipulaci\u00f3n de partes y piezas, metal\u00fargicas, industrias de vidrio. \u00datil para trabajos donde haya riesgo de corte y se requiera resistencia a la abrasi\u00f3n y destreza con ventilaci\u00f3n dorsal.<\/p>\n<p>\u2022 Empaque: 120 pares por caja.<\/p>\n","protected":false},"excerpt":{"rendered":"<p>Guante anticorte nivel 5 recubierto de PU<\/p>\n","protected":false},"featured_media":2323,"comment_status":"open","ping_status":"closed","template":"","meta":{"site-sidebar-layout":"default","site-content-layout":"default","ast-main-header-display":"","ast-hfb-above-header-display":"","ast-hfb-below-header-display":"","ast-hfb-mobile-header-display":"","site-post-title":"","ast-breadcrumbs-content":"","ast-featured-img":"","footer-sml-layout":"","theme-transparent-header-meta":"default","adv-header-id-meta":"","stick-header-meta":"","header-above-stick-meta":"","header-main-stick-meta":"","header-below-stick-meta":""},"product_brand":[],"product_cat":[26],"product_tag":[],"class_list":{"0":"post-1607","1":"product","2":"type-product","3":"status-publish","4":"has-post-thumbnail","6":"product_cat-proteccion-a-las-manos","8":"first","9":"instock","10":"shipping-taxable","11":"product-type-simple"},"_links":{"self":[{"href":"https:\/\/eyrsecurity.com\/index.php?rest_route=\/wp\/v2\/product\/1607","targetHints":{"allow":["GET"]}}],"collection":[{"href":"https:\/\/eyrsecurity.com\/index.php?rest_route=\/wp\/v2\/product"}],"about":[{"href":"https:\/\/eyrsecurity.com\/index.php?rest_route=\/wp\/v2\/types\/product"}],"replies":[{"embeddable":true,"href":"https:\/\/eyrsecurity.com\/index.php?rest_route=%2Fwp%2Fv2%2Fcomments&post=1607"}],"wp:featuredmedia":[{"embeddable":true,"href":"https:\/\/eyrsecurity.com\/index.php?rest_route=\/wp\/v2\/media\/2323"}],"wp:attachment":[{"href":"https:\/\/eyrsecurity.com\/index.php?rest_route=%2Fwp%2Fv2%2Fmedia&parent=1607"}],"wp:term":[{"taxonomy":"product_brand","embeddable":true,"href":"https:\/\/eyrsecurity.com\/index.php?rest_route=%2Fwp%2Fv2%2Fproduct_brand&post=1607"},{"taxonomy":"product_cat","embeddable":true,"href":"https:\/\/eyrsecurity.com\/index.php?rest_route=%2Fwp%2Fv2%2Fproduct_cat&post=1607"},{"taxonomy":"product_tag","embeddable":true,"href":"https:\/\/eyrsecurity.com\/index.php?rest_route=%2Fwp%2Fv2%2Fproduct_tag&post=1607"}],"curies":[{"name":"wp","href":"https:\/\/api.w.org\/{rel}","templated":true}]}}