{"id":1604,"date":"2021-10-18T05:42:17","date_gmt":"2021-10-18T05:42:17","guid":{"rendered":"https:\/\/eyrsecurity.com\/?post_type=product&#038;p=1604"},"modified":"2021-10-24T18:36:16","modified_gmt":"2021-10-24T18:36:16","slug":"guantes-g40-nitrilo-azul","status":"publish","type":"product","link":"https:\/\/eyrsecurity.com\/?product=guantes-g40-nitrilo-azul","title":{"rendered":"GUANTES G40 NITRILO AZUL JACKSON"},"content":{"rendered":"<p>\u2022Contiene 5 paquetes por 12 pares cada uno, totalizando 60 pares por caja.<br \/>\n\u2022EN 420:2003<br \/>\n\u2022Protecci\u00f3n mec\u00e1nica EN 388:2016 (3121X)<\/p>\n","protected":false},"excerpt":{"rendered":"<p>Guantes industriales de protecci\u00f3n general dise\u00f1ados con tejido en punto de nylon, sin costuras, lo cual permite una mayor respirabilidad al usuario, libre de talco y l\u00e1tex, aplicaciones con presencia de aceite. Se caracterizan por brindar excelente comodidad, mejor ajuste y mayor destreza, ocultan la suciedad y las manchas, para una mayor productividad y durabilidad.<\/p>\n","protected":false},"featured_media":2347,"comment_status":"open","ping_status":"closed","template":"","meta":{"site-sidebar-layout":"default","site-content-layout":"default","ast-main-header-display":"","ast-hfb-above-header-display":"","ast-hfb-below-header-display":"","ast-hfb-mobile-header-display":"","site-post-title":"","ast-breadcrumbs-content":"","ast-featured-img":"","footer-sml-layout":"","theme-transparent-header-meta":"default","adv-header-id-meta":"","stick-header-meta":"","header-above-stick-meta":"","header-main-stick-meta":"","header-below-stick-meta":""},"product_brand":[],"product_cat":[26],"product_tag":[],"class_list":{"0":"post-1604","1":"product","2":"type-product","3":"status-publish","4":"has-post-thumbnail","6":"product_cat-proteccion-a-las-manos","8":"first","9":"instock","10":"shipping-taxable","11":"product-type-simple"},"_links":{"self":[{"href":"https:\/\/eyrsecurity.com\/index.php?rest_route=\/wp\/v2\/product\/1604","targetHints":{"allow":["GET"]}}],"collection":[{"href":"https:\/\/eyrsecurity.com\/index.php?rest_route=\/wp\/v2\/product"}],"about":[{"href":"https:\/\/eyrsecurity.com\/index.php?rest_route=\/wp\/v2\/types\/product"}],"replies":[{"embeddable":true,"href":"https:\/\/eyrsecurity.com\/index.php?rest_route=%2Fwp%2Fv2%2Fcomments&post=1604"}],"wp:featuredmedia":[{"embeddable":true,"href":"https:\/\/eyrsecurity.com\/index.php?rest_route=\/wp\/v2\/media\/2347"}],"wp:attachment":[{"href":"https:\/\/eyrsecurity.com\/index.php?rest_route=%2Fwp%2Fv2%2Fmedia&parent=1604"}],"wp:term":[{"taxonomy":"product_brand","embeddable":true,"href":"https:\/\/eyrsecurity.com\/index.php?rest_route=%2Fwp%2Fv2%2Fproduct_brand&post=1604"},{"taxonomy":"product_cat","embeddable":true,"href":"https:\/\/eyrsecurity.com\/index.php?rest_route=%2Fwp%2Fv2%2Fproduct_cat&post=1604"},{"taxonomy":"product_tag","embeddable":true,"href":"https:\/\/eyrsecurity.com\/index.php?rest_route=%2Fwp%2Fv2%2Fproduct_tag&post=1604"}],"curies":[{"name":"wp","href":"https:\/\/api.w.org\/{rel}","templated":true}]}}