{"id":1603,"date":"2021-10-18T05:42:16","date_gmt":"2021-10-18T05:42:16","guid":{"rendered":"https:\/\/eyrsecurity.com\/?post_type=product&#038;p=1603"},"modified":"2021-10-24T19:37:38","modified_gmt":"2021-10-24T19:37:38","slug":"guante-g-flex-segpro","status":"publish","type":"product","link":"https:\/\/eyrsecurity.com\/?product=guante-g-flex-segpro","title":{"rendered":"GUANTE G \u2013 FLEX SEGPRO"},"content":{"rendered":"<p>Marca SEGPRO\u00a9<\/p>\n<p>\u2022 Disponible en talla: M=08 \/ L=09<\/p>\n<p>\u2022\u00a0Ideal para fabricaci\u00f3n, manipulaci\u00f3n y montaje de estructuras, mantenimiento de m\u00e1quinas, trabajos en bodega, construcci\u00f3n, operaci\u00f3n de maquinaria o herramientas. \u00datil para trabajos donde se requiera un guante con ventilaci\u00f3n dorsal.<\/p>\n<p>\u2022 Empaque: 120 pares por caja.<\/p>\n","protected":false},"excerpt":{"rendered":"<p>Guantes de tejido punto poli\u00e9ster color amarillo recubierto de l\u00e1tex rugoso en la palma color negro.<\/p>\n","protected":false},"featured_media":2324,"comment_status":"open","ping_status":"closed","template":"","meta":{"site-sidebar-layout":"default","site-content-layout":"default","ast-main-header-display":"","ast-hfb-above-header-display":"","ast-hfb-below-header-display":"","ast-hfb-mobile-header-display":"","site-post-title":"","ast-breadcrumbs-content":"","ast-featured-img":"","footer-sml-layout":"","theme-transparent-header-meta":"default","adv-header-id-meta":"","stick-header-meta":"","header-above-stick-meta":"","header-main-stick-meta":"","header-below-stick-meta":""},"product_brand":[],"product_cat":[26],"product_tag":[],"class_list":{"0":"post-1603","1":"product","2":"type-product","3":"status-publish","4":"has-post-thumbnail","6":"product_cat-proteccion-a-las-manos","8":"first","9":"instock","10":"shipping-taxable","11":"product-type-simple"},"_links":{"self":[{"href":"https:\/\/eyrsecurity.com\/index.php?rest_route=\/wp\/v2\/product\/1603","targetHints":{"allow":["GET"]}}],"collection":[{"href":"https:\/\/eyrsecurity.com\/index.php?rest_route=\/wp\/v2\/product"}],"about":[{"href":"https:\/\/eyrsecurity.com\/index.php?rest_route=\/wp\/v2\/types\/product"}],"replies":[{"embeddable":true,"href":"https:\/\/eyrsecurity.com\/index.php?rest_route=%2Fwp%2Fv2%2Fcomments&post=1603"}],"wp:featuredmedia":[{"embeddable":true,"href":"https:\/\/eyrsecurity.com\/index.php?rest_route=\/wp\/v2\/media\/2324"}],"wp:attachment":[{"href":"https:\/\/eyrsecurity.com\/index.php?rest_route=%2Fwp%2Fv2%2Fmedia&parent=1603"}],"wp:term":[{"taxonomy":"product_brand","embeddable":true,"href":"https:\/\/eyrsecurity.com\/index.php?rest_route=%2Fwp%2Fv2%2Fproduct_brand&post=1603"},{"taxonomy":"product_cat","embeddable":true,"href":"https:\/\/eyrsecurity.com\/index.php?rest_route=%2Fwp%2Fv2%2Fproduct_cat&post=1603"},{"taxonomy":"product_tag","embeddable":true,"href":"https:\/\/eyrsecurity.com\/index.php?rest_route=%2Fwp%2Fv2%2Fproduct_tag&post=1603"}],"curies":[{"name":"wp","href":"https:\/\/api.w.org\/{rel}","templated":true}]}}