{"id":1600,"date":"2021-10-18T05:42:16","date_gmt":"2021-10-18T05:42:16","guid":{"rendered":"https:\/\/eyrsecurity.com\/?post_type=product&#038;p=1600"},"modified":"2022-01-21T06:42:19","modified_gmt":"2022-01-21T06:42:19","slug":"gafas-protectoras-3m-virtua-v4","status":"publish","type":"product","link":"https:\/\/eyrsecurity.com\/?product=gafas-protectoras-3m-virtua-v4","title":{"rendered":"GAFAS PROTECTORAS 3M VIRTUA V4"},"content":{"rendered":"<h4>Descripci\u00f3n<\/h4>\n<p>Las Gafas de protecci\u00f3n 3M Virtua son Ligeras y unisex. Combinan versatilidad y valor con una alta cobertura envolvente, la construcci\u00f3n en policarbonato y una capa dura hacen la lente resistente a las ralladuras con un ajuste c\u00f3modo y preciso.<\/p>\n<h4>Beneficios<\/h4>\n<p>Estilo Unisex<br \/>\nAlta Cobertura Envolvente<br \/>\nRango de visi\u00f3n sin Obstrucciones<br \/>\nOpciones de tama\u00f1o para adaptarse a una variedad de perfiles faciales<br \/>\nLente de policarbonato, absorbe el 99,9% UV<br \/>\nResistente a alto Impactos<\/p>\n","protected":false},"excerpt":{"rendered":"<p>Los lentes protectores (sin recubrimiento) Virtua ofrecen estilo unisex, protecci\u00f3n y accesibilidad para los visitantes del sitio o la protecci\u00f3n de un solo uso.<br \/>\nDise\u00f1ado para uso interior o el exterior, su perfil amplio proporciona la protecci\u00f3n necesaria al impacto y una visi\u00f3n sin obst\u00e1culo.<br \/>\nLos lentes protectores Virtua son una opci\u00f3n valiosa en seguridad visual<\/p>\n","protected":false},"featured_media":2763,"comment_status":"open","ping_status":"closed","template":"","meta":{"site-sidebar-layout":"default","site-content-layout":"default","ast-main-header-display":"","ast-hfb-above-header-display":"","ast-hfb-below-header-display":"","ast-hfb-mobile-header-display":"","site-post-title":"","ast-breadcrumbs-content":"","ast-featured-img":"","footer-sml-layout":"","theme-transparent-header-meta":"default","adv-header-id-meta":"","stick-header-meta":"","header-above-stick-meta":"","header-main-stick-meta":"","header-below-stick-meta":""},"product_brand":[],"product_cat":[23],"product_tag":[],"class_list":{"0":"post-1600","1":"product","2":"type-product","3":"status-publish","4":"has-post-thumbnail","6":"product_cat-proteccion-visual-y-facial","8":"first","9":"instock","10":"shipping-taxable","11":"product-type-simple"},"_links":{"self":[{"href":"https:\/\/eyrsecurity.com\/index.php?rest_route=\/wp\/v2\/product\/1600","targetHints":{"allow":["GET"]}}],"collection":[{"href":"https:\/\/eyrsecurity.com\/index.php?rest_route=\/wp\/v2\/product"}],"about":[{"href":"https:\/\/eyrsecurity.com\/index.php?rest_route=\/wp\/v2\/types\/product"}],"replies":[{"embeddable":true,"href":"https:\/\/eyrsecurity.com\/index.php?rest_route=%2Fwp%2Fv2%2Fcomments&post=1600"}],"wp:featuredmedia":[{"embeddable":true,"href":"https:\/\/eyrsecurity.com\/index.php?rest_route=\/wp\/v2\/media\/2763"}],"wp:attachment":[{"href":"https:\/\/eyrsecurity.com\/index.php?rest_route=%2Fwp%2Fv2%2Fmedia&parent=1600"}],"wp:term":[{"taxonomy":"product_brand","embeddable":true,"href":"https:\/\/eyrsecurity.com\/index.php?rest_route=%2Fwp%2Fv2%2Fproduct_brand&post=1600"},{"taxonomy":"product_cat","embeddable":true,"href":"https:\/\/eyrsecurity.com\/index.php?rest_route=%2Fwp%2Fv2%2Fproduct_cat&post=1600"},{"taxonomy":"product_tag","embeddable":true,"href":"https:\/\/eyrsecurity.com\/index.php?rest_route=%2Fwp%2Fv2%2Fproduct_tag&post=1600"}],"curies":[{"name":"wp","href":"https:\/\/api.w.org\/{rel}","templated":true}]}}