{"id":1599,"date":"2021-10-18T05:42:16","date_gmt":"2021-10-18T05:42:16","guid":{"rendered":"https:\/\/eyrsecurity.com\/?post_type=product&#038;p=1599"},"modified":"2022-01-21T06:23:56","modified_gmt":"2022-01-21T06:23:56","slug":"lente-virtua-tm-v8-3m","status":"publish","type":"product","link":"https:\/\/eyrsecurity.com\/?product=lente-virtua-tm-v8-3m","title":{"rendered":"LENTE VIRTUA TM V8 \u2013 3M"},"content":{"rendered":"<h4>Caracter\u00edsticas<\/h4>\n<ul>\n<li>Material de lente: Policarbonato<\/li>\n<li>Tipo de sujetadores: Flexibles con bisagras<\/li>\n<li>Protecci\u00f3n UV: 99.9%<\/li>\n<li>Tratamiento: Anti empa\u00f1amiento<\/li>\n<li>Normativa: ANSI Z87.1-2003<\/li>\n<\/ul>\n","protected":false},"excerpt":{"rendered":"<p>Las nuevos lentes de seguridad Virtua V8 tienen el estilo de los lentes deportivos m\u00e1s modernas. Con las duras lentes de policarbonato resistentes a impactos y las patillas de longitud ajustable, ofrecen mucho m\u00e1s que estilo.<\/p>\n<p>El resultado es mayor seguridad al tener lentes con dise\u00f1o envolvente para protecci\u00f3n frontal y lateral integral, como los Virtua V8. El lente no posee rayas divisorias, con lo que permite una visi\u00f3n libre de distorsi\u00f3n, y una excelente claridad perimetral.<\/p>\n","protected":false},"featured_media":2720,"comment_status":"open","ping_status":"closed","template":"","meta":{"site-sidebar-layout":"default","site-content-layout":"default","ast-main-header-display":"","ast-hfb-above-header-display":"","ast-hfb-below-header-display":"","ast-hfb-mobile-header-display":"","site-post-title":"","ast-breadcrumbs-content":"","ast-featured-img":"","footer-sml-layout":"","theme-transparent-header-meta":"default","adv-header-id-meta":"","stick-header-meta":"","header-above-stick-meta":"","header-main-stick-meta":"","header-below-stick-meta":""},"product_brand":[],"product_cat":[23],"product_tag":[],"class_list":{"0":"post-1599","1":"product","2":"type-product","3":"status-publish","4":"has-post-thumbnail","6":"product_cat-proteccion-visual-y-facial","8":"first","9":"instock","10":"shipping-taxable","11":"product-type-simple"},"_links":{"self":[{"href":"https:\/\/eyrsecurity.com\/index.php?rest_route=\/wp\/v2\/product\/1599","targetHints":{"allow":["GET"]}}],"collection":[{"href":"https:\/\/eyrsecurity.com\/index.php?rest_route=\/wp\/v2\/product"}],"about":[{"href":"https:\/\/eyrsecurity.com\/index.php?rest_route=\/wp\/v2\/types\/product"}],"replies":[{"embeddable":true,"href":"https:\/\/eyrsecurity.com\/index.php?rest_route=%2Fwp%2Fv2%2Fcomments&post=1599"}],"wp:featuredmedia":[{"embeddable":true,"href":"https:\/\/eyrsecurity.com\/index.php?rest_route=\/wp\/v2\/media\/2720"}],"wp:attachment":[{"href":"https:\/\/eyrsecurity.com\/index.php?rest_route=%2Fwp%2Fv2%2Fmedia&parent=1599"}],"wp:term":[{"taxonomy":"product_brand","embeddable":true,"href":"https:\/\/eyrsecurity.com\/index.php?rest_route=%2Fwp%2Fv2%2Fproduct_brand&post=1599"},{"taxonomy":"product_cat","embeddable":true,"href":"https:\/\/eyrsecurity.com\/index.php?rest_route=%2Fwp%2Fv2%2Fproduct_cat&post=1599"},{"taxonomy":"product_tag","embeddable":true,"href":"https:\/\/eyrsecurity.com\/index.php?rest_route=%2Fwp%2Fv2%2Fproduct_tag&post=1599"}],"curies":[{"name":"wp","href":"https:\/\/api.w.org\/{rel}","templated":true}]}}