{"id":1597,"date":"2021-10-18T05:42:16","date_gmt":"2021-10-18T05:42:16","guid":{"rendered":"https:\/\/eyrsecurity.com\/?post_type=product&#038;p=1597"},"modified":"2022-01-21T04:08:41","modified_gmt":"2022-01-21T04:08:41","slug":"lente-virtua-11329-3m","status":"publish","type":"product","link":"https:\/\/eyrsecurity.com\/?product=lente-virtua-11329-3m","title":{"rendered":"LENTE VIRTUA 11329 3M"},"content":{"rendered":"<h4 class=\"MMM--hdg MMM--hdg_2 SNAPS--hdg_2 MMM--tabHeader\">Detalles<\/h4>\n<div class=\"tabContentContainer MMM--contentToggle-target MMM--isActive\">\n<div class=\"MMM--contentPadded MMM--accordionPanel\">\n<div class=\"MMM--grids\">\n<div class=\"MMM--grids-col MMM--grids-col_pdpMain\">\n<ul class=\"MMM--pdpList SNAPS--bullets\">\n<li>Los lentes protectores (sin recubrimiento) Virtua ofrecen estilo unisex, protecci\u00f3n y accesibilidad para los visitantes del sitio o la protecci\u00f3n de un solo uso.<\/li>\n<li>Dise\u00f1ado para uso interior o el exterior, su perfil amplio proporciona la protecci\u00f3n necesaria al impacto y una visi\u00f3n sin obst\u00e1culo.<\/li>\n<li>Los lentes protectores Virtua son una opci\u00f3n valiosa en seguridad visual<\/li>\n<\/ul>\n<\/div>\n<\/div>\n<\/div>\n<\/div>\n","protected":false},"excerpt":{"rendered":"<p>Los lentes de seguridad VIRTUA BASIC de 3M\u00ae han sido dise\u00f1ados para proveer el nivel de protecci\u00f3n ocular requerido contra altos impactos.<\/p>\n","protected":false},"featured_media":2729,"comment_status":"open","ping_status":"closed","template":"","meta":{"site-sidebar-layout":"default","site-content-layout":"default","ast-main-header-display":"","ast-hfb-above-header-display":"","ast-hfb-below-header-display":"","ast-hfb-mobile-header-display":"","site-post-title":"","ast-breadcrumbs-content":"","ast-featured-img":"","footer-sml-layout":"","theme-transparent-header-meta":"default","adv-header-id-meta":"","stick-header-meta":"","header-above-stick-meta":"","header-main-stick-meta":"","header-below-stick-meta":""},"product_brand":[],"product_cat":[23],"product_tag":[],"class_list":{"0":"post-1597","1":"product","2":"type-product","3":"status-publish","4":"has-post-thumbnail","6":"product_cat-proteccion-visual-y-facial","8":"first","9":"instock","10":"shipping-taxable","11":"product-type-simple"},"_links":{"self":[{"href":"https:\/\/eyrsecurity.com\/index.php?rest_route=\/wp\/v2\/product\/1597","targetHints":{"allow":["GET"]}}],"collection":[{"href":"https:\/\/eyrsecurity.com\/index.php?rest_route=\/wp\/v2\/product"}],"about":[{"href":"https:\/\/eyrsecurity.com\/index.php?rest_route=\/wp\/v2\/types\/product"}],"replies":[{"embeddable":true,"href":"https:\/\/eyrsecurity.com\/index.php?rest_route=%2Fwp%2Fv2%2Fcomments&post=1597"}],"wp:featuredmedia":[{"embeddable":true,"href":"https:\/\/eyrsecurity.com\/index.php?rest_route=\/wp\/v2\/media\/2729"}],"wp:attachment":[{"href":"https:\/\/eyrsecurity.com\/index.php?rest_route=%2Fwp%2Fv2%2Fmedia&parent=1597"}],"wp:term":[{"taxonomy":"product_brand","embeddable":true,"href":"https:\/\/eyrsecurity.com\/index.php?rest_route=%2Fwp%2Fv2%2Fproduct_brand&post=1597"},{"taxonomy":"product_cat","embeddable":true,"href":"https:\/\/eyrsecurity.com\/index.php?rest_route=%2Fwp%2Fv2%2Fproduct_cat&post=1597"},{"taxonomy":"product_tag","embeddable":true,"href":"https:\/\/eyrsecurity.com\/index.php?rest_route=%2Fwp%2Fv2%2Fproduct_tag&post=1597"}],"curies":[{"name":"wp","href":"https:\/\/api.w.org\/{rel}","templated":true}]}}