{"id":1596,"date":"2021-10-18T05:42:16","date_gmt":"2021-10-18T05:42:16","guid":{"rendered":"https:\/\/eyrsecurity.com\/?post_type=product&#038;p=1596"},"modified":"2022-01-21T04:05:33","modified_gmt":"2022-01-21T04:05:33","slug":"lente-3m-clasico-ij-204-af","status":"publish","type":"product","link":"https:\/\/eyrsecurity.com\/?product=lente-3m-clasico-ij-204-af","title":{"rendered":"LENTE 3M CL\u00c1SICO IJ-204 AF"},"content":{"rendered":"<h4>Materiales<\/h4>\n<div>Marco: Pl\u00e1stico Ligero color negro.<\/div>\n<div>Lentes: Policarbonato.<\/div>\n<div>Presentaciones:<\/div>\n<ul>\n<li>Lente Claro (Clear)<\/li>\n<li>Lente Oscuro (Grey)<\/li>\n<\/ul>\n<h4>Aplicaciones<\/h4>\n<div>En cualquier rubro de la industria donde exista riesgo de:<\/div>\n<ul>\n<li>Exposici\u00f3n a rayos UV (Ultravioleta)<\/li>\n<li>Salpicaduras de diversos tipos<\/li>\n<li>Impactos<\/li>\n<\/ul>\n<h4>Certificaciones<\/h4>\n<div>Cumple con los requerimientos de la norma<\/div>\n<div>ANSI Z87.1-2003. Aprobaci\u00f3n CE.<\/div>\n","protected":false},"excerpt":{"rendered":"<p>Lentes 3M Clasicos IJ-204 Los lentes de seguridad 3M est\u00e1n dise\u00f1ados para la protecci\u00f3n contra salpicaduras, impacto y radiaci\u00f3n. El dise\u00f1o de estos lentes incrementa su comodidad, debido a los marcos hechos de pl\u00e1stico ligero, f\u00e1cilmente ajustables. Sus lentes panor\u00e1micas de policarbonato ofrecen un 99% de protecci\u00f3n contra los rayos UV y contra empa\u00f1aduras (antifog), existiendo tanto oscuras como transparentes<\/p>\n","protected":false},"featured_media":2704,"comment_status":"open","ping_status":"closed","template":"","meta":{"site-sidebar-layout":"default","site-content-layout":"default","ast-main-header-display":"","ast-hfb-above-header-display":"","ast-hfb-below-header-display":"","ast-hfb-mobile-header-display":"","site-post-title":"","ast-breadcrumbs-content":"","ast-featured-img":"","footer-sml-layout":"","theme-transparent-header-meta":"default","adv-header-id-meta":"","stick-header-meta":"","header-above-stick-meta":"","header-main-stick-meta":"","header-below-stick-meta":""},"product_brand":[],"product_cat":[23],"product_tag":[],"class_list":{"0":"post-1596","1":"product","2":"type-product","3":"status-publish","4":"has-post-thumbnail","6":"product_cat-proteccion-visual-y-facial","8":"first","9":"instock","10":"shipping-taxable","11":"product-type-simple"},"_links":{"self":[{"href":"https:\/\/eyrsecurity.com\/index.php?rest_route=\/wp\/v2\/product\/1596","targetHints":{"allow":["GET"]}}],"collection":[{"href":"https:\/\/eyrsecurity.com\/index.php?rest_route=\/wp\/v2\/product"}],"about":[{"href":"https:\/\/eyrsecurity.com\/index.php?rest_route=\/wp\/v2\/types\/product"}],"replies":[{"embeddable":true,"href":"https:\/\/eyrsecurity.com\/index.php?rest_route=%2Fwp%2Fv2%2Fcomments&post=1596"}],"wp:featuredmedia":[{"embeddable":true,"href":"https:\/\/eyrsecurity.com\/index.php?rest_route=\/wp\/v2\/media\/2704"}],"wp:attachment":[{"href":"https:\/\/eyrsecurity.com\/index.php?rest_route=%2Fwp%2Fv2%2Fmedia&parent=1596"}],"wp:term":[{"taxonomy":"product_brand","embeddable":true,"href":"https:\/\/eyrsecurity.com\/index.php?rest_route=%2Fwp%2Fv2%2Fproduct_brand&post=1596"},{"taxonomy":"product_cat","embeddable":true,"href":"https:\/\/eyrsecurity.com\/index.php?rest_route=%2Fwp%2Fv2%2Fproduct_cat&post=1596"},{"taxonomy":"product_tag","embeddable":true,"href":"https:\/\/eyrsecurity.com\/index.php?rest_route=%2Fwp%2Fv2%2Fproduct_tag&post=1596"}],"curies":[{"name":"wp","href":"https:\/\/api.w.org\/{rel}","templated":true}]}}