{"id":1595,"date":"2021-10-18T05:42:16","date_gmt":"2021-10-18T05:42:16","guid":{"rendered":"https:\/\/eyrsecurity.com\/?post_type=product&#038;p=1595"},"modified":"2022-01-21T04:02:27","modified_gmt":"2022-01-21T04:02:27","slug":"lente-marco-azul-eco-hc-3m","status":"publish","type":"product","link":"https:\/\/eyrsecurity.com\/?product=lente-marco-azul-eco-hc-3m","title":{"rendered":"LENTE MARCO AZUL ECO HC 3M"},"content":{"rendered":"<h4 class=\"title-tab\">Descripci\u00f3n<\/h4>\n<ul>\n<li>Resistencia al impacto de part\u00edculas a baja velocidad<\/li>\n<li>Comodidad para tiempos de uso prolongados.<\/li>\n<li>Protecci\u00f3n frente a radiaci\u00f3n UV.<\/li>\n<li>Tratamiento anti-rayadura para una mayor duraci\u00f3n de los oculares y una mejora en la visi\u00f3n.<\/li>\n<li>Anteojos livianos de dise\u00f1o cl\u00e1sico.<\/li>\n<li>Longitud de patillas ajustables.<\/li>\n<li>Opci\u00f3n de ocular transparente o ahumado adecuado a diferentes ambientes de trabajo.<\/li>\n<\/ul>\n","protected":false},"excerpt":{"rendered":"<p><strong>LENTE 3M ECO,\u00a0<\/strong>esta dise\u00f1ados para salpicaduras, impacto y radiaci\u00f3n, es c\u00f3modo debido a los marcos de pl\u00e1stico f\u00e1cil ajustar, los lentes panor\u00e1micos ofrecen un 99% de protecci\u00f3n contra los rayos UV .<\/p>\n","protected":false},"featured_media":2727,"comment_status":"open","ping_status":"closed","template":"","meta":{"site-sidebar-layout":"default","site-content-layout":"default","ast-main-header-display":"","ast-hfb-above-header-display":"","ast-hfb-below-header-display":"","ast-hfb-mobile-header-display":"","site-post-title":"","ast-breadcrumbs-content":"","ast-featured-img":"","footer-sml-layout":"","theme-transparent-header-meta":"default","adv-header-id-meta":"","stick-header-meta":"","header-above-stick-meta":"","header-main-stick-meta":"","header-below-stick-meta":""},"product_brand":[],"product_cat":[23],"product_tag":[],"class_list":{"0":"post-1595","1":"product","2":"type-product","3":"status-publish","4":"has-post-thumbnail","6":"product_cat-proteccion-visual-y-facial","8":"first","9":"instock","10":"shipping-taxable","11":"product-type-simple"},"_links":{"self":[{"href":"https:\/\/eyrsecurity.com\/index.php?rest_route=\/wp\/v2\/product\/1595","targetHints":{"allow":["GET"]}}],"collection":[{"href":"https:\/\/eyrsecurity.com\/index.php?rest_route=\/wp\/v2\/product"}],"about":[{"href":"https:\/\/eyrsecurity.com\/index.php?rest_route=\/wp\/v2\/types\/product"}],"replies":[{"embeddable":true,"href":"https:\/\/eyrsecurity.com\/index.php?rest_route=%2Fwp%2Fv2%2Fcomments&post=1595"}],"wp:featuredmedia":[{"embeddable":true,"href":"https:\/\/eyrsecurity.com\/index.php?rest_route=\/wp\/v2\/media\/2727"}],"wp:attachment":[{"href":"https:\/\/eyrsecurity.com\/index.php?rest_route=%2Fwp%2Fv2%2Fmedia&parent=1595"}],"wp:term":[{"taxonomy":"product_brand","embeddable":true,"href":"https:\/\/eyrsecurity.com\/index.php?rest_route=%2Fwp%2Fv2%2Fproduct_brand&post=1595"},{"taxonomy":"product_cat","embeddable":true,"href":"https:\/\/eyrsecurity.com\/index.php?rest_route=%2Fwp%2Fv2%2Fproduct_cat&post=1595"},{"taxonomy":"product_tag","embeddable":true,"href":"https:\/\/eyrsecurity.com\/index.php?rest_route=%2Fwp%2Fv2%2Fproduct_tag&post=1595"}],"curies":[{"name":"wp","href":"https:\/\/api.w.org\/{rel}","templated":true}]}}