{"id":1591,"date":"2021-10-18T05:42:16","date_gmt":"2021-10-18T05:42:16","guid":{"rendered":"https:\/\/eyrsecurity.com\/?post_type=product&#038;p=1591"},"modified":"2022-01-20T05:18:45","modified_gmt":"2022-01-20T05:18:45","slug":"lentes-msa-altimeter-2803130","status":"publish","type":"product","link":"https:\/\/eyrsecurity.com\/?product=lentes-msa-altimeter-2803130","title":{"rendered":"LENTES MSA ALTIMETER 2803130"},"content":{"rendered":"<h4 class=\"title-tab\">Descripci\u00f3n<\/h4>\n<p><strong>Lentes MSA Altimeter 2803130<\/strong>\u00a0especialmente \u00fatil en aplicaciones donde existe la necesidad de un ajuste seguro a la cabeza debido al riesgo de perder el equipo de protecci\u00f3n visual, especialmente recomendado en el uso con cascos de seguridad y protectores auditivos.<\/p>\n<ul>\n<li>Flexible, ligera se adapta perfectamente al contorno del rostro, permitiendo su uso por tiempo prolongados.<\/li>\n<li>De ventilaci\u00f3n indirecta, permite la circulaci\u00f3n de aire, al mismo tiempo que protege del polvo y salpicaduras.<\/li>\n<li>Con recubrimiento Anti empa\u00f1o y Anti rayaduras.<\/li>\n<li>Proteccion 99.9% contra rayos ultravioleta (UV400).<\/li>\n<li>Marco de ajuste suave, para la cobertura total del \u00e1rea ocular y una absorci\u00f3n superior de impactos.<\/li>\n<li>Se puede utilizar con las Patillas de ajuste angular de 3 puntos longitudinal o con la Banda el\u00e1stica extra\u00edble de ajuste flexible a la cabeza para mayor comodidad y sujeci\u00f3n al rostro.<\/li>\n<li>Banda el\u00e1stica con bot\u00f3n de apertura one touch en la parte posterior.<\/li>\n<li>Los anteojos Altimeter cumplen con las normas ANSI\/ISEA Z87.1-2010 y CE EN 166.<\/li>\n<li>Marca: MSA.<\/li>\n<li>Modelo: Altimeter.<\/li>\n<li>Codigo: 2803133.<\/li>\n<\/ul>\n<p>&nbsp;<\/p>\n<table width=\"819\">\n<tbody>\n<tr>\n<td colspan=\"2\"><strong>GAFA ALTIMETER<\/strong><\/td>\n<\/tr>\n<tr>\n<td>2803134<\/td>\n<td>GAFAS\/ANTEOJOS DE SEGURIDAD MSA, ALTIMETER, I\/O (ANTI FOG EXTREMO)<\/td>\n<\/tr>\n<tr>\n<td>2803130<\/td>\n<td>GAFAS\/ANTEOJOS DE SEGURIDAD MSA, ALTIMETER, LUNA CLARA (ANTI FOG EXTREMO)<\/td>\n<\/tr>\n<tr>\n<td>2803133<\/td>\n<td>GAFAS\/ANTEOJOS DE SEGURIDAD MSA, ALTIMETER, LUNA OSCURA (ANTI FOG EXTREMO)<\/td>\n<\/tr>\n<\/tbody>\n<\/table>\n","protected":false},"excerpt":{"rendered":"<p><strong>GAFAS\/ANTEOJOS DE SEGURIDAD MSA, ALTIMETER, (ANTI FOG EXTREMO)<\/strong><\/p>\n<p><strong>Lentes MSA Altimeter 2803130<\/strong>\u00a0especialmente \u00fatil en aplicaciones donde existe la necesidad de un ajuste seguro a la cabeza debido al riesgo de perder el equipo de protecci\u00f3n visual, especialmente recomendado en el uso con cascos de seguridad y protectores auditivos.<\/p>\n","protected":false},"featured_media":2734,"comment_status":"open","ping_status":"closed","template":"","meta":{"site-sidebar-layout":"default","site-content-layout":"default","ast-main-header-display":"","ast-hfb-above-header-display":"","ast-hfb-below-header-display":"","ast-hfb-mobile-header-display":"","site-post-title":"","ast-breadcrumbs-content":"","ast-featured-img":"","footer-sml-layout":"","theme-transparent-header-meta":"default","adv-header-id-meta":"","stick-header-meta":"","header-above-stick-meta":"","header-main-stick-meta":"","header-below-stick-meta":""},"product_brand":[],"product_cat":[23],"product_tag":[],"class_list":{"0":"post-1591","1":"product","2":"type-product","3":"status-publish","4":"has-post-thumbnail","6":"product_cat-proteccion-visual-y-facial","8":"first","9":"instock","10":"shipping-taxable","11":"product-type-simple"},"_links":{"self":[{"href":"https:\/\/eyrsecurity.com\/index.php?rest_route=\/wp\/v2\/product\/1591","targetHints":{"allow":["GET"]}}],"collection":[{"href":"https:\/\/eyrsecurity.com\/index.php?rest_route=\/wp\/v2\/product"}],"about":[{"href":"https:\/\/eyrsecurity.com\/index.php?rest_route=\/wp\/v2\/types\/product"}],"replies":[{"embeddable":true,"href":"https:\/\/eyrsecurity.com\/index.php?rest_route=%2Fwp%2Fv2%2Fcomments&post=1591"}],"wp:featuredmedia":[{"embeddable":true,"href":"https:\/\/eyrsecurity.com\/index.php?rest_route=\/wp\/v2\/media\/2734"}],"wp:attachment":[{"href":"https:\/\/eyrsecurity.com\/index.php?rest_route=%2Fwp%2Fv2%2Fmedia&parent=1591"}],"wp:term":[{"taxonomy":"product_brand","embeddable":true,"href":"https:\/\/eyrsecurity.com\/index.php?rest_route=%2Fwp%2Fv2%2Fproduct_brand&post=1591"},{"taxonomy":"product_cat","embeddable":true,"href":"https:\/\/eyrsecurity.com\/index.php?rest_route=%2Fwp%2Fv2%2Fproduct_cat&post=1591"},{"taxonomy":"product_tag","embeddable":true,"href":"https:\/\/eyrsecurity.com\/index.php?rest_route=%2Fwp%2Fv2%2Fproduct_tag&post=1591"}],"curies":[{"name":"wp","href":"https:\/\/api.w.org\/{rel}","templated":true}]}}