{"id":1589,"date":"2021-10-18T05:42:16","date_gmt":"2021-10-18T05:42:16","guid":{"rendered":"https:\/\/eyrsecurity.com\/?post_type=product&#038;p=1589"},"modified":"2022-01-21T03:56:01","modified_gmt":"2022-01-21T03:56:01","slug":"lente-3m-virtua-v6x","status":"publish","type":"product","link":"https:\/\/eyrsecurity.com\/?product=lente-3m-virtua-v6x","title":{"rendered":"LENTE 3M VIRTUA V6X"},"content":{"rendered":"<h4 class=\"title-tab\">Descripci\u00f3n<\/h4>\n<p>Virtua V6 proporciona mayor protecci\u00f3n con sus lentes envolventes y protecciones laterales integrales. M\u00e1s caracter\u00edsticas hechas a medida gracias a la posibilidad de regular la longitud de patillas y el \u00e1ngulo del lente. Con su popular dise\u00f1o unisex garantiza una mayor cumplimiento normativo.<\/p>\n<ul>\n<li>Dise\u00f1o unisex.<\/li>\n<li>Longitud de patillas y \u00e1ngulo de lente ajustables.<\/li>\n<li>Lentes de policarbonato duraderos y ligeros, que absorben el 99,9% de los rayos UV.<\/li>\n<li>Puente de ajuste universal.<\/li>\n<li>Puntas de patillas blandas para confort durante todo el d\u00eda.<\/li>\n<li>Cumplen con la norma ANSI Z87.1-2003.<\/li>\n<\/ul>\n","protected":false},"excerpt":{"rendered":"<p><strong>LENTE 3M VIRTUA V6X<\/strong>, proporcionan una protecci\u00f3n excelente con un estilo moderno y un precio econ\u00f3mico. para la protecci\u00f3n contra radiaci\u00f3n UV, radiaci\u00f3n solar excesiva y protecci\u00f3n contra el impacto de part\u00edculas de alta velocidad. Cubrimiento lateral para mayor visibilidad y protecci\u00f3n. Ofrecen mayor comodidad debido a su reducido peso y pueden ser utilizadas todo el d\u00eda, en ambientes de trabajo regulares.<\/p>\n","protected":false},"featured_media":2765,"comment_status":"open","ping_status":"closed","template":"","meta":{"site-sidebar-layout":"default","site-content-layout":"default","ast-main-header-display":"","ast-hfb-above-header-display":"","ast-hfb-below-header-display":"","ast-hfb-mobile-header-display":"","site-post-title":"","ast-breadcrumbs-content":"","ast-featured-img":"","footer-sml-layout":"","theme-transparent-header-meta":"default","adv-header-id-meta":"","stick-header-meta":"","header-above-stick-meta":"","header-main-stick-meta":"","header-below-stick-meta":""},"product_brand":[],"product_cat":[23],"product_tag":[],"class_list":{"0":"post-1589","1":"product","2":"type-product","3":"status-publish","4":"has-post-thumbnail","6":"product_cat-proteccion-visual-y-facial","8":"first","9":"instock","10":"shipping-taxable","11":"product-type-simple"},"_links":{"self":[{"href":"https:\/\/eyrsecurity.com\/index.php?rest_route=\/wp\/v2\/product\/1589","targetHints":{"allow":["GET"]}}],"collection":[{"href":"https:\/\/eyrsecurity.com\/index.php?rest_route=\/wp\/v2\/product"}],"about":[{"href":"https:\/\/eyrsecurity.com\/index.php?rest_route=\/wp\/v2\/types\/product"}],"replies":[{"embeddable":true,"href":"https:\/\/eyrsecurity.com\/index.php?rest_route=%2Fwp%2Fv2%2Fcomments&post=1589"}],"wp:featuredmedia":[{"embeddable":true,"href":"https:\/\/eyrsecurity.com\/index.php?rest_route=\/wp\/v2\/media\/2765"}],"wp:attachment":[{"href":"https:\/\/eyrsecurity.com\/index.php?rest_route=%2Fwp%2Fv2%2Fmedia&parent=1589"}],"wp:term":[{"taxonomy":"product_brand","embeddable":true,"href":"https:\/\/eyrsecurity.com\/index.php?rest_route=%2Fwp%2Fv2%2Fproduct_brand&post=1589"},{"taxonomy":"product_cat","embeddable":true,"href":"https:\/\/eyrsecurity.com\/index.php?rest_route=%2Fwp%2Fv2%2Fproduct_cat&post=1589"},{"taxonomy":"product_tag","embeddable":true,"href":"https:\/\/eyrsecurity.com\/index.php?rest_route=%2Fwp%2Fv2%2Fproduct_tag&post=1589"}],"curies":[{"name":"wp","href":"https:\/\/api.w.org\/{rel}","templated":true}]}}