{"id":1588,"date":"2021-10-18T05:42:16","date_gmt":"2021-10-18T05:42:16","guid":{"rendered":"https:\/\/eyrsecurity.com\/?post_type=product&#038;p=1588"},"modified":"2022-01-20T04:17:31","modified_gmt":"2022-01-20T04:17:31","slug":"solus-1000-kit-3m-scotchgard","status":"publish","type":"product","link":"https:\/\/eyrsecurity.com\/?product=solus-1000-kit-3m-scotchgard","title":{"rendered":"SOLUS 1000 KIT 3M SCOTCHGARD"},"content":{"rendered":"<h4 class=\"title-tab\">Descripci\u00f3n<\/h4>\n<ul>\n<li>Inyecci\u00f3n dual.<\/li>\n<li>Banda El\u00e1stica.<\/li>\n<li>Espuma removible de uso opcional.<\/li>\n<li>Patillas acolchadas para mayor comodidad.<\/li>\n<li>Puente nasal suave para mayor comodidad.<\/li>\n<li>Los lentes de seguridad Solus 1000\u2122 cumplen con el est\u00e1ndar de alto impacto de ANSI Z87.1-2010 y CSA Z94.3.<\/li>\n<\/ul>\n","protected":false},"excerpt":{"rendered":"<p><strong>SOLUS 1000 KIT 3M SCOTCHGARD<\/strong>, son una adaptable soluci\u00f3n visual con caracter\u00edsticas mejoradas de comodidad. Los lentes de policarbonato cuentan con un recubrimiento antiempa\u00f1ante ScotchgardTM el cual provee resistencia a la rayadura y al empa\u00f1amiento por m\u00e1s tiempo que los tradicionales recubrimientos antiempa\u00f1antes; maximizando el desempe\u00f1o en ambientes h\u00famedos o de alta condensaci\u00f3n.<\/p>\n","protected":false},"featured_media":2754,"comment_status":"open","ping_status":"closed","template":"","meta":{"site-sidebar-layout":"default","site-content-layout":"default","ast-main-header-display":"","ast-hfb-above-header-display":"","ast-hfb-below-header-display":"","ast-hfb-mobile-header-display":"","site-post-title":"","ast-breadcrumbs-content":"","ast-featured-img":"","footer-sml-layout":"","theme-transparent-header-meta":"default","adv-header-id-meta":"","stick-header-meta":"","header-above-stick-meta":"","header-main-stick-meta":"","header-below-stick-meta":""},"product_brand":[],"product_cat":[23],"product_tag":[],"class_list":{"0":"post-1588","1":"product","2":"type-product","3":"status-publish","4":"has-post-thumbnail","6":"product_cat-proteccion-visual-y-facial","8":"first","9":"instock","10":"shipping-taxable","11":"product-type-simple"},"_links":{"self":[{"href":"https:\/\/eyrsecurity.com\/index.php?rest_route=\/wp\/v2\/product\/1588","targetHints":{"allow":["GET"]}}],"collection":[{"href":"https:\/\/eyrsecurity.com\/index.php?rest_route=\/wp\/v2\/product"}],"about":[{"href":"https:\/\/eyrsecurity.com\/index.php?rest_route=\/wp\/v2\/types\/product"}],"replies":[{"embeddable":true,"href":"https:\/\/eyrsecurity.com\/index.php?rest_route=%2Fwp%2Fv2%2Fcomments&post=1588"}],"wp:featuredmedia":[{"embeddable":true,"href":"https:\/\/eyrsecurity.com\/index.php?rest_route=\/wp\/v2\/media\/2754"}],"wp:attachment":[{"href":"https:\/\/eyrsecurity.com\/index.php?rest_route=%2Fwp%2Fv2%2Fmedia&parent=1588"}],"wp:term":[{"taxonomy":"product_brand","embeddable":true,"href":"https:\/\/eyrsecurity.com\/index.php?rest_route=%2Fwp%2Fv2%2Fproduct_brand&post=1588"},{"taxonomy":"product_cat","embeddable":true,"href":"https:\/\/eyrsecurity.com\/index.php?rest_route=%2Fwp%2Fv2%2Fproduct_cat&post=1588"},{"taxonomy":"product_tag","embeddable":true,"href":"https:\/\/eyrsecurity.com\/index.php?rest_route=%2Fwp%2Fv2%2Fproduct_tag&post=1588"}],"curies":[{"name":"wp","href":"https:\/\/api.w.org\/{rel}","templated":true}]}}