{"id":1587,"date":"2021-10-18T05:42:16","date_gmt":"2021-10-18T05:42:16","guid":{"rendered":"https:\/\/eyrsecurity.com\/?post_type=product&#038;p=1587"},"modified":"2022-01-20T04:18:55","modified_gmt":"2022-01-20T04:18:55","slug":"lente-virtua-sellor-ccs-3m","status":"publish","type":"product","link":"https:\/\/eyrsecurity.com\/?product=lente-virtua-sellor-ccs-3m","title":{"rendered":"LENTE VIRTUA SELLOR CCS 3M"},"content":{"rendered":"<h4 class=\"title-tab\">Descripci\u00f3n<\/h4>\n<ul>\n<li>Sistema CCS (Sistema de Control de Cord\u00f3n) con el cual se puede ajustar un tap\u00f3n de o\u00eddos a las patillas del lente, para tenerlos siempre disponibles. NO incluido en el lente.<\/li>\n<li>Espuma forrada desmontable, lo cual ayuda a limitar la exposici\u00f3n del ojo a polvo. F\u00e1cil de desmontar para su limpieza o las diferentes alternativas de configuraci\u00f3n.<\/li>\n<li>Posee ventilaci\u00f3n, mediante peque\u00f1os orificio en la espuma forrada desmontable, lo cual ayuda a reducir el empa\u00f1amiento.<\/li>\n<li>Lentes de Policarbonato con tratamiento anti-empa\u00f1ante.<\/li>\n<li>Cumplen con la norma ANSI Z87.1-2010 y CSA Z94.3-07.<\/li>\n<li>Absorbe las radiaciones del espectro Ultravioleta en un 99.9%.<\/li>\n<li>El cord\u00f3n de los tapones funciona como sostenedor para colgar los lentes alrededor del cuello cuando no est\u00e1n en uso.<\/li>\n<\/ul>\n<p>&nbsp;<\/p>\n<table width=\"474\">\n<tbody>\n<tr>\n<td width=\"435\">11872 Virtua Sellor CCS con espuma, Luna clara con antiempa\u00f1ante<\/td>\n<td width=\"39\">3M<\/td>\n<\/tr>\n<tr>\n<td width=\"435\">11873 Virtua Sellor CCS con espuma, Luna oscura con antiempa\u00f1ante<\/td>\n<td width=\"39\">3M<\/td>\n<\/tr>\n<tr>\n<td width=\"435\">11874 Virtua Sellor CCS con espuma, Luna In\/Out con antiempa\u00f1ante<\/td>\n<td width=\"39\">3M<\/td>\n<\/tr>\n<\/tbody>\n<\/table>\n","protected":false},"excerpt":{"rendered":"<p><strong>LENTE VIRTUA SELLOR CCS de 3M<\/strong>, cuentan con un c\u00f3modo sello que ayuda a limitar la exposici\u00f3n de los ojos al polvo, mientras que proporcionan un acolchado adicional. El recubrimiento anti-empa\u00f1ante y espuma forrada desmontable con rejillas de ventilaci\u00f3n, hacen de este lente la protecci\u00f3n ideal para los ojos en ambientes h\u00famedos.<\/p>\n","protected":false},"featured_media":2760,"comment_status":"open","ping_status":"closed","template":"","meta":{"site-sidebar-layout":"default","site-content-layout":"default","ast-main-header-display":"","ast-hfb-above-header-display":"","ast-hfb-below-header-display":"","ast-hfb-mobile-header-display":"","site-post-title":"","ast-breadcrumbs-content":"","ast-featured-img":"","footer-sml-layout":"","theme-transparent-header-meta":"default","adv-header-id-meta":"","stick-header-meta":"","header-above-stick-meta":"","header-main-stick-meta":"","header-below-stick-meta":""},"product_brand":[],"product_cat":[23],"product_tag":[],"class_list":{"0":"post-1587","1":"product","2":"type-product","3":"status-publish","4":"has-post-thumbnail","6":"product_cat-proteccion-visual-y-facial","8":"first","9":"instock","10":"shipping-taxable","11":"product-type-simple"},"_links":{"self":[{"href":"https:\/\/eyrsecurity.com\/index.php?rest_route=\/wp\/v2\/product\/1587","targetHints":{"allow":["GET"]}}],"collection":[{"href":"https:\/\/eyrsecurity.com\/index.php?rest_route=\/wp\/v2\/product"}],"about":[{"href":"https:\/\/eyrsecurity.com\/index.php?rest_route=\/wp\/v2\/types\/product"}],"replies":[{"embeddable":true,"href":"https:\/\/eyrsecurity.com\/index.php?rest_route=%2Fwp%2Fv2%2Fcomments&post=1587"}],"wp:featuredmedia":[{"embeddable":true,"href":"https:\/\/eyrsecurity.com\/index.php?rest_route=\/wp\/v2\/media\/2760"}],"wp:attachment":[{"href":"https:\/\/eyrsecurity.com\/index.php?rest_route=%2Fwp%2Fv2%2Fmedia&parent=1587"}],"wp:term":[{"taxonomy":"product_brand","embeddable":true,"href":"https:\/\/eyrsecurity.com\/index.php?rest_route=%2Fwp%2Fv2%2Fproduct_brand&post=1587"},{"taxonomy":"product_cat","embeddable":true,"href":"https:\/\/eyrsecurity.com\/index.php?rest_route=%2Fwp%2Fv2%2Fproduct_cat&post=1587"},{"taxonomy":"product_tag","embeddable":true,"href":"https:\/\/eyrsecurity.com\/index.php?rest_route=%2Fwp%2Fv2%2Fproduct_tag&post=1587"}],"curies":[{"name":"wp","href":"https:\/\/api.w.org\/{rel}","templated":true}]}}