{"id":1586,"date":"2021-10-18T05:42:16","date_gmt":"2021-10-18T05:42:16","guid":{"rendered":"https:\/\/eyrsecurity.com\/?post_type=product&#038;p=1586"},"modified":"2022-01-20T04:21:32","modified_gmt":"2022-01-20T04:21:32","slug":"lente-virtua-block-plus-3m","status":"publish","type":"product","link":"https:\/\/eyrsecurity.com\/?product=lente-virtua-block-plus-3m","title":{"rendered":"LENTE VIRTUA BLOCK PLUS 3M"},"content":{"rendered":"<h4 class=\"title-tab\">Descripci\u00f3n<\/h4>\n<ul>\n<li>Dise\u00f1o envolvente que permite una excelente cobertura y protecci\u00f3n lateral, como as\u00ed tambi\u00e9n un amplio campo de visi\u00f3n.<\/li>\n<li>Anteojos muy livianos.<\/li>\n<li>Patillas el\u00e1sticas, ideales para usar con protectores auditivos tipo orejeras, sin que \u00e9stos disminuyan su nivel de atenuaci\u00f3n.<\/li>\n<li>Avanzado dise\u00f1o de doble ocular equipado con el sello de aire para un confort superior y alta absorci\u00f3n de impactos.<\/li>\n<li>Policarbonato transparente y gris, con laca resistente a las rayas y al empa\u00f1amiento.<\/li>\n<\/ul>\n<table width=\"539\">\n<tbody>\n<tr>\n<td width=\"86\">TE999247139<\/td>\n<td width=\"419\">Lentes Virtua Block Plus con banda luna clara con antiempa\u00f1ante<\/td>\n<td width=\"34\">3M<\/td>\n<\/tr>\n<tr>\n<td>TE999247121<\/td>\n<td>Lentes Virtua Block Plus con banda luna oscura con antiempa\u00f1ante<\/td>\n<td>3M<\/td>\n<\/tr>\n<\/tbody>\n<\/table>\n","protected":false},"excerpt":{"rendered":"<p><strong>LENTE VIRTUA BLOCK PLUS de 3M<\/strong>, han sido dise\u00f1ados para proveer excelente nivel de protecci\u00f3n ocular en un sinn\u00famero de aplicaciones y se encuentra entre las opciones m\u00e1s livianas disponibles en el mercado.<\/p>\n","protected":false},"featured_media":2724,"comment_status":"open","ping_status":"closed","template":"","meta":{"site-sidebar-layout":"default","site-content-layout":"default","ast-main-header-display":"","ast-hfb-above-header-display":"","ast-hfb-below-header-display":"","ast-hfb-mobile-header-display":"","site-post-title":"","ast-breadcrumbs-content":"","ast-featured-img":"","footer-sml-layout":"","theme-transparent-header-meta":"default","adv-header-id-meta":"","stick-header-meta":"","header-above-stick-meta":"","header-main-stick-meta":"","header-below-stick-meta":""},"product_brand":[],"product_cat":[23],"product_tag":[],"class_list":{"0":"post-1586","1":"product","2":"type-product","3":"status-publish","4":"has-post-thumbnail","6":"product_cat-proteccion-visual-y-facial","8":"first","9":"instock","10":"shipping-taxable","11":"product-type-simple"},"_links":{"self":[{"href":"https:\/\/eyrsecurity.com\/index.php?rest_route=\/wp\/v2\/product\/1586","targetHints":{"allow":["GET"]}}],"collection":[{"href":"https:\/\/eyrsecurity.com\/index.php?rest_route=\/wp\/v2\/product"}],"about":[{"href":"https:\/\/eyrsecurity.com\/index.php?rest_route=\/wp\/v2\/types\/product"}],"replies":[{"embeddable":true,"href":"https:\/\/eyrsecurity.com\/index.php?rest_route=%2Fwp%2Fv2%2Fcomments&post=1586"}],"wp:featuredmedia":[{"embeddable":true,"href":"https:\/\/eyrsecurity.com\/index.php?rest_route=\/wp\/v2\/media\/2724"}],"wp:attachment":[{"href":"https:\/\/eyrsecurity.com\/index.php?rest_route=%2Fwp%2Fv2%2Fmedia&parent=1586"}],"wp:term":[{"taxonomy":"product_brand","embeddable":true,"href":"https:\/\/eyrsecurity.com\/index.php?rest_route=%2Fwp%2Fv2%2Fproduct_brand&post=1586"},{"taxonomy":"product_cat","embeddable":true,"href":"https:\/\/eyrsecurity.com\/index.php?rest_route=%2Fwp%2Fv2%2Fproduct_cat&post=1586"},{"taxonomy":"product_tag","embeddable":true,"href":"https:\/\/eyrsecurity.com\/index.php?rest_route=%2Fwp%2Fv2%2Fproduct_tag&post=1586"}],"curies":[{"name":"wp","href":"https:\/\/api.w.org\/{rel}","templated":true}]}}