{"id":1585,"date":"2021-10-18T05:42:14","date_gmt":"2021-10-18T05:42:14","guid":{"rendered":"https:\/\/eyrsecurity.com\/?post_type=product&#038;p=1585"},"modified":"2022-01-21T04:15:14","modified_gmt":"2022-01-21T04:15:14","slug":"3m-securefit-gafas-protectora-sf410as","status":"publish","type":"product","link":"https:\/\/eyrsecurity.com\/?product=3m-securefit-gafas-protectora-sf410as","title":{"rendered":"GAFAS PROTECTORA SECUREFIT\u2122  SF410AS 3M\u2122"},"content":{"rendered":"<h4 class=\"MMM--hdg MMM--hdg_2 SNAPS--hdg_2 MMM--tabHeader\">Detalles<\/h4>\n<div class=\"tabContentContainer MMM--contentToggle-target MMM--isActive\">\n<div class=\"MMM--contentPadded MMM--accordionPanel\">\n<div class=\"MMM--grids\">\n<div class=\"MMM--grids-col MMM--grids-col_pdpMain\">\n<ul class=\"MMM--pdpList SNAPS--bullets\">\n<li>3M\u2122 Tecnolog\u00eda de Difusi\u00f3n de Presi\u00f3n para Patillas permite que las patillas se ajusten naturalmente a los tama\u00f1os de cabeza individuales, lo que elimina la necesidad de almacenar varios tama\u00f1os de armaz\u00f3n en los lugares de trabajo.<\/li>\n<li>Los puntos de contacto de las patillas acolchados y las almohadillas nasales suaves proporcionan mayor comodidad para un uso prolongado<\/li>\n<li>El ajuste ce\u00f1ido y seguro ayuda a mantener las gafas en su lugar sin deslizamientos incluso cuando la persona est\u00e1 en movimiento<\/li>\n<li>Ribetes contorneados inspirados en el movimiento en una paleta de colores moderna y atrevida para una infusi\u00f3n de estilo<\/li>\n<li>El revestimiento antivaho opcional ayuda a mantener las lentes libres de humedad en condiciones c\u00e1lidas y h\u00famedas<\/li>\n<li>Las lentes de policarbonato absorben el 99,9% de los rayos UVA y UVB hasta 280 nm y cumplen con los requisitos de CSA Z94.3 y ANSI Z87.1-2015<\/li>\n<li>Disponible en m\u00faltiples opciones de tinte de color\/lente<\/li>\n<li>Las lentes de policarbonato absorben el 99,9% de los rayos UVA y UVB<\/li>\n<li>Cumple con el requisito de protector con clasificaci\u00f3n de impacto de la norma ANSI-ISEA Z87.1-2024<\/li>\n<\/ul>\n<\/div>\n<\/div>\n<\/div>\n<\/div>\n","protected":false},"excerpt":{"rendered":"<p class=\"SNAPS--pdpTabDes\">3M\u2122 SecureFit\u2122 Series 400 cuenta con almohadillas nasales ajustables suaves, patillas de doble inyecci\u00f3n, y cuentan con el 3M\u2122 Tecnolog\u00eda de Difusi\u00f3n de Presi\u00f3n que ayuda a difundir la presi\u00f3n sobre la oreja para mejorar la comodidad de la montura sin comprometer la seguridad del ajuste en una fuerza laboral diversa.<\/p>\n<p class=\"SNAPS--pdpTabDes\">3M\u2122 SecureFit\u2122 Gafas Protectoras Series 400 se ajustan naturalmente las patillas a los tama\u00f1os de cabeza individuales para un ajuste personalizado a cada persona. Esta caracter\u00edstica de autoajuste es posible a trav\u00e9s de la tecnolog\u00eda de difusi\u00f3n de presi\u00f3n de patillas patentada por 3M, un nuevo dise\u00f1o sin partes m\u00f3viles ni nada que ajustar. Dise\u00f1adas para difundir la presi\u00f3n sobre las orejas, las gafas se ajustan autom\u00e1ticamente a la cabeza del usuario. Con un peso de menos de 1 onza, la naturaleza duradera, ce\u00f1ida y flexible de SecureFit\u2122 ofrece un ajuste m\u00e1s c\u00f3modo y personal que los anteojos tradicionales de \u201ctalla \u00fanica\u201d que son r\u00edgidos e inflexibles en dise\u00f1o. Estas gafas se adaptan al usuario, y no al rev\u00e9s. El ajuste ce\u00f1ido tambi\u00e9n ayuda a mantener las gafas firmemente en su lugar mientras el usuario mira hacia arriba y hacia abajo o de lado a lado, lo que elimina la necesidad de reposicionar las gafas con frecuencia debido al movimiento de la cabeza. Las gafas SecureFit\u2122 Serie 400 mejoran la comodidad y la seguridad del ajuste con almohadillas nasales suaves y ajustables y patillas acolchadas de doble inyecci\u00f3n. La Serie 400 tambi\u00e9n cuenta con un ribete contorneado inspirado en el movimiento en la parte exterior de la patilla para una infusi\u00f3n de estilo. Estas gafas de seguridad vers\u00e1tiles ayudan a eliminar el gasto de almacenar varios tama\u00f1os de armaz\u00f3n en los lugares de trabajo para adaptarse a diferentes tama\u00f1os de cabeza. El revestimiento antivaho opcional de las lentes ayuda a reducir las posibilidades de que se empa\u00f1en en ambientes c\u00e1lidos y h\u00famedos. Las propiedades anti-empa\u00f1amiento ayudan a mantener la visibilidad y reducen la necesidad de quitarse los anteojos para eliminar la humedad de las lentes. Estas gafas vienen con importantes caracter\u00edsticas de seguridad para la protecci\u00f3n general de los ojos, incluidas las lentes de policarbonato resistentes a los impactos que absorben el 99,9% de los rayos UVA y UVB hasta 280 nm. Las gafas tambi\u00e9n cumplen con los requisitos de CSA Z94.3 y ANSI Z87.1-2015. Estas gafas protectoras pesan menos de una onza para una comodidad ligera.<\/p>\n","protected":false},"featured_media":2640,"comment_status":"open","ping_status":"closed","template":"","meta":{"site-sidebar-layout":"default","site-content-layout":"default","ast-main-header-display":"","ast-hfb-above-header-display":"","ast-hfb-below-header-display":"","ast-hfb-mobile-header-display":"","site-post-title":"","ast-breadcrumbs-content":"","ast-featured-img":"","footer-sml-layout":"","theme-transparent-header-meta":"default","adv-header-id-meta":"","stick-header-meta":"","header-above-stick-meta":"","header-main-stick-meta":"","header-below-stick-meta":""},"product_brand":[],"product_cat":[23],"product_tag":[],"class_list":{"0":"post-1585","1":"product","2":"type-product","3":"status-publish","4":"has-post-thumbnail","6":"product_cat-proteccion-visual-y-facial","8":"first","9":"instock","10":"shipping-taxable","11":"product-type-simple"},"_links":{"self":[{"href":"https:\/\/eyrsecurity.com\/index.php?rest_route=\/wp\/v2\/product\/1585","targetHints":{"allow":["GET"]}}],"collection":[{"href":"https:\/\/eyrsecurity.com\/index.php?rest_route=\/wp\/v2\/product"}],"about":[{"href":"https:\/\/eyrsecurity.com\/index.php?rest_route=\/wp\/v2\/types\/product"}],"replies":[{"embeddable":true,"href":"https:\/\/eyrsecurity.com\/index.php?rest_route=%2Fwp%2Fv2%2Fcomments&post=1585"}],"wp:featuredmedia":[{"embeddable":true,"href":"https:\/\/eyrsecurity.com\/index.php?rest_route=\/wp\/v2\/media\/2640"}],"wp:attachment":[{"href":"https:\/\/eyrsecurity.com\/index.php?rest_route=%2Fwp%2Fv2%2Fmedia&parent=1585"}],"wp:term":[{"taxonomy":"product_brand","embeddable":true,"href":"https:\/\/eyrsecurity.com\/index.php?rest_route=%2Fwp%2Fv2%2Fproduct_brand&post=1585"},{"taxonomy":"product_cat","embeddable":true,"href":"https:\/\/eyrsecurity.com\/index.php?rest_route=%2Fwp%2Fv2%2Fproduct_cat&post=1585"},{"taxonomy":"product_tag","embeddable":true,"href":"https:\/\/eyrsecurity.com\/index.php?rest_route=%2Fwp%2Fv2%2Fproduct_tag&post=1585"}],"curies":[{"name":"wp","href":"https:\/\/api.w.org\/{rel}","templated":true}]}}