{"id":1584,"date":"2021-10-18T05:42:14","date_gmt":"2021-10-18T05:42:14","guid":{"rendered":"https:\/\/eyrsecurity.com\/?post_type=product&#038;p=1584"},"modified":"2022-01-21T04:13:50","modified_gmt":"2022-01-21T04:13:50","slug":"3m-gogglegear-serie-500","status":"publish","type":"product","link":"https:\/\/eyrsecurity.com\/?product=3m-gogglegear-serie-500","title":{"rendered":"GOGGLEGEAR SERIE 500 ANTIPARRA 3M"},"content":{"rendered":"<h4 class=\"MMM--hdg MMM--hdg_2 SNAPS--hdg_2 MMM--tabHeader\">Detalles<\/h4>\n<div class=\"tabContentContainer MMM--contentToggle-target MMM--isActive\">\n<div class=\"MMM--contentPadded MMM--accordionPanel\">\n<div class=\"MMM--grids\">\n<div class=\"MMM--grids-col MMM--grids-col_pdpMain\">\n<ul class=\"MMM--pdpList SNAPS--bullets\">\n<li>El recubrimiento anti-empa\u00f1ante 3M\u2122 Scotchgard\u2122 dura m\u00e1s* que cualquier recubrimiento anti-empa\u00f1ante tradicional, ayudando a mejorar el desempe\u00f1o de las gafas en ambientes h\u00famedos y con vapor.<\/li>\n<li>Los trabajadores pueden disfrutar de una vista confiable y m\u00e1s clara por m\u00e1s tiempo porque el recubrimiento, con su ingrediente activo, est\u00e1 unido al lente. El recubrimiento mantiene su efectividad por al menos 25 lavados con agua, lo cual permite a los trabajadores usar sus gafas por m\u00e1s tiempo.<\/li>\n<li>El recubrimiento soporta la desinfecci\u00f3n con lej\u00eda diluida o pa\u00f1os con alcohol sin perder su desempe\u00f1o anti-empa\u00f1ante.<\/li>\n<li>Las micas anti-empa\u00f1antes 3M\u2122 Scotchgard\u2122 cumplen con los requisitos de ANSI Z87.1 y CSA Z94.3<\/li>\n<li>* Basado en pruebas internas de 3M seg\u00fan el m\u00e9todo de prueba EN168 en comparaci\u00f3n con otros recubrimientos anti-empa\u00f1antes tradicionales.<\/li>\n<\/ul>\n<\/div>\n<\/div>\n<\/div>\n<\/div>\n","protected":false},"excerpt":{"rendered":"<p class=\"SNAPS--pdpTabDes\">Las micas de los 3M\u2122 Goggle Gear con recubrimiento claro anti-empa\u00f1antes Scotchgard\u2122 resisten empa\u00f1arse m\u00e1s tiempo que las capas anti-empa\u00f1antes tradicionales, ayudando a mantener la visi\u00f3n m\u00e1s clara para los trabajadores en el trabajo. Los resultados del desempe\u00f1o anti-empa\u00f1ante de los lentes se basan en las pruebas internas de 3M seg\u00fan el m\u00e9todo de prueba EN168 cuando se comparan con capas anti-empa\u00f1antes tradicionales.<\/p>\n<p class=\"SNAPS--pdpTabDes\">Los 3M\u2122 Goggle Gear Serie 500 cuentan con un dise\u00f1o de bajo perfil con una correa ajustable y ventilaci\u00f3n indirecta. Estos goggles de protecci\u00f3n contra salpicaduras con recubrimiento anti-empa\u00f1ante 3M\u2122 Scotchgard\u2122 ayudan a mantener los lentes despejados en ambientes h\u00famedos y con vapor. La ciencia detr\u00e1s de la tecnolog\u00eda anti-empa\u00f1ante 3M\u2122 Scotchgard\u2122 La tecnolog\u00eda anti-empa\u00f1ante 3M\u2122 Scotchgard\u2122 proporciona un mejor desempe\u00f1o anti-empa\u00f1ante* a los lentes de seguridad, ayudando a los trabajadores a ver m\u00e1s claramente para realizar tareas en el trabajo. La tecnolog\u00eda anti-empa\u00f1ante se basa en pruebas internas de 3M seg\u00fan el m\u00e9todo de prueba EN168 en comparaci\u00f3n con otros recubrimientos anti-empa\u00f1ante tradicionales. As\u00ed es como funcionan las propiedades anti-empa\u00f1antes: Cuando gotas microsc\u00f3picas de agua caen en los lentes sin ning\u00fan tipo de recubrimiento, se acumulan y forman condensaci\u00f3n y vaho, oscureciendo su visi\u00f3n. Con la tecnolog\u00eda anti-empa\u00f1ante 3M\u2122 Scotchgard\u2122, el recubrimiento anti-empa\u00f1ante produce un \u00e1ngulo de contacto reducido, aplanando las gotas de agua en una pel\u00edcula delgada y transparente de agua que permite que la luz pase a trav\u00e9s de la misma. El recubrimiento anti-empa\u00f1ante 3M\u2122 Scotchgard\u2122 resiste el empa\u00f1amiento por m\u00e1s tiempo que los recubrimientos anti-empa\u00f1antes tradicionales, incluso despu\u00e9s de lavarlo varias veces. Protecci\u00f3n ocular fabricada para los rigores del trabajo. El recubrimiento anti-empa\u00f1ante 3M\u2122 Scotchgard\u2122 con su ingrediente activo est\u00e1 unido al lente, lo que ayuda a que las gafas duren m\u00e1s tiempo. El recubrimiento mantiene su efectividad por al menos 25 lavados con agua. El recubrimiento soporta la desinfecci\u00f3n con lej\u00eda diluida o pa\u00f1os con alcohol sin perder su desempe\u00f1o anti-empa\u00f1ante. Las gafas cumplen con los requisitos de ANSI Z87.1 y CSA Z94.3. Las gafas tambi\u00e9n vienen con lentes de policarbonato que absorben 99.9\u00a0% de los rayos UV.<\/p>\n","protected":false},"featured_media":2702,"comment_status":"open","ping_status":"closed","template":"","meta":{"site-sidebar-layout":"default","site-content-layout":"default","ast-main-header-display":"","ast-hfb-above-header-display":"","ast-hfb-below-header-display":"","ast-hfb-mobile-header-display":"","site-post-title":"","ast-breadcrumbs-content":"","ast-featured-img":"","footer-sml-layout":"","theme-transparent-header-meta":"default","adv-header-id-meta":"","stick-header-meta":"","header-above-stick-meta":"","header-main-stick-meta":"","header-below-stick-meta":""},"product_brand":[],"product_cat":[23],"product_tag":[],"class_list":{"0":"post-1584","1":"product","2":"type-product","3":"status-publish","4":"has-post-thumbnail","6":"product_cat-proteccion-visual-y-facial","8":"first","9":"instock","10":"shipping-taxable","11":"product-type-simple"},"_links":{"self":[{"href":"https:\/\/eyrsecurity.com\/index.php?rest_route=\/wp\/v2\/product\/1584","targetHints":{"allow":["GET"]}}],"collection":[{"href":"https:\/\/eyrsecurity.com\/index.php?rest_route=\/wp\/v2\/product"}],"about":[{"href":"https:\/\/eyrsecurity.com\/index.php?rest_route=\/wp\/v2\/types\/product"}],"replies":[{"embeddable":true,"href":"https:\/\/eyrsecurity.com\/index.php?rest_route=%2Fwp%2Fv2%2Fcomments&post=1584"}],"wp:featuredmedia":[{"embeddable":true,"href":"https:\/\/eyrsecurity.com\/index.php?rest_route=\/wp\/v2\/media\/2702"}],"wp:attachment":[{"href":"https:\/\/eyrsecurity.com\/index.php?rest_route=%2Fwp%2Fv2%2Fmedia&parent=1584"}],"wp:term":[{"taxonomy":"product_brand","embeddable":true,"href":"https:\/\/eyrsecurity.com\/index.php?rest_route=%2Fwp%2Fv2%2Fproduct_brand&post=1584"},{"taxonomy":"product_cat","embeddable":true,"href":"https:\/\/eyrsecurity.com\/index.php?rest_route=%2Fwp%2Fv2%2Fproduct_cat&post=1584"},{"taxonomy":"product_tag","embeddable":true,"href":"https:\/\/eyrsecurity.com\/index.php?rest_route=%2Fwp%2Fv2%2Fproduct_tag&post=1584"}],"curies":[{"name":"wp","href":"https:\/\/api.w.org\/{rel}","templated":true}]}}