{"id":1582,"date":"2021-10-18T05:42:14","date_gmt":"2021-10-18T05:42:14","guid":{"rendered":"https:\/\/eyrsecurity.com\/?post_type=product&#038;p=1582"},"modified":"2021-10-24T07:17:24","modified_gmt":"2021-10-24T07:17:24","slug":"puntera-de-acero","status":"publish","type":"product","link":"https:\/\/eyrsecurity.com\/?product=puntera-de-acero","title":{"rendered":"PUNTERA DE ACERO"},"content":{"rendered":"<h4>Material<\/h4>\n<ul>\n<li>Fabricadas en acero y tratadas t\u00e9rmicamente.<\/li>\n<li>Las punteras de acero\u00a0 tienen un ajuste regulable en la parte posterior, esto facilita la medida perfecta.<\/li>\n<\/ul>\n","protected":false},"excerpt":{"rendered":"<p><strong>PUNTERAS DE ACERO PARA VISITA\u00a0LW-702\u00a0ELLWOOD<\/strong><a href=\"https:\/\/alcacompany.com\/etiqueta-producto\/ellwood-saf\/\">,<\/a> tiene la protecci\u00f3n que necesita, ya que proporcionan m\u00e1xima protecci\u00f3n para los dedos y no causan molestias. Accesorio puntera de calzado con sujetador de jebe material de acero. Proporcionan una protecci\u00f3n equivalente a las normas ANSI-Z41.<\/p>\n","protected":false},"featured_media":2258,"comment_status":"open","ping_status":"closed","template":"","meta":{"site-sidebar-layout":"default","site-content-layout":"default","ast-main-header-display":"","ast-hfb-above-header-display":"","ast-hfb-below-header-display":"","ast-hfb-mobile-header-display":"","site-post-title":"","ast-breadcrumbs-content":"","ast-featured-img":"","footer-sml-layout":"","theme-transparent-header-meta":"default","adv-header-id-meta":"","stick-header-meta":"","header-above-stick-meta":"","header-main-stick-meta":"","header-below-stick-meta":""},"product_brand":[],"product_cat":[27],"product_tag":[],"class_list":{"0":"post-1582","1":"product","2":"type-product","3":"status-publish","4":"has-post-thumbnail","6":"product_cat-proteccion-a-los-pies","8":"first","9":"instock","10":"shipping-taxable","11":"product-type-simple"},"_links":{"self":[{"href":"https:\/\/eyrsecurity.com\/index.php?rest_route=\/wp\/v2\/product\/1582","targetHints":{"allow":["GET"]}}],"collection":[{"href":"https:\/\/eyrsecurity.com\/index.php?rest_route=\/wp\/v2\/product"}],"about":[{"href":"https:\/\/eyrsecurity.com\/index.php?rest_route=\/wp\/v2\/types\/product"}],"replies":[{"embeddable":true,"href":"https:\/\/eyrsecurity.com\/index.php?rest_route=%2Fwp%2Fv2%2Fcomments&post=1582"}],"wp:featuredmedia":[{"embeddable":true,"href":"https:\/\/eyrsecurity.com\/index.php?rest_route=\/wp\/v2\/media\/2258"}],"wp:attachment":[{"href":"https:\/\/eyrsecurity.com\/index.php?rest_route=%2Fwp%2Fv2%2Fmedia&parent=1582"}],"wp:term":[{"taxonomy":"product_brand","embeddable":true,"href":"https:\/\/eyrsecurity.com\/index.php?rest_route=%2Fwp%2Fv2%2Fproduct_brand&post=1582"},{"taxonomy":"product_cat","embeddable":true,"href":"https:\/\/eyrsecurity.com\/index.php?rest_route=%2Fwp%2Fv2%2Fproduct_cat&post=1582"},{"taxonomy":"product_tag","embeddable":true,"href":"https:\/\/eyrsecurity.com\/index.php?rest_route=%2Fwp%2Fv2%2Fproduct_tag&post=1582"}],"curies":[{"name":"wp","href":"https:\/\/api.w.org\/{rel}","templated":true}]}}