{"id":1581,"date":"2021-10-18T05:42:14","date_gmt":"2021-10-18T05:42:14","guid":{"rendered":"https:\/\/eyrsecurity.com\/?post_type=product&#038;p=1581"},"modified":"2021-10-25T04:24:34","modified_gmt":"2021-10-25T04:24:34","slug":"faja-lumbar-elastica-25-cm-maicol","status":"publish","type":"product","link":"https:\/\/eyrsecurity.com\/?product=faja-lumbar-elastica-25-cm-maicol","title":{"rendered":"FAJA LUMBAR EL\u00c1STICA 25 CM MAICOL"},"content":{"rendered":"<ul>\n<li>Cinta re\ufb02ectiva fusionada.<\/li>\n<li>Tirantes el\u00e1scos ajustables de 37mm.<\/li>\n<li>Cuerpo el\u00e1sco y telar de 25 cm.<\/li>\n<li>Soporte lumbar con 5 varillas r\u00edgidas, anat\u00f3micas en PVC de 1\u201d x 9 \u00bc\u201d.<\/li>\n<li>Banda de ajuste con cierre delantero el\u00e1stico y velcro de 20 cm.<\/li>\n<li>Segundo banda el\u00e1sca con velcro de 10 cm.<\/li>\n<li>Tallas disponibles, S \u2013 M \u2013 L \u2013 XL \u2013 XXL.<\/li>\n<\/ul>\n","protected":false},"excerpt":{"rendered":"<p>Cinta re\ufb02ectiva fusionada. Tirantes el\u00e1scos ajustables de 37mm. Cuerpo el\u00e1sco y telar de 25 cm. Soporte lumbar con 5 varillas r\u00edgidas, anat\u00f3micas en PVC de 1\u201d x 9 \u00bc\u201d. Banda de ajuste con cierre delantero el\u00e1stico y velcro de 20 cm. Segundo banda el\u00e1sca con velcro de 10 cm. Tallas disponibles, S \u2013 M \u2013 &hellip;<\/p>\n<p class=\"read-more\"> <a class=\"\" href=\"https:\/\/eyrsecurity.com\/?product=faja-lumbar-elastica-25-cm-maicol\"> <span class=\"screen-reader-text\">FAJA LUMBAR EL\u00c1STICA 25 CM MAICOL<\/span> Leer m\u00e1s &raquo;<\/a><\/p>\n","protected":false},"featured_media":2586,"comment_status":"open","ping_status":"closed","template":"","meta":{"site-sidebar-layout":"default","site-content-layout":"default","ast-main-header-display":"","ast-hfb-above-header-display":"","ast-hfb-below-header-display":"","ast-hfb-mobile-header-display":"","site-post-title":"","ast-breadcrumbs-content":"","ast-featured-img":"","footer-sml-layout":"","theme-transparent-header-meta":"default","adv-header-id-meta":"","stick-header-meta":"","header-above-stick-meta":"","header-main-stick-meta":"","header-below-stick-meta":""},"product_brand":[],"product_cat":[33],"product_tag":[],"class_list":{"0":"post-1581","1":"product","2":"type-product","3":"status-publish","4":"has-post-thumbnail","6":"product_cat-ropa-de-seguridad","8":"first","9":"instock","10":"shipping-taxable","11":"product-type-simple"},"_links":{"self":[{"href":"https:\/\/eyrsecurity.com\/index.php?rest_route=\/wp\/v2\/product\/1581","targetHints":{"allow":["GET"]}}],"collection":[{"href":"https:\/\/eyrsecurity.com\/index.php?rest_route=\/wp\/v2\/product"}],"about":[{"href":"https:\/\/eyrsecurity.com\/index.php?rest_route=\/wp\/v2\/types\/product"}],"replies":[{"embeddable":true,"href":"https:\/\/eyrsecurity.com\/index.php?rest_route=%2Fwp%2Fv2%2Fcomments&post=1581"}],"wp:featuredmedia":[{"embeddable":true,"href":"https:\/\/eyrsecurity.com\/index.php?rest_route=\/wp\/v2\/media\/2586"}],"wp:attachment":[{"href":"https:\/\/eyrsecurity.com\/index.php?rest_route=%2Fwp%2Fv2%2Fmedia&parent=1581"}],"wp:term":[{"taxonomy":"product_brand","embeddable":true,"href":"https:\/\/eyrsecurity.com\/index.php?rest_route=%2Fwp%2Fv2%2Fproduct_brand&post=1581"},{"taxonomy":"product_cat","embeddable":true,"href":"https:\/\/eyrsecurity.com\/index.php?rest_route=%2Fwp%2Fv2%2Fproduct_cat&post=1581"},{"taxonomy":"product_tag","embeddable":true,"href":"https:\/\/eyrsecurity.com\/index.php?rest_route=%2Fwp%2Fv2%2Fproduct_tag&post=1581"}],"curies":[{"name":"wp","href":"https:\/\/api.w.org\/{rel}","templated":true}]}}