{"id":1578,"date":"2021-10-18T05:42:14","date_gmt":"2021-10-18T05:42:14","guid":{"rendered":"https:\/\/eyrsecurity.com\/?post_type=product&#038;p=1578"},"modified":"2021-10-25T05:18:55","modified_gmt":"2021-10-25T05:18:55","slug":"3m-4510-traje-tyvek-descartable","status":"publish","type":"product","link":"https:\/\/eyrsecurity.com\/?product=3m-4510-traje-tyvek-descartable","title":{"rendered":"3M 4510 \u2013 TRAJE TYVEK DESCARTABLE"},"content":{"rendered":"<h4 class=\"title-tab\">Descripci\u00f3n<\/h4>\n<ul>\n<li>Excelente barrera contra part\u00edculas secas y salpicaduras l\u00edquidas (CE tipo 5\/6).<\/li>\n<li>Material laminado microporoso.<\/li>\n<li>Capucha, Cintura y Tobillos elasticados, para una mayor seguridad y libertad de movimientos.<\/li>\n<li>Cierre de doble sentido para mayor practicidad..<\/li>\n<li>Sin Costuras en hombros ni brazos para evitar penetraci\u00f3n de agentes peligrosos.<\/li>\n<li>Tela con propiedades anti-est\u00e1ticas.<\/li>\n<\/ul>\n<h4><strong>Normas<\/strong><\/h4>\n<p>El Overol de protecci\u00f3n contra qu\u00edmicos 4510 de 3M cumple con los requerimientos de las siguientes normas europeas:<\/p>\n<ul>\n<li>pr EN ISO 13034:1997: Desempe\u00f1o limitado de protecci\u00f3n Tipo 6: Contra qu\u00edmicos l\u00edquidos (protecci\u00f3n contra salpicaduras).<\/li>\n<li>prEN ISO 13982-1:2000: Desempe\u00f1o limitado de protecci\u00f3n Tipo 5: Contra part\u00edculas secas<br \/>\npeligrosas (protecci\u00f3n contra polvos) EN 1149-1:1995: Protecci\u00f3n contra electrost\u00e1tica<\/li>\n<\/ul>\n","protected":false},"excerpt":{"rendered":"<p><strong>4510 Traje de Seguridad blanco tipo 5\/6<\/strong><\/p>\n<p>El Buzo Desechable 4510 de 3M est\u00e1 dise\u00f1ado para ayudar a proteger contra ciertas salpicaduras de l\u00edquidos (tipo 6) y polvos peligrosos (tipo 5). Cuenta con aprobaci\u00f3n CE bajo la directiva de elementos de protecci\u00f3n personal (89\/686\/ECC), categor\u00eda III.<\/p>\n","protected":false},"featured_media":2588,"comment_status":"open","ping_status":"closed","template":"","meta":{"site-sidebar-layout":"default","site-content-layout":"default","ast-main-header-display":"","ast-hfb-above-header-display":"","ast-hfb-below-header-display":"","ast-hfb-mobile-header-display":"","site-post-title":"","ast-breadcrumbs-content":"","ast-featured-img":"","footer-sml-layout":"","theme-transparent-header-meta":"default","adv-header-id-meta":"","stick-header-meta":"","header-above-stick-meta":"","header-main-stick-meta":"","header-below-stick-meta":""},"product_brand":[],"product_cat":[24,33],"product_tag":[],"class_list":{"0":"post-1578","1":"product","2":"type-product","3":"status-publish","4":"has-post-thumbnail","6":"product_cat-bioseguridad-e-higiene","7":"product_cat-ropa-de-seguridad","9":"first","10":"instock","11":"shipping-taxable","12":"product-type-simple"},"_links":{"self":[{"href":"https:\/\/eyrsecurity.com\/index.php?rest_route=\/wp\/v2\/product\/1578","targetHints":{"allow":["GET"]}}],"collection":[{"href":"https:\/\/eyrsecurity.com\/index.php?rest_route=\/wp\/v2\/product"}],"about":[{"href":"https:\/\/eyrsecurity.com\/index.php?rest_route=\/wp\/v2\/types\/product"}],"replies":[{"embeddable":true,"href":"https:\/\/eyrsecurity.com\/index.php?rest_route=%2Fwp%2Fv2%2Fcomments&post=1578"}],"wp:featuredmedia":[{"embeddable":true,"href":"https:\/\/eyrsecurity.com\/index.php?rest_route=\/wp\/v2\/media\/2588"}],"wp:attachment":[{"href":"https:\/\/eyrsecurity.com\/index.php?rest_route=%2Fwp%2Fv2%2Fmedia&parent=1578"}],"wp:term":[{"taxonomy":"product_brand","embeddable":true,"href":"https:\/\/eyrsecurity.com\/index.php?rest_route=%2Fwp%2Fv2%2Fproduct_brand&post=1578"},{"taxonomy":"product_cat","embeddable":true,"href":"https:\/\/eyrsecurity.com\/index.php?rest_route=%2Fwp%2Fv2%2Fproduct_cat&post=1578"},{"taxonomy":"product_tag","embeddable":true,"href":"https:\/\/eyrsecurity.com\/index.php?rest_route=%2Fwp%2Fv2%2Fproduct_tag&post=1578"}],"curies":[{"name":"wp","href":"https:\/\/api.w.org\/{rel}","templated":true}]}}