{"id":1577,"date":"2021-10-18T05:42:13","date_gmt":"2021-10-18T05:42:13","guid":{"rendered":"https:\/\/eyrsecurity.com\/?post_type=product&#038;p=1577"},"modified":"2021-10-25T05:19:46","modified_gmt":"2021-10-25T05:19:46","slug":"3m-4530-traje-tyvek-descartable","status":"publish","type":"product","link":"https:\/\/eyrsecurity.com\/?product=3m-4530-traje-tyvek-descartable","title":{"rendered":"3M 4530 \u2013 TRAJE TYVEK DESCARTABLE"},"content":{"rendered":"<h4 class=\"MMM--hdg MMM--hdg_2 SNAPS--hdg_2 MMM--tabHeader\">Detalles<\/h4>\n<div class=\"tabContentContainer MMM--contentToggle-target MMM--isActive\">\n<div class=\"MMM--contentPadded MMM--accordionPanel\">\n<div class=\"MMM--grids\">\n<div class=\"MMM--grids-col MMM--grids-col_pdpMain\">\n<ul class=\"MMM--pdpList SNAPS--bullets\">\n<li>Tratamiento resistente al fuego ofrece una protecci\u00f3n secundaria contra el calor y las llamas.<\/li>\n<li>Fabricados con un material transpirable que ayuda a reducir la acumulaci\u00f3n de calor y promover un uso muy c\u00f3modo.<\/li>\n<li>Los pu\u00f1os de punto proporcionan un cierre de la mu\u00f1eca suave para un mayor confort en comparaci\u00f3n con los cierres el\u00e1sticos.<\/li>\n<li>Refuerzo entre las piernas para ayudar a proporcionar una mayor durabilidad durante la flexi\u00f3n y en cuclillas.<\/li>\n<li>Cremallera de dos v\u00edas con solapa sellable por conveniencia y para ayudar a proporcionar una protecci\u00f3n adicional.<\/li>\n<li>Cintura y tobillos el\u00e1sticos para mayor comodidad y libertad de movimiento.<\/li>\n<li>Recubrimiento antiest\u00e1tico en ambos lados ayuda a reducir la acumulaci\u00f3n de electricidad est\u00e1tica y evitar el riesgo de descargas est\u00e1ticas durante el uso.<\/li>\n<\/ul>\n<\/div>\n<\/div>\n<\/div>\n<\/div>\n","protected":false},"excerpt":{"rendered":"<p class=\"SNAPS--pdpTabDes\">El 3M\u2122 Traje de protecci\u00f3n desechable 4350 es ligero, de polipropileno respirable con resistencia a la flama. Dise\u00f1ado para el uso sobre ropa primaria FR, que protege contra el polvo y salpicadura de l\u00edquidos.<\/p>\n<p class=\"SNAPS--pdpTabDes\">Las caracter\u00edsticas clave hacen de esta prenda de protecci\u00f3n una gran opci\u00f3n EPP descartables. La protecci\u00f3n 3M 4530 ayuda a proteger contra el polvo y las salpicaduras de l\u00edquidos claros. Las aplicaciones t\u00edpicas de esta ropa de trabajo de seguridad pueden ser: soldadura, rectificado de metales, el general Polvo Manejo y carpinter\u00eda. Dise\u00f1ado para usarse sobre la ropa FR t\u00e9rmicas primarios<\/p>\n","protected":false},"featured_media":2548,"comment_status":"open","ping_status":"closed","template":"","meta":{"site-sidebar-layout":"default","site-content-layout":"default","ast-main-header-display":"","ast-hfb-above-header-display":"","ast-hfb-below-header-display":"","ast-hfb-mobile-header-display":"","site-post-title":"","ast-breadcrumbs-content":"","ast-featured-img":"","footer-sml-layout":"","theme-transparent-header-meta":"default","adv-header-id-meta":"","stick-header-meta":"","header-above-stick-meta":"","header-main-stick-meta":"","header-below-stick-meta":""},"product_brand":[],"product_cat":[24,33],"product_tag":[],"class_list":{"0":"post-1577","1":"product","2":"type-product","3":"status-publish","4":"has-post-thumbnail","6":"product_cat-bioseguridad-e-higiene","7":"product_cat-ropa-de-seguridad","9":"first","10":"instock","11":"shipping-taxable","12":"product-type-simple"},"_links":{"self":[{"href":"https:\/\/eyrsecurity.com\/index.php?rest_route=\/wp\/v2\/product\/1577","targetHints":{"allow":["GET"]}}],"collection":[{"href":"https:\/\/eyrsecurity.com\/index.php?rest_route=\/wp\/v2\/product"}],"about":[{"href":"https:\/\/eyrsecurity.com\/index.php?rest_route=\/wp\/v2\/types\/product"}],"replies":[{"embeddable":true,"href":"https:\/\/eyrsecurity.com\/index.php?rest_route=%2Fwp%2Fv2%2Fcomments&post=1577"}],"wp:featuredmedia":[{"embeddable":true,"href":"https:\/\/eyrsecurity.com\/index.php?rest_route=\/wp\/v2\/media\/2548"}],"wp:attachment":[{"href":"https:\/\/eyrsecurity.com\/index.php?rest_route=%2Fwp%2Fv2%2Fmedia&parent=1577"}],"wp:term":[{"taxonomy":"product_brand","embeddable":true,"href":"https:\/\/eyrsecurity.com\/index.php?rest_route=%2Fwp%2Fv2%2Fproduct_brand&post=1577"},{"taxonomy":"product_cat","embeddable":true,"href":"https:\/\/eyrsecurity.com\/index.php?rest_route=%2Fwp%2Fv2%2Fproduct_cat&post=1577"},{"taxonomy":"product_tag","embeddable":true,"href":"https:\/\/eyrsecurity.com\/index.php?rest_route=%2Fwp%2Fv2%2Fproduct_tag&post=1577"}],"curies":[{"name":"wp","href":"https:\/\/api.w.org\/{rel}","templated":true}]}}