{"id":1575,"date":"2021-10-18T05:42:13","date_gmt":"2021-10-18T05:42:13","guid":{"rendered":"https:\/\/eyrsecurity.com\/?post_type=product&#038;p=1575"},"modified":"2021-10-25T05:21:06","modified_gmt":"2021-10-25T05:21:06","slug":"alphatec-2000-standard-modelo-122","status":"publish","type":"product","link":"https:\/\/eyrsecurity.com\/?product=alphatec-2000-standard-modelo-122","title":{"rendered":"ALPHATEC\u00ae 2000 STANDARD &#8211; MODELO 122"},"content":{"rendered":"<ul>\n<li>Barrera de protecci\u00f3n demostrada contra los riesgos biol\u00f3gicos l\u00edquidos y de part\u00edculas y sustancias qu\u00edmicas de bajo nivel de concentraci\u00f3n<\/li>\n<li>Uso muy c\u00f3modo, con tejido permeable al vapor de humedad \u00a0(\u201ctranspirable\u201d) para reducir el riesgo de sufrir estr\u00e9s t\u00e9rmico por calor<\/li>\n<li>Ajuste corporal optimizado, mejorando la comodidad y la seguridad del usuario<\/li>\n<li>Antiest\u00e1ticos, probados seg\u00fan EN 1149-5<\/li>\n<li>Baja tendencia a dejar fibras, reduciendo el riesgo de contaminaci\u00f3n cruzada de \u00e1reas cr\u00edticas<\/li>\n<li>Sin silicona, fundamental en aplicaciones de pintado con aerosoles<\/li>\n<\/ul>\n","protected":false},"excerpt":{"rendered":"<p>Tecnolog\u00eda laminado microporoso transpirable ligero, protecci\u00f3n Tipo 5\/6. Protege contra part\u00edculas finas y l\u00edquidos pulverizados de bajo riesgo, Uso muy c\u00f3modo, con tejido permeable al vapor de humedad (\u201ctranspirable\u201d) para reducir el riesgo de sufrir estr\u00e9s t\u00e9rmico por calor.<\/p>\n","protected":false},"featured_media":2546,"comment_status":"open","ping_status":"closed","template":"","meta":{"site-sidebar-layout":"default","site-content-layout":"default","ast-main-header-display":"","ast-hfb-above-header-display":"","ast-hfb-below-header-display":"","ast-hfb-mobile-header-display":"","site-post-title":"","ast-breadcrumbs-content":"","ast-featured-img":"","footer-sml-layout":"","theme-transparent-header-meta":"default","adv-header-id-meta":"","stick-header-meta":"","header-above-stick-meta":"","header-main-stick-meta":"","header-below-stick-meta":""},"product_brand":[],"product_cat":[24,33],"product_tag":[],"class_list":{"0":"post-1575","1":"product","2":"type-product","3":"status-publish","4":"has-post-thumbnail","6":"product_cat-bioseguridad-e-higiene","7":"product_cat-ropa-de-seguridad","9":"first","10":"instock","11":"shipping-taxable","12":"product-type-simple"},"_links":{"self":[{"href":"https:\/\/eyrsecurity.com\/index.php?rest_route=\/wp\/v2\/product\/1575","targetHints":{"allow":["GET"]}}],"collection":[{"href":"https:\/\/eyrsecurity.com\/index.php?rest_route=\/wp\/v2\/product"}],"about":[{"href":"https:\/\/eyrsecurity.com\/index.php?rest_route=\/wp\/v2\/types\/product"}],"replies":[{"embeddable":true,"href":"https:\/\/eyrsecurity.com\/index.php?rest_route=%2Fwp%2Fv2%2Fcomments&post=1575"}],"wp:featuredmedia":[{"embeddable":true,"href":"https:\/\/eyrsecurity.com\/index.php?rest_route=\/wp\/v2\/media\/2546"}],"wp:attachment":[{"href":"https:\/\/eyrsecurity.com\/index.php?rest_route=%2Fwp%2Fv2%2Fmedia&parent=1575"}],"wp:term":[{"taxonomy":"product_brand","embeddable":true,"href":"https:\/\/eyrsecurity.com\/index.php?rest_route=%2Fwp%2Fv2%2Fproduct_brand&post=1575"},{"taxonomy":"product_cat","embeddable":true,"href":"https:\/\/eyrsecurity.com\/index.php?rest_route=%2Fwp%2Fv2%2Fproduct_cat&post=1575"},{"taxonomy":"product_tag","embeddable":true,"href":"https:\/\/eyrsecurity.com\/index.php?rest_route=%2Fwp%2Fv2%2Fproduct_tag&post=1575"}],"curies":[{"name":"wp","href":"https:\/\/api.w.org\/{rel}","templated":true}]}}