{"id":1574,"date":"2021-10-18T05:42:13","date_gmt":"2021-10-18T05:42:13","guid":{"rendered":"https:\/\/eyrsecurity.com\/?post_type=product&#038;p=1574"},"modified":"2021-10-25T05:21:55","modified_gmt":"2021-10-25T05:21:55","slug":"traje-contra-quimicos-tychem-dupont","status":"publish","type":"product","link":"https:\/\/eyrsecurity.com\/?product=traje-contra-quimicos-tychem-dupont","title":{"rendered":"TRAJE CONTRA QU\u00cdMICOS TYCHEM &#8211; DUPONT"},"content":{"rendered":"<p><strong>Mameluco DuPont Tychem QC<\/strong>\u00a0es un traje de protecci\u00f3n confortable, liviano, durable utilizado\u00a0contra salpicaduras l\u00edquidas y contacto ocasional con pesticidas, \u00e1cidos inorg\u00e1nicos y \u00e1lcalis. Se encuentran confeccionados\u00a0con un film de polietileno de alta calidad colocado sobre la tela\u00a0<strong>Tyvek.<\/strong><\/p>\n<p>Cuando se trabaja en ambientes peligrosos, el color y la visibilidad de la ropa de protecci\u00f3n puede afectar la seguridad integral del trabajador. La visibilidad de un color depende de tres factores:<\/p>\n<p>1.- Sensibilidad \u00f3ptica del color cuando es expuesto a luz brillante.<br \/>\n2.- Sensibilidad \u00f3ptica del color cuando es expuesto a poca luz.<br \/>\n3.- Contraste del color cuando se encuentra con fondos de distintos\u00a0colores.<\/p>\n","protected":false},"excerpt":{"rendered":"<p>El color elegido para la confecci\u00f3n de Tychem QC es amarillo porque\u00a0provee buen contraste con respecto a una gran gama de colores naturales. Los estudios de laboratorio realizados demostraron que\u00a0Tychem QC\u00a0obtiene un alto rating por visibilidad con baja luz, luz brillante, y excelente contraste con distintos colores de fondo.<\/p>\n","protected":false},"featured_media":2627,"comment_status":"open","ping_status":"closed","template":"","meta":{"site-sidebar-layout":"default","site-content-layout":"default","ast-main-header-display":"","ast-hfb-above-header-display":"","ast-hfb-below-header-display":"","ast-hfb-mobile-header-display":"","site-post-title":"","ast-breadcrumbs-content":"","ast-featured-img":"","footer-sml-layout":"","theme-transparent-header-meta":"default","adv-header-id-meta":"","stick-header-meta":"","header-above-stick-meta":"","header-main-stick-meta":"","header-below-stick-meta":""},"product_brand":[],"product_cat":[24,33],"product_tag":[],"class_list":{"0":"post-1574","1":"product","2":"type-product","3":"status-publish","4":"has-post-thumbnail","6":"product_cat-bioseguridad-e-higiene","7":"product_cat-ropa-de-seguridad","9":"first","10":"instock","11":"shipping-taxable","12":"product-type-simple"},"_links":{"self":[{"href":"https:\/\/eyrsecurity.com\/index.php?rest_route=\/wp\/v2\/product\/1574","targetHints":{"allow":["GET"]}}],"collection":[{"href":"https:\/\/eyrsecurity.com\/index.php?rest_route=\/wp\/v2\/product"}],"about":[{"href":"https:\/\/eyrsecurity.com\/index.php?rest_route=\/wp\/v2\/types\/product"}],"replies":[{"embeddable":true,"href":"https:\/\/eyrsecurity.com\/index.php?rest_route=%2Fwp%2Fv2%2Fcomments&post=1574"}],"wp:featuredmedia":[{"embeddable":true,"href":"https:\/\/eyrsecurity.com\/index.php?rest_route=\/wp\/v2\/media\/2627"}],"wp:attachment":[{"href":"https:\/\/eyrsecurity.com\/index.php?rest_route=%2Fwp%2Fv2%2Fmedia&parent=1574"}],"wp:term":[{"taxonomy":"product_brand","embeddable":true,"href":"https:\/\/eyrsecurity.com\/index.php?rest_route=%2Fwp%2Fv2%2Fproduct_brand&post=1574"},{"taxonomy":"product_cat","embeddable":true,"href":"https:\/\/eyrsecurity.com\/index.php?rest_route=%2Fwp%2Fv2%2Fproduct_cat&post=1574"},{"taxonomy":"product_tag","embeddable":true,"href":"https:\/\/eyrsecurity.com\/index.php?rest_route=%2Fwp%2Fv2%2Fproduct_tag&post=1574"}],"curies":[{"name":"wp","href":"https:\/\/api.w.org\/{rel}","templated":true}]}}