{"id":1573,"date":"2021-10-18T05:42:13","date_gmt":"2021-10-18T05:42:13","guid":{"rendered":"https:\/\/eyrsecurity.com\/?post_type=product&#038;p=1573"},"modified":"2021-10-25T05:22:47","modified_gmt":"2021-10-25T05:22:47","slug":"traje-dupont-tyvek-500-chf5","status":"publish","type":"product","link":"https:\/\/eyrsecurity.com\/?product=traje-dupont-tyvek-500-chf5","title":{"rendered":"TRAJE DUPONT TYVEK 500 CHF5"},"content":{"rendered":"<table>\n<tbody>\n<tr>\n<td>Descripci\u00f3n &#8211; C\u00f3digo<\/td>\n<td>TYCHF5SWHXP\/TYCHF5SWHXB<\/td>\n<\/tr>\n<tr>\n<td>Tela<\/td>\n<td>Tyvek\u00ae 500<\/td>\n<\/tr>\n<tr>\n<td>Dise\u00f1o<\/td>\n<td>Mono con capucha y el\u00e1sticos<\/td>\n<\/tr>\n<tr>\n<td>Costura<\/td>\n<td>Costura externa<\/td>\n<\/tr>\n<tr>\n<td>Color<\/td>\n<td>Blanco<\/td>\n<\/tr>\n<tr>\n<td>Otros colores<\/td>\n<td><a href=\"https:\/\/www.dupont.es\/products\/tyvek-500-xpert-tychf5sbu00.html\" target=\"_blank\" rel=\"noopener\">Azul<\/a>,<a href=\"https:\/\/www.dupont.es\/products\/tyvek-500-xpert-tychf5sgr00.html\" target=\"_blank\" rel=\"noopener\">Verde<\/a><\/td>\n<\/tr>\n<tr>\n<td>Tallas<\/td>\n<td>SM, MD, LG, XL, 2X, 3X<\/td>\n<\/tr>\n<tr>\n<td>Cantidad por caja<\/td>\n<td>100 por caja, empaquetado individual\/100 por caja, 4 unidades de 25 (Eco Pack)<\/td>\n<\/tr>\n<\/tbody>\n<\/table>\n","protected":false},"excerpt":{"rendered":"<p>DuPont\u2122 Tyvek\u00ae 500 Xpert\/DuPont\u2122 Tyvek\u00ae 500 Xpert (Ecopack). Mono con capucha. Dise\u00f1o ergon\u00f3mico protector. Costuras internas cosidas. El\u00e1stico en mu\u00f1ecas, tobillos y cara. Cintura el\u00e1stica (pegada). Cremallera de Tyvek\u00ae y solapa. Eco Pack disponible. Blanco.<\/p>\n","protected":false},"featured_media":2530,"comment_status":"open","ping_status":"closed","template":"","meta":{"site-sidebar-layout":"default","site-content-layout":"default","ast-main-header-display":"","ast-hfb-above-header-display":"","ast-hfb-below-header-display":"","ast-hfb-mobile-header-display":"","site-post-title":"","ast-breadcrumbs-content":"","ast-featured-img":"","footer-sml-layout":"","theme-transparent-header-meta":"default","adv-header-id-meta":"","stick-header-meta":"","header-above-stick-meta":"","header-main-stick-meta":"","header-below-stick-meta":""},"product_brand":[],"product_cat":[24,33],"product_tag":[],"class_list":{"0":"post-1573","1":"product","2":"type-product","3":"status-publish","4":"has-post-thumbnail","6":"product_cat-bioseguridad-e-higiene","7":"product_cat-ropa-de-seguridad","9":"first","10":"instock","11":"shipping-taxable","12":"product-type-simple"},"_links":{"self":[{"href":"https:\/\/eyrsecurity.com\/index.php?rest_route=\/wp\/v2\/product\/1573","targetHints":{"allow":["GET"]}}],"collection":[{"href":"https:\/\/eyrsecurity.com\/index.php?rest_route=\/wp\/v2\/product"}],"about":[{"href":"https:\/\/eyrsecurity.com\/index.php?rest_route=\/wp\/v2\/types\/product"}],"replies":[{"embeddable":true,"href":"https:\/\/eyrsecurity.com\/index.php?rest_route=%2Fwp%2Fv2%2Fcomments&post=1573"}],"wp:featuredmedia":[{"embeddable":true,"href":"https:\/\/eyrsecurity.com\/index.php?rest_route=\/wp\/v2\/media\/2530"}],"wp:attachment":[{"href":"https:\/\/eyrsecurity.com\/index.php?rest_route=%2Fwp%2Fv2%2Fmedia&parent=1573"}],"wp:term":[{"taxonomy":"product_brand","embeddable":true,"href":"https:\/\/eyrsecurity.com\/index.php?rest_route=%2Fwp%2Fv2%2Fproduct_brand&post=1573"},{"taxonomy":"product_cat","embeddable":true,"href":"https:\/\/eyrsecurity.com\/index.php?rest_route=%2Fwp%2Fv2%2Fproduct_cat&post=1573"},{"taxonomy":"product_tag","embeddable":true,"href":"https:\/\/eyrsecurity.com\/index.php?rest_route=%2Fwp%2Fv2%2Fproduct_tag&post=1573"}],"curies":[{"name":"wp","href":"https:\/\/api.w.org\/{rel}","templated":true}]}}