{"id":1571,"date":"2021-10-18T05:42:13","date_gmt":"2021-10-18T05:42:13","guid":{"rendered":"https:\/\/eyrsecurity.com\/?post_type=product&#038;p=1571"},"modified":"2021-10-25T05:24:25","modified_gmt":"2021-10-25T05:24:25","slug":"traje-de-proteccion-kleenguard-a40-kimberly-clark","status":"publish","type":"product","link":"https:\/\/eyrsecurity.com\/?product=traje-de-proteccion-kleenguard-a40-kimberly-clark","title":{"rendered":"TRAJE DE PROTECCI\u00d3N KLEENGUARD A40 KIMBERLY CLARK"},"content":{"rendered":"<h4>Caracter\u00edsticas del Material<\/h4>\n<p>Los trajes Kleenguard* A35 est\u00e1n elaborados con una tela laminada microporosa que protege al usuario contra salpicaduras de l\u00edquidos y part\u00edculas s\u00f3lidas. El material es liviano, lo cual ofrece comodidad y frescura en ambientes de trabajo h\u00famedos y sucios.<\/p>\n<h4>Dise\u00f1o del Traje<\/h4>\n<p>Los trajes tienen dise\u00f1o REFLEX*, el cual garantiza comodidad en los movimientos ya que tiene 9% m\u00e1s tela, es 7.5 veces menos propenso a desgarres que un traje con dise\u00f1o ANSI, tiene 12% m\u00e1s espacio en el pecho y 6% m\u00e1s de longitud. Estos valores se obtuvieron seg\u00fan pruebas internas de Kimberly-Clark. Este traje cumple con est\u00e1ndar de tallaje<br \/>\nANSI\/ISEA 101-1996.<\/p>\n","protected":false},"excerpt":{"rendered":"<p>Los trajes Kleenguard* A35 son de uso limitado. Est\u00e1n fabricados de un material laminado respirable y micro-poroso que brinda protecci\u00f3n contra salpicaduras de l\u00edquidos no peligrosos y part\u00edculas finas mientras ofrece comodidad al usuario.<br \/>\nEste material pasa las pruebas de ASTM F1670 de penetraci\u00f3n de sangre y fluidos corporales. El traje cumple con la norma ANSI\/ISEA 101-1996 de tallaje est\u00e1ndar.<\/p>\n","protected":false},"featured_media":2625,"comment_status":"open","ping_status":"closed","template":"","meta":{"site-sidebar-layout":"default","site-content-layout":"default","ast-main-header-display":"","ast-hfb-above-header-display":"","ast-hfb-below-header-display":"","ast-hfb-mobile-header-display":"","site-post-title":"","ast-breadcrumbs-content":"","ast-featured-img":"","footer-sml-layout":"","theme-transparent-header-meta":"default","adv-header-id-meta":"","stick-header-meta":"","header-above-stick-meta":"","header-main-stick-meta":"","header-below-stick-meta":""},"product_brand":[],"product_cat":[24,33],"product_tag":[],"class_list":{"0":"post-1571","1":"product","2":"type-product","3":"status-publish","4":"has-post-thumbnail","6":"product_cat-bioseguridad-e-higiene","7":"product_cat-ropa-de-seguridad","9":"first","10":"instock","11":"shipping-taxable","12":"product-type-simple"},"_links":{"self":[{"href":"https:\/\/eyrsecurity.com\/index.php?rest_route=\/wp\/v2\/product\/1571","targetHints":{"allow":["GET"]}}],"collection":[{"href":"https:\/\/eyrsecurity.com\/index.php?rest_route=\/wp\/v2\/product"}],"about":[{"href":"https:\/\/eyrsecurity.com\/index.php?rest_route=\/wp\/v2\/types\/product"}],"replies":[{"embeddable":true,"href":"https:\/\/eyrsecurity.com\/index.php?rest_route=%2Fwp%2Fv2%2Fcomments&post=1571"}],"wp:featuredmedia":[{"embeddable":true,"href":"https:\/\/eyrsecurity.com\/index.php?rest_route=\/wp\/v2\/media\/2625"}],"wp:attachment":[{"href":"https:\/\/eyrsecurity.com\/index.php?rest_route=%2Fwp%2Fv2%2Fmedia&parent=1571"}],"wp:term":[{"taxonomy":"product_brand","embeddable":true,"href":"https:\/\/eyrsecurity.com\/index.php?rest_route=%2Fwp%2Fv2%2Fproduct_brand&post=1571"},{"taxonomy":"product_cat","embeddable":true,"href":"https:\/\/eyrsecurity.com\/index.php?rest_route=%2Fwp%2Fv2%2Fproduct_cat&post=1571"},{"taxonomy":"product_tag","embeddable":true,"href":"https:\/\/eyrsecurity.com\/index.php?rest_route=%2Fwp%2Fv2%2Fproduct_tag&post=1571"}],"curies":[{"name":"wp","href":"https:\/\/api.w.org\/{rel}","templated":true}]}}