{"id":1570,"date":"2021-10-18T05:42:13","date_gmt":"2021-10-18T05:42:13","guid":{"rendered":"https:\/\/eyrsecurity.com\/?post_type=product&#038;p=1570"},"modified":"2021-10-25T05:25:44","modified_gmt":"2021-10-25T05:25:44","slug":"buzo-desechable-con-capucha-tipo-5-tipo-6-delta-plus","status":"publish","type":"product","link":"https:\/\/eyrsecurity.com\/?product=buzo-desechable-con-capucha-tipo-5-tipo-6-delta-plus","title":{"rendered":"BUZO DESECHABLE CON CAPUCHA &#8211; TIPO 5 &#8211; TIPO 6 DELTA PLUS"},"content":{"rendered":"","protected":false},"excerpt":{"rendered":"<section class=\"blocContenu blocContenu-first\">\n<div>Buzo con capucha el\u00e1stica. Tipo 5\/6. No tejido microporoso laminado. Cierre por cremallera bajo solapa. El\u00e1stico de ajuste en la cabeza, en la cintura, las mu\u00f1ecas y en los tobillos. S\u00f3lo uso. Embalaje individual.<\/div>\n<\/section>\n<section class=\"blocContenu\">\n<div>No tejido microporoso laminado 60 g\/m\u00b2.<\/div>\n<\/section>\n","protected":false},"featured_media":2583,"comment_status":"open","ping_status":"closed","template":"","meta":{"site-sidebar-layout":"default","site-content-layout":"default","ast-main-header-display":"","ast-hfb-above-header-display":"","ast-hfb-below-header-display":"","ast-hfb-mobile-header-display":"","site-post-title":"","ast-breadcrumbs-content":"","ast-featured-img":"","footer-sml-layout":"","theme-transparent-header-meta":"default","adv-header-id-meta":"","stick-header-meta":"","header-above-stick-meta":"","header-main-stick-meta":"","header-below-stick-meta":""},"product_brand":[],"product_cat":[24,33],"product_tag":[],"class_list":{"0":"post-1570","1":"product","2":"type-product","3":"status-publish","4":"has-post-thumbnail","6":"product_cat-bioseguridad-e-higiene","7":"product_cat-ropa-de-seguridad","9":"first","10":"instock","11":"shipping-taxable","12":"product-type-simple"},"_links":{"self":[{"href":"https:\/\/eyrsecurity.com\/index.php?rest_route=\/wp\/v2\/product\/1570","targetHints":{"allow":["GET"]}}],"collection":[{"href":"https:\/\/eyrsecurity.com\/index.php?rest_route=\/wp\/v2\/product"}],"about":[{"href":"https:\/\/eyrsecurity.com\/index.php?rest_route=\/wp\/v2\/types\/product"}],"replies":[{"embeddable":true,"href":"https:\/\/eyrsecurity.com\/index.php?rest_route=%2Fwp%2Fv2%2Fcomments&post=1570"}],"wp:featuredmedia":[{"embeddable":true,"href":"https:\/\/eyrsecurity.com\/index.php?rest_route=\/wp\/v2\/media\/2583"}],"wp:attachment":[{"href":"https:\/\/eyrsecurity.com\/index.php?rest_route=%2Fwp%2Fv2%2Fmedia&parent=1570"}],"wp:term":[{"taxonomy":"product_brand","embeddable":true,"href":"https:\/\/eyrsecurity.com\/index.php?rest_route=%2Fwp%2Fv2%2Fproduct_brand&post=1570"},{"taxonomy":"product_cat","embeddable":true,"href":"https:\/\/eyrsecurity.com\/index.php?rest_route=%2Fwp%2Fv2%2Fproduct_cat&post=1570"},{"taxonomy":"product_tag","embeddable":true,"href":"https:\/\/eyrsecurity.com\/index.php?rest_route=%2Fwp%2Fv2%2Fproduct_tag&post=1570"}],"curies":[{"name":"wp","href":"https:\/\/api.w.org\/{rel}","templated":true}]}}