{"id":1568,"date":"2021-10-18T05:42:13","date_gmt":"2021-10-18T05:42:13","guid":{"rendered":"https:\/\/eyrsecurity.com\/?post_type=product&#038;p=1568"},"modified":"2021-10-25T05:27:49","modified_gmt":"2021-10-25T05:27:49","slug":"traje-desechable-tecseg-tsg15-s-11","status":"publish","type":"product","link":"https:\/\/eyrsecurity.com\/?product=traje-desechable-tecseg-tsg15-s-11","title":{"rendered":"TRAJE DESECHABLE TECSEG TSG15-S-11"},"content":{"rendered":"<h4>Caracter\u00edsticas<\/h4>\n<ul>\n<li>El\u00e1sticos en capucha, pu\u00f1os, cintura y tobillos.<\/li>\n<li>Capucha de 2 piezas.<\/li>\n<li>Costura de tres hilos entrelazados alrededor de los bordes de dos piezas de tela, que dan una uni\u00f3n robusta y resistente a la tensi\u00f3n. Las puntadas internas reducen el riesgo de deshilachamiento.<\/li>\n<li>Overol Microporoso (tipo 5 &amp; 6) Overol Microporoso, con capucha sin calcet\u00edn.<\/li>\n<li>Gramaje exacto: 50gr\/m2<\/li>\n<li>Composici\u00f3n del material: 42% polietileno 58%\u00a0 polipropileno.<\/li>\n<\/ul>\n","protected":false},"excerpt":{"rendered":"<p>El traje Tecseg TSG15 proporciona una buena protecci\u00f3n frente a l\u00edquidos de bajo peligro y part\u00edculas secas.<br \/>\nEs perfecto para una extensa gama de aplicaciones industriales donde se requiere una protecci\u00f3n ante part\u00edculas finas y aerosoles l\u00edquidos de baja peligrosidad.<\/p>\n","protected":false},"featured_media":2624,"comment_status":"open","ping_status":"closed","template":"","meta":{"site-sidebar-layout":"default","site-content-layout":"default","ast-main-header-display":"","ast-hfb-above-header-display":"","ast-hfb-below-header-display":"","ast-hfb-mobile-header-display":"","site-post-title":"","ast-breadcrumbs-content":"","ast-featured-img":"","footer-sml-layout":"","theme-transparent-header-meta":"default","adv-header-id-meta":"","stick-header-meta":"","header-above-stick-meta":"","header-main-stick-meta":"","header-below-stick-meta":""},"product_brand":[],"product_cat":[24,33],"product_tag":[],"class_list":{"0":"post-1568","1":"product","2":"type-product","3":"status-publish","4":"has-post-thumbnail","6":"product_cat-bioseguridad-e-higiene","7":"product_cat-ropa-de-seguridad","9":"first","10":"instock","11":"shipping-taxable","12":"product-type-simple"},"_links":{"self":[{"href":"https:\/\/eyrsecurity.com\/index.php?rest_route=\/wp\/v2\/product\/1568","targetHints":{"allow":["GET"]}}],"collection":[{"href":"https:\/\/eyrsecurity.com\/index.php?rest_route=\/wp\/v2\/product"}],"about":[{"href":"https:\/\/eyrsecurity.com\/index.php?rest_route=\/wp\/v2\/types\/product"}],"replies":[{"embeddable":true,"href":"https:\/\/eyrsecurity.com\/index.php?rest_route=%2Fwp%2Fv2%2Fcomments&post=1568"}],"wp:featuredmedia":[{"embeddable":true,"href":"https:\/\/eyrsecurity.com\/index.php?rest_route=\/wp\/v2\/media\/2624"}],"wp:attachment":[{"href":"https:\/\/eyrsecurity.com\/index.php?rest_route=%2Fwp%2Fv2%2Fmedia&parent=1568"}],"wp:term":[{"taxonomy":"product_brand","embeddable":true,"href":"https:\/\/eyrsecurity.com\/index.php?rest_route=%2Fwp%2Fv2%2Fproduct_brand&post=1568"},{"taxonomy":"product_cat","embeddable":true,"href":"https:\/\/eyrsecurity.com\/index.php?rest_route=%2Fwp%2Fv2%2Fproduct_cat&post=1568"},{"taxonomy":"product_tag","embeddable":true,"href":"https:\/\/eyrsecurity.com\/index.php?rest_route=%2Fwp%2Fv2%2Fproduct_tag&post=1568"}],"curies":[{"name":"wp","href":"https:\/\/api.w.org\/{rel}","templated":true}]}}