{"id":1567,"date":"2021-10-18T05:42:13","date_gmt":"2021-10-18T05:42:13","guid":{"rendered":"https:\/\/eyrsecurity.com\/?post_type=product&#038;p=1567"},"modified":"2021-10-25T05:30:30","modified_gmt":"2021-10-25T05:30:30","slug":"traje-tyvek-descartable-steelpro-s110","status":"publish","type":"product","link":"https:\/\/eyrsecurity.com\/?product=traje-tyvek-descartable-steelpro-s110","title":{"rendered":"TRAJE TYVEK DESCARTABLE STEELPRO S110"},"content":{"rendered":"<ul>\n<li>Confeccionado en tela no tejida de 50 gramos, compuesta de 3 capas:<\/li>\n<li>Primera capa de 100% Polietileno, pel\u00edcula respirable de 20 gramos.<\/li>\n<li>Segunda capa de recubrimiento termo fusible adhesiva de 2 gramos.<\/li>\n<li>Tercera capa de 100% Polipropileno de 28 gramos.<\/li>\n<li>Buena Resistencia qu\u00edmica.<\/li>\n<li>Alta Tenacidad y elongaci\u00f3n para evitar desgarros.<\/li>\n<li>Tecnolog\u00eda con tratamiento laminado respirable, que permite la evaporaci\u00f3n de la transpiraci\u00f3n y presenta buen comportamiento como regulador de la temperatura corporal.<\/li>\n<li>Tela laminada microporosa SF50 de 50 g\/m2<\/li>\n<li>Tela de PE (Polietileno) y PP (Polipropileno)<\/li>\n<\/ul>\n<h2><strong>APLICACIONES<\/strong><\/h2>\n<p>Est\u00e1 dise\u00f1ado para el sector construcci\u00f3n, alimentos, salud, para trabajos de pintura, industria de cemento, industria civil etc.<\/p>\n","protected":false},"excerpt":{"rendered":"<p><strong>Traje Tyvek Descartable Steelpro S110<\/strong>, brindan a los usuarios protecci\u00f3n contra macro part\u00edculas que se adhieren a la piel con el tiempo genera enfermedades cancer\u00edgenas. Resistente a part\u00edculas s\u00f3lidas, repelente a salpicaduras.<\/p>\n","protected":false},"featured_media":2528,"comment_status":"open","ping_status":"closed","template":"","meta":{"site-sidebar-layout":"default","site-content-layout":"default","ast-main-header-display":"","ast-hfb-above-header-display":"","ast-hfb-below-header-display":"","ast-hfb-mobile-header-display":"","site-post-title":"","ast-breadcrumbs-content":"","ast-featured-img":"","footer-sml-layout":"","theme-transparent-header-meta":"default","adv-header-id-meta":"","stick-header-meta":"","header-above-stick-meta":"","header-main-stick-meta":"","header-below-stick-meta":""},"product_brand":[],"product_cat":[24,33],"product_tag":[],"class_list":{"0":"post-1567","1":"product","2":"type-product","3":"status-publish","4":"has-post-thumbnail","6":"product_cat-bioseguridad-e-higiene","7":"product_cat-ropa-de-seguridad","9":"first","10":"instock","11":"shipping-taxable","12":"product-type-simple"},"_links":{"self":[{"href":"https:\/\/eyrsecurity.com\/index.php?rest_route=\/wp\/v2\/product\/1567","targetHints":{"allow":["GET"]}}],"collection":[{"href":"https:\/\/eyrsecurity.com\/index.php?rest_route=\/wp\/v2\/product"}],"about":[{"href":"https:\/\/eyrsecurity.com\/index.php?rest_route=\/wp\/v2\/types\/product"}],"replies":[{"embeddable":true,"href":"https:\/\/eyrsecurity.com\/index.php?rest_route=%2Fwp%2Fv2%2Fcomments&post=1567"}],"wp:featuredmedia":[{"embeddable":true,"href":"https:\/\/eyrsecurity.com\/index.php?rest_route=\/wp\/v2\/media\/2528"}],"wp:attachment":[{"href":"https:\/\/eyrsecurity.com\/index.php?rest_route=%2Fwp%2Fv2%2Fmedia&parent=1567"}],"wp:term":[{"taxonomy":"product_brand","embeddable":true,"href":"https:\/\/eyrsecurity.com\/index.php?rest_route=%2Fwp%2Fv2%2Fproduct_brand&post=1567"},{"taxonomy":"product_cat","embeddable":true,"href":"https:\/\/eyrsecurity.com\/index.php?rest_route=%2Fwp%2Fv2%2Fproduct_cat&post=1567"},{"taxonomy":"product_tag","embeddable":true,"href":"https:\/\/eyrsecurity.com\/index.php?rest_route=%2Fwp%2Fv2%2Fproduct_tag&post=1567"}],"curies":[{"name":"wp","href":"https:\/\/api.w.org\/{rel}","templated":true}]}}