{"id":1558,"date":"2021-10-18T05:42:13","date_gmt":"2021-10-18T05:42:13","guid":{"rendered":"https:\/\/eyrsecurity.com\/?post_type=product&#038;p=1558"},"modified":"2021-10-25T05:07:25","modified_gmt":"2021-10-25T05:07:25","slug":"pantalon-drill-tecnologia","status":"publish","type":"product","link":"https:\/\/eyrsecurity.com\/?product=pantalon-drill-tecnologia","title":{"rendered":"PANTALON DRILL TECNOLOGIA"},"content":{"rendered":"<p>Pantal\u00f3n de trabajo de drill tecnol\u00f3gico, cinta reflectiva en ambas piernas y de triple costura, para mayor durabilidad. Cuenta con 2 bolsillos para manos y 2 bolsillos traseros. Cremallera met\u00e1lica y bot\u00f3n de pl\u00e1stico. Brinda comodidad y durable. Previsto para uso general.<\/p>\n","protected":false},"excerpt":{"rendered":"<p>Los pantalones Tecnolog\u00eda, est\u00e1n fabricados en drill de la m\u00e1s alta calidad. Cuenta con triple costura y cinta reflectiva. Brinda comodidad y es durable. Previsto para un uso general.<\/p>\n","protected":false},"featured_media":2534,"comment_status":"open","ping_status":"closed","template":"","meta":{"site-sidebar-layout":"default","site-content-layout":"default","ast-main-header-display":"","ast-hfb-above-header-display":"","ast-hfb-below-header-display":"","ast-hfb-mobile-header-display":"","site-post-title":"","ast-breadcrumbs-content":"","ast-featured-img":"","footer-sml-layout":"","theme-transparent-header-meta":"default","adv-header-id-meta":"","stick-header-meta":"","header-above-stick-meta":"","header-main-stick-meta":"","header-below-stick-meta":""},"product_brand":[],"product_cat":[33],"product_tag":[],"class_list":{"0":"post-1558","1":"product","2":"type-product","3":"status-publish","4":"has-post-thumbnail","6":"product_cat-ropa-de-seguridad","8":"first","9":"instock","10":"shipping-taxable","11":"product-type-simple"},"_links":{"self":[{"href":"https:\/\/eyrsecurity.com\/index.php?rest_route=\/wp\/v2\/product\/1558","targetHints":{"allow":["GET"]}}],"collection":[{"href":"https:\/\/eyrsecurity.com\/index.php?rest_route=\/wp\/v2\/product"}],"about":[{"href":"https:\/\/eyrsecurity.com\/index.php?rest_route=\/wp\/v2\/types\/product"}],"replies":[{"embeddable":true,"href":"https:\/\/eyrsecurity.com\/index.php?rest_route=%2Fwp%2Fv2%2Fcomments&post=1558"}],"wp:featuredmedia":[{"embeddable":true,"href":"https:\/\/eyrsecurity.com\/index.php?rest_route=\/wp\/v2\/media\/2534"}],"wp:attachment":[{"href":"https:\/\/eyrsecurity.com\/index.php?rest_route=%2Fwp%2Fv2%2Fmedia&parent=1558"}],"wp:term":[{"taxonomy":"product_brand","embeddable":true,"href":"https:\/\/eyrsecurity.com\/index.php?rest_route=%2Fwp%2Fv2%2Fproduct_brand&post=1558"},{"taxonomy":"product_cat","embeddable":true,"href":"https:\/\/eyrsecurity.com\/index.php?rest_route=%2Fwp%2Fv2%2Fproduct_cat&post=1558"},{"taxonomy":"product_tag","embeddable":true,"href":"https:\/\/eyrsecurity.com\/index.php?rest_route=%2Fwp%2Fv2%2Fproduct_tag&post=1558"}],"curies":[{"name":"wp","href":"https:\/\/api.w.org\/{rel}","templated":true}]}}