{"id":1556,"date":"2021-10-18T05:42:12","date_gmt":"2021-10-18T05:42:12","guid":{"rendered":"https:\/\/eyrsecurity.com\/?post_type=product&#038;p=1556"},"modified":"2021-10-25T05:12:39","modified_gmt":"2021-10-25T05:12:39","slug":"chaleco-drill-tipo-reportero","status":"publish","type":"product","link":"https:\/\/eyrsecurity.com\/?product=chaleco-drill-tipo-reportero","title":{"rendered":"CHALECO DRILL TIPO REPORTERO"},"content":{"rendered":"","protected":false},"excerpt":{"rendered":"<p>Este modelo de chaleco est\u00e1 fabricado con triple costura con un dise\u00f1o tipo reportero con bolsillos incrustados y cinta reflectiva. Esto lo convierte en una prenda \u00fatil y pr\u00e1ctica para todo tipo de trabajos en movimiento. El chaleco es parte vital en una empresa para que el personal use ropa adecuada para su correcta identificaci\u00f3n y\/o a que \u00e1reas determinadas pertenecen dentro de las instalaciones de trabajo.<\/p>\n","protected":false},"featured_media":2574,"comment_status":"open","ping_status":"closed","template":"","meta":{"site-sidebar-layout":"default","site-content-layout":"default","ast-main-header-display":"","ast-hfb-above-header-display":"","ast-hfb-below-header-display":"","ast-hfb-mobile-header-display":"","site-post-title":"","ast-breadcrumbs-content":"","ast-featured-img":"","footer-sml-layout":"","theme-transparent-header-meta":"default","adv-header-id-meta":"","stick-header-meta":"","header-above-stick-meta":"","header-main-stick-meta":"","header-below-stick-meta":""},"product_brand":[],"product_cat":[33],"product_tag":[],"class_list":{"0":"post-1556","1":"product","2":"type-product","3":"status-publish","4":"has-post-thumbnail","6":"product_cat-ropa-de-seguridad","8":"first","9":"instock","10":"shipping-taxable","11":"product-type-simple"},"_links":{"self":[{"href":"https:\/\/eyrsecurity.com\/index.php?rest_route=\/wp\/v2\/product\/1556","targetHints":{"allow":["GET"]}}],"collection":[{"href":"https:\/\/eyrsecurity.com\/index.php?rest_route=\/wp\/v2\/product"}],"about":[{"href":"https:\/\/eyrsecurity.com\/index.php?rest_route=\/wp\/v2\/types\/product"}],"replies":[{"embeddable":true,"href":"https:\/\/eyrsecurity.com\/index.php?rest_route=%2Fwp%2Fv2%2Fcomments&post=1556"}],"wp:featuredmedia":[{"embeddable":true,"href":"https:\/\/eyrsecurity.com\/index.php?rest_route=\/wp\/v2\/media\/2574"}],"wp:attachment":[{"href":"https:\/\/eyrsecurity.com\/index.php?rest_route=%2Fwp%2Fv2%2Fmedia&parent=1556"}],"wp:term":[{"taxonomy":"product_brand","embeddable":true,"href":"https:\/\/eyrsecurity.com\/index.php?rest_route=%2Fwp%2Fv2%2Fproduct_brand&post=1556"},{"taxonomy":"product_cat","embeddable":true,"href":"https:\/\/eyrsecurity.com\/index.php?rest_route=%2Fwp%2Fv2%2Fproduct_cat&post=1556"},{"taxonomy":"product_tag","embeddable":true,"href":"https:\/\/eyrsecurity.com\/index.php?rest_route=%2Fwp%2Fv2%2Fproduct_tag&post=1556"}],"curies":[{"name":"wp","href":"https:\/\/api.w.org\/{rel}","templated":true}]}}