{"id":1551,"date":"2021-10-18T05:42:10","date_gmt":"2021-10-18T05:42:10","guid":{"rendered":"https:\/\/eyrsecurity.com\/?post_type=product&#038;p=1551"},"modified":"2021-10-22T05:17:50","modified_gmt":"2021-10-22T05:17:50","slug":"arnes-paracaidista-4-argollas-msa","status":"publish","type":"product","link":"https:\/\/eyrsecurity.com\/?product=arnes-paracaidista-4-argollas-msa","title":{"rendered":"ARNES PARACAIDISTA 4 ARGOLLAS MSA"},"content":{"rendered":"<h4>Caracter\u00edsticas T\u00e9cnicas<\/h4>\n<p>La cinta del arn\u00e9s esta dise\u00f1ada de poli\u00e9ster y presenta una deformaci\u00f3n aproximada de 15%. Las costuras son hechas con hilo poli\u00e9ster blanco de contraste para notar r\u00e1pidamente cualquier desgaste de las mismas. Una argolla en la espalda, dos argollas en la cintura y una argolla al pecho, utilizadas para amarrarse y permiten as\u00ed mantener las manos libres, o para restringir la exposici\u00f3n a bordes donde existe riesgo de ca\u00edda. Todas las argollas est\u00e1n hechas de acero forjado. Tanto las argollas como la cinta son probados con una resistencia m\u00ednima de ruptura de 22 KN (2260 kg\/ 5000 lbs).<br \/>\nAjuste por hebillas a fricci\u00f3n.<\/p>\n<p>Peso: 1300 gr. El arn\u00e9s sobrepasa los est\u00e1ndares de seguridad.<\/p>\n","protected":false},"excerpt":{"rendered":"<p>Los arneses de seguridad est\u00e1n dise\u00f1ados de forma tal que las cintas o bandas que lo forman permiten al usuario distribuir las fuerzas de detenci\u00f3n en partes resistentes del cuerpo (parte superior de los muslos, pelvis, pecho y hombros) y a la vez, deben impedir que el cuerpo del usuario se deslice fuera del arn\u00e9s en el evento de una ca\u00edda. Posee un \u00fanico punto de detenci\u00f3n de ca\u00edda libre que es una argolla en D que se encuentra en la espalda. La argolla al pecho es usada para sistemas de<br \/>\nascenso\/descenso y rescate.<\/p>\n","protected":false},"featured_media":2122,"comment_status":"open","ping_status":"closed","template":"","meta":{"site-sidebar-layout":"default","site-content-layout":"default","ast-main-header-display":"","ast-hfb-above-header-display":"","ast-hfb-below-header-display":"","ast-hfb-mobile-header-display":"","site-post-title":"","ast-breadcrumbs-content":"","ast-featured-img":"","footer-sml-layout":"","theme-transparent-header-meta":"default","adv-header-id-meta":"","stick-header-meta":"","header-above-stick-meta":"","header-main-stick-meta":"","header-below-stick-meta":""},"product_brand":[],"product_cat":[35],"product_tag":[],"class_list":{"0":"post-1551","1":"product","2":"type-product","3":"status-publish","4":"has-post-thumbnail","6":"product_cat-proteccion-anticaidas","8":"first","9":"instock","10":"shipping-taxable","11":"product-type-simple"},"_links":{"self":[{"href":"https:\/\/eyrsecurity.com\/index.php?rest_route=\/wp\/v2\/product\/1551","targetHints":{"allow":["GET"]}}],"collection":[{"href":"https:\/\/eyrsecurity.com\/index.php?rest_route=\/wp\/v2\/product"}],"about":[{"href":"https:\/\/eyrsecurity.com\/index.php?rest_route=\/wp\/v2\/types\/product"}],"replies":[{"embeddable":true,"href":"https:\/\/eyrsecurity.com\/index.php?rest_route=%2Fwp%2Fv2%2Fcomments&post=1551"}],"wp:featuredmedia":[{"embeddable":true,"href":"https:\/\/eyrsecurity.com\/index.php?rest_route=\/wp\/v2\/media\/2122"}],"wp:attachment":[{"href":"https:\/\/eyrsecurity.com\/index.php?rest_route=%2Fwp%2Fv2%2Fmedia&parent=1551"}],"wp:term":[{"taxonomy":"product_brand","embeddable":true,"href":"https:\/\/eyrsecurity.com\/index.php?rest_route=%2Fwp%2Fv2%2Fproduct_brand&post=1551"},{"taxonomy":"product_cat","embeddable":true,"href":"https:\/\/eyrsecurity.com\/index.php?rest_route=%2Fwp%2Fv2%2Fproduct_cat&post=1551"},{"taxonomy":"product_tag","embeddable":true,"href":"https:\/\/eyrsecurity.com\/index.php?rest_route=%2Fwp%2Fv2%2Fproduct_tag&post=1551"}],"curies":[{"name":"wp","href":"https:\/\/api.w.org\/{rel}","templated":true}]}}