{"id":1550,"date":"2021-10-18T05:42:10","date_gmt":"2021-10-18T05:42:10","guid":{"rendered":"https:\/\/eyrsecurity.com\/?post_type=product&#038;p=1550"},"modified":"2022-01-21T06:27:27","modified_gmt":"2022-01-21T06:27:27","slug":"arnes-de-4-argollas-first-3m","status":"publish","type":"product","link":"https:\/\/eyrsecurity.com\/?product=arnes-de-4-argollas-first-3m","title":{"rendered":"ARN\u00c9S DE 4 ARGOLLAS FIRST 3M"},"content":{"rendered":"<p>Fabricado en reata de 45 mm de ancho.<br \/>\n* Reata 100% de alta resistencia a la tensi\u00f3n y abrasi\u00f3n.<br \/>\n* Soporte y refuerzo que aseguran y mantienen la posici\u00f3n de la argolla dorsal.<br \/>\n* Elaborado con herrajes de alta resistencia a la rotura y alta resistencia a la<br \/>\ncorrosi\u00f3n, las argollas en D son inspeccionadas y probadas 100% a 16kN (3600lb)<\/p>\n","protected":false},"excerpt":{"rendered":"<p>Arn\u00e9s De 4 Argollas Con Indicador De Impacto Elaborado Con Herrajes Met\u00e1licos Y Hebillas De Conexi\u00f3n, Costuras Fabricadas En Hilo De Poliester De Alta Resistencia.<\/p>\n","protected":false},"featured_media":2941,"comment_status":"open","ping_status":"closed","template":"","meta":{"site-sidebar-layout":"default","site-content-layout":"default","ast-main-header-display":"","ast-hfb-above-header-display":"","ast-hfb-below-header-display":"","ast-hfb-mobile-header-display":"","site-post-title":"","ast-breadcrumbs-content":"","ast-featured-img":"","footer-sml-layout":"","theme-transparent-header-meta":"default","adv-header-id-meta":"","stick-header-meta":"","header-above-stick-meta":"","header-main-stick-meta":"","header-below-stick-meta":""},"product_brand":[],"product_cat":[35],"product_tag":[],"class_list":{"0":"post-1550","1":"product","2":"type-product","3":"status-publish","4":"has-post-thumbnail","6":"product_cat-proteccion-anticaidas","8":"first","9":"instock","10":"shipping-taxable","11":"product-type-simple"},"_links":{"self":[{"href":"https:\/\/eyrsecurity.com\/index.php?rest_route=\/wp\/v2\/product\/1550","targetHints":{"allow":["GET"]}}],"collection":[{"href":"https:\/\/eyrsecurity.com\/index.php?rest_route=\/wp\/v2\/product"}],"about":[{"href":"https:\/\/eyrsecurity.com\/index.php?rest_route=\/wp\/v2\/types\/product"}],"replies":[{"embeddable":true,"href":"https:\/\/eyrsecurity.com\/index.php?rest_route=%2Fwp%2Fv2%2Fcomments&post=1550"}],"wp:featuredmedia":[{"embeddable":true,"href":"https:\/\/eyrsecurity.com\/index.php?rest_route=\/wp\/v2\/media\/2941"}],"wp:attachment":[{"href":"https:\/\/eyrsecurity.com\/index.php?rest_route=%2Fwp%2Fv2%2Fmedia&parent=1550"}],"wp:term":[{"taxonomy":"product_brand","embeddable":true,"href":"https:\/\/eyrsecurity.com\/index.php?rest_route=%2Fwp%2Fv2%2Fproduct_brand&post=1550"},{"taxonomy":"product_cat","embeddable":true,"href":"https:\/\/eyrsecurity.com\/index.php?rest_route=%2Fwp%2Fv2%2Fproduct_cat&post=1550"},{"taxonomy":"product_tag","embeddable":true,"href":"https:\/\/eyrsecurity.com\/index.php?rest_route=%2Fwp%2Fv2%2Fproduct_tag&post=1550"}],"curies":[{"name":"wp","href":"https:\/\/api.w.org\/{rel}","templated":true}]}}