{"id":1549,"date":"2021-10-18T05:42:10","date_gmt":"2021-10-18T05:42:10","guid":{"rendered":"https:\/\/eyrsecurity.com\/?post_type=product&#038;p=1549"},"modified":"2021-10-22T05:16:46","modified_gmt":"2021-10-22T05:16:46","slug":"arnes-en-h-contractor-3-argollas","status":"publish","type":"product","link":"https:\/\/eyrsecurity.com\/?product=arnes-en-h-contractor-3-argollas","title":{"rendered":"ARN\u00c9S EN \u201cH\u201d CONTRACTOR 3 ARGOLLAS"},"content":{"rendered":"<ul>\n<li>Fabricado en reata de 43 mm de ancho.<\/li>\n<li>Reata en poli\u00e9ster 100% de alta resistencia a la tensi\u00f3n y abrasi\u00f3n.<\/li>\n<li>Elaborado con argollas inspeccionadas y probadas 100% a 16 kN (3600 lb) y herrajes de alta resistencia a la tensi\u00f3n de rotura y a la corrosi\u00f3n.<\/li>\n<li>Hebillas de conexi\u00f3n y ajuste a nivel p\u00e9lvico y pectoral, para ajuste a la talla del usuario.<\/li>\n<li>Resistencia m\u00ednima a la rotura 15 kN (3.372 lb) de acuerdo con norma ANSI Z359.12-2009.<\/li>\n<li>Costuras fabricadas en hilo poli\u00e9ster de alta resistencia y de color diferente a la reata para facilitar su identificaci\u00f3n e inspecci\u00f3n.<\/li>\n<li>Pad posterior para asegurar que la argolla dorsal permanezca en su lugar y que las tirantas se crucen en la parte dorsal.<\/li>\n<li>Funda cubre etiqueta para mantener la informaci\u00f3n y trazabilidad.<\/li>\n<li>Peso f\u00edsico 1.21 kg.<\/li>\n<li>Arn\u00e9s avalado, elemento por elemento, en conjunto en prueba din\u00e1mica (simulando ca\u00edda de cabeza y de pie) y est\u00e1tica de acuerdo con los requisitos de la norma de referencia.<\/li>\n<\/ul>\n","protected":false},"excerpt":{"rendered":"<p>Fabricado en reata de 43 mm de ancho. Reata en poli\u00e9ster 100% de alta resistencia a la tensi\u00f3n y abrasi\u00f3n. Elaborado con argollas inspeccionadas y probadas 100% a 16 kN (3600 lb) y herrajes de alta resistencia a la tensi\u00f3n de rotura y a la corrosi\u00f3n. Hebillas de conexi\u00f3n y ajuste a nivel p\u00e9lvico y &hellip;<\/p>\n<p class=\"read-more\"> <a class=\"\" href=\"https:\/\/eyrsecurity.com\/?product=arnes-en-h-contractor-3-argollas\"> <span class=\"screen-reader-text\">ARN\u00c9S EN \u201cH\u201d CONTRACTOR 3 ARGOLLAS<\/span> Leer m\u00e1s &raquo;<\/a><\/p>\n","protected":false},"featured_media":2125,"comment_status":"open","ping_status":"closed","template":"","meta":{"site-sidebar-layout":"default","site-content-layout":"default","ast-main-header-display":"","ast-hfb-above-header-display":"","ast-hfb-below-header-display":"","ast-hfb-mobile-header-display":"","site-post-title":"","ast-breadcrumbs-content":"","ast-featured-img":"","footer-sml-layout":"","theme-transparent-header-meta":"default","adv-header-id-meta":"","stick-header-meta":"","header-above-stick-meta":"","header-main-stick-meta":"","header-below-stick-meta":""},"product_brand":[],"product_cat":[35],"product_tag":[],"class_list":{"0":"post-1549","1":"product","2":"type-product","3":"status-publish","4":"has-post-thumbnail","6":"product_cat-proteccion-anticaidas","8":"first","9":"instock","10":"shipping-taxable","11":"product-type-simple"},"_links":{"self":[{"href":"https:\/\/eyrsecurity.com\/index.php?rest_route=\/wp\/v2\/product\/1549","targetHints":{"allow":["GET"]}}],"collection":[{"href":"https:\/\/eyrsecurity.com\/index.php?rest_route=\/wp\/v2\/product"}],"about":[{"href":"https:\/\/eyrsecurity.com\/index.php?rest_route=\/wp\/v2\/types\/product"}],"replies":[{"embeddable":true,"href":"https:\/\/eyrsecurity.com\/index.php?rest_route=%2Fwp%2Fv2%2Fcomments&post=1549"}],"wp:featuredmedia":[{"embeddable":true,"href":"https:\/\/eyrsecurity.com\/index.php?rest_route=\/wp\/v2\/media\/2125"}],"wp:attachment":[{"href":"https:\/\/eyrsecurity.com\/index.php?rest_route=%2Fwp%2Fv2%2Fmedia&parent=1549"}],"wp:term":[{"taxonomy":"product_brand","embeddable":true,"href":"https:\/\/eyrsecurity.com\/index.php?rest_route=%2Fwp%2Fv2%2Fproduct_brand&post=1549"},{"taxonomy":"product_cat","embeddable":true,"href":"https:\/\/eyrsecurity.com\/index.php?rest_route=%2Fwp%2Fv2%2Fproduct_cat&post=1549"},{"taxonomy":"product_tag","embeddable":true,"href":"https:\/\/eyrsecurity.com\/index.php?rest_route=%2Fwp%2Fv2%2Fproduct_tag&post=1549"}],"curies":[{"name":"wp","href":"https:\/\/api.w.org\/{rel}","templated":true}]}}