{"id":1547,"date":"2021-10-18T05:42:10","date_gmt":"2021-10-18T05:42:10","guid":{"rendered":"https:\/\/eyrsecurity.com\/?post_type=product&#038;p=1547"},"modified":"2021-10-22T05:15:33","modified_gmt":"2021-10-22T05:15:33","slug":"linea-de-vida-doble-amr2s-p5b-steelpro","status":"publish","type":"product","link":"https:\/\/eyrsecurity.com\/?product=linea-de-vida-doble-amr2s-p5b-steelpro","title":{"rendered":"L\u00cdNEA DE VIDA DOBLE (AMR2S-P5B) \u2013 STEELPRO"},"content":{"rendered":"<p>Cabo de Vida (estrobo) en m\u00e1xima longitud 1.80 m.<br \/>\nEl uso del amortiguador de impacto protege al usuario reduciendo, hasta en un 70%, el valor de la fuerza de detenci\u00f3n ante una accidental ca\u00edda libre.<br \/>\nShock Absorbing alojado dentro de una cubierta de material sint\u00e9tico con propiedad termo-contra\u00edble y transparente para su f\u00e1cil inspecci\u00f3n.<br \/>\nMosquet\u00f3n (extra) doble cierre de seguridad en un extremo y, Cabo de vida doble (estrobo en Y) integrado y con ganchos estructurales en sus extremos.<\/p>\n","protected":false},"excerpt":{"rendered":"<p>L\u00ednea de vida doble dise\u00f1ada para disipar la energ\u00eda generada durante una ca\u00edda y limitar la fuerza<br \/>\nsobre el cuerpo del usuario<\/p>\n","protected":false},"featured_media":2129,"comment_status":"open","ping_status":"closed","template":"","meta":{"site-sidebar-layout":"default","site-content-layout":"default","ast-main-header-display":"","ast-hfb-above-header-display":"","ast-hfb-below-header-display":"","ast-hfb-mobile-header-display":"","site-post-title":"","ast-breadcrumbs-content":"","ast-featured-img":"","footer-sml-layout":"","theme-transparent-header-meta":"default","adv-header-id-meta":"","stick-header-meta":"","header-above-stick-meta":"","header-main-stick-meta":"","header-below-stick-meta":""},"product_brand":[],"product_cat":[35],"product_tag":[],"class_list":{"0":"post-1547","1":"product","2":"type-product","3":"status-publish","4":"has-post-thumbnail","6":"product_cat-proteccion-anticaidas","8":"first","9":"instock","10":"shipping-taxable","11":"product-type-simple"},"_links":{"self":[{"href":"https:\/\/eyrsecurity.com\/index.php?rest_route=\/wp\/v2\/product\/1547","targetHints":{"allow":["GET"]}}],"collection":[{"href":"https:\/\/eyrsecurity.com\/index.php?rest_route=\/wp\/v2\/product"}],"about":[{"href":"https:\/\/eyrsecurity.com\/index.php?rest_route=\/wp\/v2\/types\/product"}],"replies":[{"embeddable":true,"href":"https:\/\/eyrsecurity.com\/index.php?rest_route=%2Fwp%2Fv2%2Fcomments&post=1547"}],"wp:featuredmedia":[{"embeddable":true,"href":"https:\/\/eyrsecurity.com\/index.php?rest_route=\/wp\/v2\/media\/2129"}],"wp:attachment":[{"href":"https:\/\/eyrsecurity.com\/index.php?rest_route=%2Fwp%2Fv2%2Fmedia&parent=1547"}],"wp:term":[{"taxonomy":"product_brand","embeddable":true,"href":"https:\/\/eyrsecurity.com\/index.php?rest_route=%2Fwp%2Fv2%2Fproduct_brand&post=1547"},{"taxonomy":"product_cat","embeddable":true,"href":"https:\/\/eyrsecurity.com\/index.php?rest_route=%2Fwp%2Fv2%2Fproduct_cat&post=1547"},{"taxonomy":"product_tag","embeddable":true,"href":"https:\/\/eyrsecurity.com\/index.php?rest_route=%2Fwp%2Fv2%2Fproduct_tag&post=1547"}],"curies":[{"name":"wp","href":"https:\/\/api.w.org\/{rel}","templated":true}]}}