{"id":1546,"date":"2021-10-18T05:42:10","date_gmt":"2021-10-18T05:42:10","guid":{"rendered":"https:\/\/eyrsecurity.com\/?post_type=product&#038;p=1546"},"modified":"2021-10-22T05:15:15","modified_gmt":"2021-10-22T05:15:15","slug":"arnes-3-argollas-economico-apa3a-sco-wdo-steelpro","status":"publish","type":"product","link":"https:\/\/eyrsecurity.com\/?product=arnes-3-argollas-economico-apa3a-sco-wdo-steelpro","title":{"rendered":"ARNES 3 ARGOLLAS ECONOMICO APA3A-SCO-WDO STEELPRO"},"content":{"rendered":"<h4>Descripci\u00f3n<\/h4>\n<ul>\n<li>Fabricado en dos colores, con cinta plana bicolor 45 mm poli\u00e9ster (Amarillo\/Negro y<br \/>\nRojo\/Negro), para facilitar su colocaci\u00f3n.<\/li>\n<li>Cuenta con cierre y regulaci\u00f3n en pecho y piernas mediante hebilla de dos piezas de<br \/>\naleaci\u00f3n met\u00e1lica.<\/li>\n<li>Las argollas se ubican en: espalda (una argolla D grande) y en ambas cinturas (dos argollas<br \/>\nchicas).<\/li>\n<li>La unidad cuenta con fusible\/testigo sobre tirantes, que evidencian la detenci\u00f3n de una<br \/>\nca\u00edda.<\/li>\n<li>Puntos de conexi\u00f3n; 01 dorsal para detenci\u00f3n anti ca\u00edda y 02 laterales para posicionamiento<\/li>\n<\/ul>\n","protected":false},"excerpt":{"rendered":"<p>Arn\u00e9s cuerpo completo, tres argollas met\u00e1lica, con dise\u00f1o ergon\u00f3mico desarrollado para distribuir adecuadamente los efectos de la fuerza de detenci\u00f3n y minimizar sus consecuencias sobre el usuario, ante una eventual ca\u00edda de altura.una eventual ca\u00edda de altura.<\/p>\n","protected":false},"featured_media":2124,"comment_status":"open","ping_status":"closed","template":"","meta":{"site-sidebar-layout":"default","site-content-layout":"default","ast-main-header-display":"","ast-hfb-above-header-display":"","ast-hfb-below-header-display":"","ast-hfb-mobile-header-display":"","site-post-title":"","ast-breadcrumbs-content":"","ast-featured-img":"","footer-sml-layout":"","theme-transparent-header-meta":"default","adv-header-id-meta":"","stick-header-meta":"","header-above-stick-meta":"","header-main-stick-meta":"","header-below-stick-meta":""},"product_brand":[],"product_cat":[35],"product_tag":[],"class_list":{"0":"post-1546","1":"product","2":"type-product","3":"status-publish","4":"has-post-thumbnail","6":"product_cat-proteccion-anticaidas","8":"first","9":"instock","10":"shipping-taxable","11":"product-type-simple"},"_links":{"self":[{"href":"https:\/\/eyrsecurity.com\/index.php?rest_route=\/wp\/v2\/product\/1546","targetHints":{"allow":["GET"]}}],"collection":[{"href":"https:\/\/eyrsecurity.com\/index.php?rest_route=\/wp\/v2\/product"}],"about":[{"href":"https:\/\/eyrsecurity.com\/index.php?rest_route=\/wp\/v2\/types\/product"}],"replies":[{"embeddable":true,"href":"https:\/\/eyrsecurity.com\/index.php?rest_route=%2Fwp%2Fv2%2Fcomments&post=1546"}],"wp:featuredmedia":[{"embeddable":true,"href":"https:\/\/eyrsecurity.com\/index.php?rest_route=\/wp\/v2\/media\/2124"}],"wp:attachment":[{"href":"https:\/\/eyrsecurity.com\/index.php?rest_route=%2Fwp%2Fv2%2Fmedia&parent=1546"}],"wp:term":[{"taxonomy":"product_brand","embeddable":true,"href":"https:\/\/eyrsecurity.com\/index.php?rest_route=%2Fwp%2Fv2%2Fproduct_brand&post=1546"},{"taxonomy":"product_cat","embeddable":true,"href":"https:\/\/eyrsecurity.com\/index.php?rest_route=%2Fwp%2Fv2%2Fproduct_cat&post=1546"},{"taxonomy":"product_tag","embeddable":true,"href":"https:\/\/eyrsecurity.com\/index.php?rest_route=%2Fwp%2Fv2%2Fproduct_tag&post=1546"}],"curies":[{"name":"wp","href":"https:\/\/api.w.org\/{rel}","templated":true}]}}