{"id":1543,"date":"2021-10-18T05:42:10","date_gmt":"2021-10-18T05:42:10","guid":{"rendered":"https:\/\/eyrsecurity.com\/?post_type=product&#038;p=1543"},"modified":"2021-10-22T05:14:10","modified_gmt":"2021-10-22T05:14:10","slug":"linea-de-vida-doble-segpro","status":"publish","type":"product","link":"https:\/\/eyrsecurity.com\/?product=linea-de-vida-doble-segpro","title":{"rendered":"LINEA DE VIDA DOBLE SEGPRO"},"content":{"rendered":"<p>\u2022 Material: Cinta plana de Poliester, hebillas y ganchos met\u00e1licos.<\/p>\n<p>\u2022 Ancho de Cinta: 45mm +- 1mm<\/p>\n<p>\u2022 Longitud: 1.8 metros<\/p>\n<p>\u2022 Moquetones: Hard doble cierre de 3\/4 y cabo de vida doble de 2 1\/4<\/p>\n<p>\u2022 Certificaciones y Cumplimiento de normas: CE EN 355-2002<\/p>\n<p>\u2022 Recomendaciones:<\/p>\n<p>1. Se recomienda revisar las cintas antes del uso para identificar deterioro o cortes.<br \/>\n2. Revisar el amortiguador de impacto para identificar si la linea de vida formo parte de una ca\u00edda.<\/p>\n<p>\u2022 Almacenamiento: Se recomienda almacenar en lugares que no est\u00e9n expuestos a la luz solar, mantener en su bolsa y<br \/>\nlibre de exposici\u00f3n a riesgos qu\u00edmicos, f\u00edsicos (humedad, polvo, cambios bruscos de temperatura y<br \/>\naltas o bajas temperaturas) y biol\u00f3gicos. Procure limpiar la linea de vida con una esponja h\u00fameda despu\u00e9s de cada uso. Para quitar las manchas use jab\u00f3n suave o neutro, luego lave con agua fr\u00eda y suspender para su secado.<\/p>\n<p>\u2022 Garant\u00eda: 06 meses por fallas de fabricaci\u00f3n<\/p>\n","protected":false},"excerpt":{"rendered":"<p>L\u00ednea de vida doble cuenta con tres ganchos met\u00e1licos, uno de 3\/4 para ser colocado en el anillo dorsal del arn\u00e9s y dos de 2 1\/4 para conectarse. Amortiguador de impacto para reducir de la fuerza de ca\u00edda y correas ajustables para un mayor confort.<\/p>\n<p>Se usa como complemento de un sistema de detenci\u00f3n de ca\u00eddas o limitador de posici\u00f3n en faenas de trabajos en altura donde existe riesgo de ca\u00edda libre.<\/p>\n<p>Certificado CE EN 355-2002<\/p>\n","protected":false},"featured_media":2128,"comment_status":"open","ping_status":"closed","template":"","meta":{"site-sidebar-layout":"default","site-content-layout":"default","ast-main-header-display":"","ast-hfb-above-header-display":"","ast-hfb-below-header-display":"","ast-hfb-mobile-header-display":"","site-post-title":"","ast-breadcrumbs-content":"","ast-featured-img":"","footer-sml-layout":"","theme-transparent-header-meta":"default","adv-header-id-meta":"","stick-header-meta":"","header-above-stick-meta":"","header-main-stick-meta":"","header-below-stick-meta":""},"product_brand":[],"product_cat":[35],"product_tag":[],"class_list":{"0":"post-1543","1":"product","2":"type-product","3":"status-publish","4":"has-post-thumbnail","6":"product_cat-proteccion-anticaidas","8":"first","9":"instock","10":"shipping-taxable","11":"product-type-simple"},"_links":{"self":[{"href":"https:\/\/eyrsecurity.com\/index.php?rest_route=\/wp\/v2\/product\/1543","targetHints":{"allow":["GET"]}}],"collection":[{"href":"https:\/\/eyrsecurity.com\/index.php?rest_route=\/wp\/v2\/product"}],"about":[{"href":"https:\/\/eyrsecurity.com\/index.php?rest_route=\/wp\/v2\/types\/product"}],"replies":[{"embeddable":true,"href":"https:\/\/eyrsecurity.com\/index.php?rest_route=%2Fwp%2Fv2%2Fcomments&post=1543"}],"wp:featuredmedia":[{"embeddable":true,"href":"https:\/\/eyrsecurity.com\/index.php?rest_route=\/wp\/v2\/media\/2128"}],"wp:attachment":[{"href":"https:\/\/eyrsecurity.com\/index.php?rest_route=%2Fwp%2Fv2%2Fmedia&parent=1543"}],"wp:term":[{"taxonomy":"product_brand","embeddable":true,"href":"https:\/\/eyrsecurity.com\/index.php?rest_route=%2Fwp%2Fv2%2Fproduct_brand&post=1543"},{"taxonomy":"product_cat","embeddable":true,"href":"https:\/\/eyrsecurity.com\/index.php?rest_route=%2Fwp%2Fv2%2Fproduct_cat&post=1543"},{"taxonomy":"product_tag","embeddable":true,"href":"https:\/\/eyrsecurity.com\/index.php?rest_route=%2Fwp%2Fv2%2Fproduct_tag&post=1543"}],"curies":[{"name":"wp","href":"https:\/\/api.w.org\/{rel}","templated":true}]}}