{"id":1542,"date":"2021-10-18T05:42:10","date_gmt":"2021-10-18T05:42:10","guid":{"rendered":"https:\/\/eyrsecurity.com\/?post_type=product&#038;p=1542"},"modified":"2021-10-22T05:13:34","modified_gmt":"2021-10-22T05:13:34","slug":"arnes-de-3-anillos-segpro","status":"publish","type":"product","link":"https:\/\/eyrsecurity.com\/?product=arnes-de-3-anillos-segpro","title":{"rendered":"ARN\u00c9S DE 3 ANILLOS SEGPRO"},"content":{"rendered":"<p>\u2022 Material: Cinta plana de poliester, hebillas y argollas met\u00e1licas.<\/p>\n<p>\u2022 Ancho de cinta: 45mm +- 1mm<\/p>\n<p>\u2022 N\u00famero de Anillos: 3 anillos (1 dorsal detenci\u00f3n de ca\u00eddas y 2 en cintura trabajos posicionamiento)<\/p>\n<p>\u2022 Color: Amarillo y negro<\/p>\n<p>\u2022 Certificaciones y Cumplimiento de normas: ANSI Z359.11 \u2013 2014<\/p>\n<p>\u2022 Recomendaciones:<\/p>\n<p>1. Se recomienda revisar las cintas del arn\u00e9s antes del uso para identificar deterioro o cortes.<br \/>\n2. Revisar el indicador de impacto para identificar si el arn\u00e9s ya fue formo parte de una ca\u00edda.<\/p>\n<p>\u2022 Almacenamiento: Se recomienda almacenar en lugares que no est\u00e9n expuestos a la luz solar, mantener en su bolsa y<br \/>\nlibre de exposici\u00f3n a riesgos qu\u00edmicos, f\u00edsicos (humedad, polvo, cambios bruscos de temperatura y<br \/>\naltas o bajas temperaturas) y biol\u00f3gicos. Procure limpiar el arn\u00e9s con una esponja h\u00fameda despu\u00e9s de cada uso. Para quitar las manchas use jab\u00f3n suave o neutro, luego lave con agua fr\u00eda y suspender para su secado.<\/p>\n<p>\u2022 Garant\u00eda: 06 meses por fallas de fabricaci\u00f3n.<\/p>\n","protected":false},"excerpt":{"rendered":"<p>Arn\u00e9s de cuerpo completo, cuenta con tres argollas met\u00e1licas: una en espalda para riesgos de ca\u00edda y dos en la cintura para trabajos de posicionamiento y correas ajustables para un mayor confort.<\/p>\n<p>Dise\u00f1o ergon\u00f3mico con correas regulables en pecho y piernas.<\/p>\n<p>Certificado ANSI Z359.11 \u2013 2014<\/p>\n","protected":false},"featured_media":2126,"comment_status":"open","ping_status":"closed","template":"","meta":{"site-sidebar-layout":"default","site-content-layout":"default","ast-main-header-display":"","ast-hfb-above-header-display":"","ast-hfb-below-header-display":"","ast-hfb-mobile-header-display":"","site-post-title":"","ast-breadcrumbs-content":"","ast-featured-img":"","footer-sml-layout":"","theme-transparent-header-meta":"default","adv-header-id-meta":"","stick-header-meta":"","header-above-stick-meta":"","header-main-stick-meta":"","header-below-stick-meta":""},"product_brand":[],"product_cat":[35],"product_tag":[],"class_list":{"0":"post-1542","1":"product","2":"type-product","3":"status-publish","4":"has-post-thumbnail","6":"product_cat-proteccion-anticaidas","8":"first","9":"instock","10":"shipping-taxable","11":"product-type-simple"},"_links":{"self":[{"href":"https:\/\/eyrsecurity.com\/index.php?rest_route=\/wp\/v2\/product\/1542","targetHints":{"allow":["GET"]}}],"collection":[{"href":"https:\/\/eyrsecurity.com\/index.php?rest_route=\/wp\/v2\/product"}],"about":[{"href":"https:\/\/eyrsecurity.com\/index.php?rest_route=\/wp\/v2\/types\/product"}],"replies":[{"embeddable":true,"href":"https:\/\/eyrsecurity.com\/index.php?rest_route=%2Fwp%2Fv2%2Fcomments&post=1542"}],"wp:featuredmedia":[{"embeddable":true,"href":"https:\/\/eyrsecurity.com\/index.php?rest_route=\/wp\/v2\/media\/2126"}],"wp:attachment":[{"href":"https:\/\/eyrsecurity.com\/index.php?rest_route=%2Fwp%2Fv2%2Fmedia&parent=1542"}],"wp:term":[{"taxonomy":"product_brand","embeddable":true,"href":"https:\/\/eyrsecurity.com\/index.php?rest_route=%2Fwp%2Fv2%2Fproduct_brand&post=1542"},{"taxonomy":"product_cat","embeddable":true,"href":"https:\/\/eyrsecurity.com\/index.php?rest_route=%2Fwp%2Fv2%2Fproduct_cat&post=1542"},{"taxonomy":"product_tag","embeddable":true,"href":"https:\/\/eyrsecurity.com\/index.php?rest_route=%2Fwp%2Fv2%2Fproduct_tag&post=1542"}],"curies":[{"name":"wp","href":"https:\/\/api.w.org\/{rel}","templated":true}]}}