{"id":1533,"date":"2021-10-18T05:42:10","date_gmt":"2021-10-18T05:42:10","guid":{"rendered":"https:\/\/eyrsecurity.com\/?post_type=product&#038;p=1533"},"modified":"2022-01-21T04:26:26","modified_gmt":"2022-01-21T04:26:26","slug":"anteojo-komet-xpv-clute","status":"publish","type":"product","link":"https:\/\/eyrsecurity.com\/?product=anteojo-komet-xpv-clute","title":{"rendered":"ANTEOJO KOMET XPV CLUTE"},"content":{"rendered":"<h4>Caracter\u00edsticas<\/h4>\n<p>Marco: Policarbonato color negro.<br \/>\nLente: Malla de acero.<br \/>\nPatillas: Policarbonato color negro.<br \/>\nPuente nasal: integrado al marco.<br \/>\nPresentaci\u00f3n: Bolsa de polietileno.<br \/>\nMalla: N\u00famero 20 (Abertura en pulgadas).<br \/>\nPeso: 44 gr.<\/p>\n","protected":false},"excerpt":{"rendered":"<p>Los anteojos de seguridad Komet XPV son una alternativa econ\u00f3mica y revolucionaria en dise\u00f1o que combina el marco de policarbonato con un lente de malla de acero, el cual protege con eficacia los ojos de astillas, escombros de madera, malezas y funciona \u00f3ptimamente ante part\u00edculas l\u00edquidas presentes en la niebla.<\/p>\n<p>Este anteojo es ideal para trabajos en condiciones de transpiraci\u00f3n excesiva. Dise\u00f1o patentado, puede ser utilizado sobre lentes de prescripci\u00f3n.<br \/>\nLa estructura extra grande del marco moldeado es de material de policarbonato, debe cubrir el rostro del trabajador para brindar una mayor protecci\u00f3n en la parte superior y lados. Y poder usarlos c\u00f3modamente durante horas.<br \/>\nLente de malla de acero resistente a la corrosi\u00f3n de curva base 4, ofrece una excelente visibilidad en el trabajo sin la posibilidad de empa\u00f1amiento. Adem\u00e1s permite una mayor circulaci\u00f3n de aire para un ambiente m\u00e1s fresco de trabajo.<\/p>\n","protected":false},"featured_media":2719,"comment_status":"open","ping_status":"closed","template":"","meta":{"site-sidebar-layout":"default","site-content-layout":"default","ast-main-header-display":"","ast-hfb-above-header-display":"","ast-hfb-below-header-display":"","ast-hfb-mobile-header-display":"","site-post-title":"","ast-breadcrumbs-content":"","ast-featured-img":"","footer-sml-layout":"","theme-transparent-header-meta":"default","adv-header-id-meta":"","stick-header-meta":"","header-above-stick-meta":"","header-main-stick-meta":"","header-below-stick-meta":""},"product_brand":[],"product_cat":[23],"product_tag":[],"class_list":{"0":"post-1533","1":"product","2":"type-product","3":"status-publish","4":"has-post-thumbnail","6":"product_cat-proteccion-visual-y-facial","8":"first","9":"instock","10":"shipping-taxable","11":"product-type-simple"},"_links":{"self":[{"href":"https:\/\/eyrsecurity.com\/index.php?rest_route=\/wp\/v2\/product\/1533","targetHints":{"allow":["GET"]}}],"collection":[{"href":"https:\/\/eyrsecurity.com\/index.php?rest_route=\/wp\/v2\/product"}],"about":[{"href":"https:\/\/eyrsecurity.com\/index.php?rest_route=\/wp\/v2\/types\/product"}],"replies":[{"embeddable":true,"href":"https:\/\/eyrsecurity.com\/index.php?rest_route=%2Fwp%2Fv2%2Fcomments&post=1533"}],"wp:featuredmedia":[{"embeddable":true,"href":"https:\/\/eyrsecurity.com\/index.php?rest_route=\/wp\/v2\/media\/2719"}],"wp:attachment":[{"href":"https:\/\/eyrsecurity.com\/index.php?rest_route=%2Fwp%2Fv2%2Fmedia&parent=1533"}],"wp:term":[{"taxonomy":"product_brand","embeddable":true,"href":"https:\/\/eyrsecurity.com\/index.php?rest_route=%2Fwp%2Fv2%2Fproduct_brand&post=1533"},{"taxonomy":"product_cat","embeddable":true,"href":"https:\/\/eyrsecurity.com\/index.php?rest_route=%2Fwp%2Fv2%2Fproduct_cat&post=1533"},{"taxonomy":"product_tag","embeddable":true,"href":"https:\/\/eyrsecurity.com\/index.php?rest_route=%2Fwp%2Fv2%2Fproduct_tag&post=1533"}],"curies":[{"name":"wp","href":"https:\/\/api.w.org\/{rel}","templated":true}]}}