{"id":1532,"date":"2021-10-18T05:42:10","date_gmt":"2021-10-18T05:42:10","guid":{"rendered":"https:\/\/eyrsecurity.com\/?post_type=product&#038;p=1532"},"modified":"2022-01-21T04:25:51","modified_gmt":"2022-01-21T04:25:51","slug":"anteojo-raptor-af-c-cordon-clute","status":"publish","type":"product","link":"https:\/\/eyrsecurity.com\/?product=anteojo-raptor-af-c-cordon-clute","title":{"rendered":"ANTEOJO RAPTOR AF C\/CORDON CLUTE"},"content":{"rendered":"<p>\u2022 Marco termoplastico de PPE<br \/>\n\u2022 Protecci\u00f3n UV al 99%<br \/>\n\u2022 Tratamiento anti rayadura<br \/>\n\u2022 Tratamiento anti empa\u00f1amiento<br \/>\n\u2022 Certificaci\u00f3n ANSI Z87.1<\/p>\n","protected":false},"excerpt":{"rendered":"<p>El anteojo google modelo RAPTOR de CLUTE, suministra comodidad, estilo y protecci\u00f3n. Su innovador dise\u00f1o de vanguardia permite un buen campo visual e impide el ingreso de peque\u00f1as part\u00edculas y agentes nocivos a la cavidad ocular.<br \/>\nAdem\u00e1s de ofrecer un excelente comportamiento tanto en actividades deportivas (airsoft,\u00a0paintball, ciclismo, motociclismo, etc.), t\u00e1cticas militares como en forma productiva.<\/p>\n","protected":false},"featured_media":2746,"comment_status":"open","ping_status":"closed","template":"","meta":{"site-sidebar-layout":"default","site-content-layout":"default","ast-main-header-display":"","ast-hfb-above-header-display":"","ast-hfb-below-header-display":"","ast-hfb-mobile-header-display":"","site-post-title":"","ast-breadcrumbs-content":"","ast-featured-img":"","footer-sml-layout":"","theme-transparent-header-meta":"default","adv-header-id-meta":"","stick-header-meta":"","header-above-stick-meta":"","header-main-stick-meta":"","header-below-stick-meta":""},"product_brand":[],"product_cat":[23],"product_tag":[],"class_list":{"0":"post-1532","1":"product","2":"type-product","3":"status-publish","4":"has-post-thumbnail","6":"product_cat-proteccion-visual-y-facial","8":"first","9":"instock","10":"shipping-taxable","11":"product-type-simple"},"_links":{"self":[{"href":"https:\/\/eyrsecurity.com\/index.php?rest_route=\/wp\/v2\/product\/1532","targetHints":{"allow":["GET"]}}],"collection":[{"href":"https:\/\/eyrsecurity.com\/index.php?rest_route=\/wp\/v2\/product"}],"about":[{"href":"https:\/\/eyrsecurity.com\/index.php?rest_route=\/wp\/v2\/types\/product"}],"replies":[{"embeddable":true,"href":"https:\/\/eyrsecurity.com\/index.php?rest_route=%2Fwp%2Fv2%2Fcomments&post=1532"}],"wp:featuredmedia":[{"embeddable":true,"href":"https:\/\/eyrsecurity.com\/index.php?rest_route=\/wp\/v2\/media\/2746"}],"wp:attachment":[{"href":"https:\/\/eyrsecurity.com\/index.php?rest_route=%2Fwp%2Fv2%2Fmedia&parent=1532"}],"wp:term":[{"taxonomy":"product_brand","embeddable":true,"href":"https:\/\/eyrsecurity.com\/index.php?rest_route=%2Fwp%2Fv2%2Fproduct_brand&post=1532"},{"taxonomy":"product_cat","embeddable":true,"href":"https:\/\/eyrsecurity.com\/index.php?rest_route=%2Fwp%2Fv2%2Fproduct_cat&post=1532"},{"taxonomy":"product_tag","embeddable":true,"href":"https:\/\/eyrsecurity.com\/index.php?rest_route=%2Fwp%2Fv2%2Fproduct_tag&post=1532"}],"curies":[{"name":"wp","href":"https:\/\/api.w.org\/{rel}","templated":true}]}}